{"id":2498,"date":"2023-04-18T13:17:20","date_gmt":"2023-04-18T13:17:20","guid":{"rendered":"https:\/\/penguincoldcaps.com\/privacidad\/"},"modified":"2023-10-12T15:21:52","modified_gmt":"2023-10-12T15:21:52","slug":"privacidad","status":"publish","type":"page","link":"https:\/\/penguincoldcaps.com\/es\/privacidad\/","title":{"rendered":"Privacidad"},"content":{"rendered":"\n<section class=\"d-flex align-items-center justify-content-center flex-column bg-img \n    bg-white     mb-4\" id=\"page-banner\" style=\"background-image: url(https:\/\/penguincoldcaps.com\/wp-content\/uploads\/2023\/04\/contact-us.jpg);\"\n>\n\n        <div class=\"higher-index text-center\">\n        \n            <img decoding=\"async\" src=\"https:\/\/penguincoldcaps.com\/wp-content\/uploads\/2023\/02\/banner-logo.png\" width=\"240\" height=\"54\" alt=\"Penguin Cold Caps\" class=\"img-fluid mb-2 mb-lg-4\" loading=\"lazy\" \/>\n\n                        <h1 class=\"text-primary fs-2 mb-0\">Pol\u00edtica de privacidad y cookies<\/h1>\n\n                    <\/div>\n<\/section>\n<section id=\"block_66945506b50b2725e639d18f8a5d9c88\" \n    class=\"py-2 py-md-4 \n    bg-\">\n    <div class=\"container\">\n        <div class=\"row\">\n            <div class=\"col-12 headings-primary\">\n                <p>Esta pol\u00edtica de privacidad establece c\u00f3mo Medical Specialities of California UK Ltd utiliza y protege cualquier informaci\u00f3n que usted proporciona a Medical Specailties of California UK Ltd al utilizar este sitio web.<\/p>\n<p>Medical Specialities of California UK Ltd se compromete a garantizar la protecci\u00f3n de su privacidad. En caso de que le pidamos que facilite determinada informaci\u00f3n que permita identificarle al utilizar este sitio web, podr\u00e1 estar seguro que s\u00f3lo se utilizar\u00e1 de acuerdo con esta declaraci\u00f3n de privacidad.<\/p>\n<p>Medical Specialities of California UK Ltd podr\u00e1 cambiar su pol\u00edtica de manera regular, junto con la actualizaci\u00f3n de esta p\u00e1gina, misma que deber\u00e1 consultar peri\u00f3dicamente para asegurarse que est\u00e9 conforme con cualquier modificaci\u00f3n. Esta pol\u00edtica entra en vigor el 10 de agosto de 2012.<br \/>\n&nbsp;<\/p>\n<h5>Qu\u00e9 recopilamos<\/h5>\n<p>Podemos recopilar la siguiente informaci\u00f3n:<\/p>\n<ul>\n<li>nombre y ocupaci\u00f3n<\/li>\n<li>informaci\u00f3n de contacto, incluyendo la direcci\u00f3n de correo electr\u00f3nico<\/li>\n<li>informaci\u00f3n demogr\u00e1fica como c\u00f3digo postal, preferencias e intereses<\/li>\n<li>otros datos pertinentes para encuestas u ofertas a los clientes<\/li>\n<\/ul>\n<p>&nbsp;<\/p>\n<h5>Qu\u00e9 hacemos con la informaci\u00f3n que recopilamos<\/h5>\n<p>Necesitamos esta informaci\u00f3n para comprender sus necesidades, ofrecerle un mejor servicio, y en particular por las siguientes razones:<\/p>\n<ul>\n<li>Mantenimiento de registros internos.<\/li>\n<li>Podemos utilizar la informaci\u00f3n para mejorar nuestros productos y servicios.<\/li>\n<li>Podemos agregar datos con fines estad\u00edsticos, pero sin comprometer la identidad del cliente.<\/li>\n<li>Es posible que le enviemos peri\u00f3dicamente correos electr\u00f3nicos promocionales sobre nuevos productos, ofertas especiales u otra informaci\u00f3n que consideremos de su inter\u00e9s a trav\u00e9s de la direcci\u00f3n de correo electr\u00f3nico que nos haya facilitado.<\/li>\n<li>Peri\u00f3dicamente, tambi\u00e9n podemos utilizar su informaci\u00f3n para ponernos en contacto con usted con fines de investigaci\u00f3n de mercado. Podemos ponernos en contacto con usted por correo electr\u00f3nico, tel\u00e9fono, fax o correo postal. Podemos utilizar la informaci\u00f3n para personalizar el sitio web de acuerdo con sus intereses.<\/li>\n<\/ul>\n<p>&nbsp;<\/p>\n<h5>Seguridad<\/h5>\n<p>Nos comprometemos a garantizar la seguridad de su informaci\u00f3n. Para evitar el acceso o la divulgaci\u00f3n no autorizados, hemos establecido procedimientos f\u00edsicos, electr\u00f3nicos y de gesti\u00f3n adecuados para salvaguardar y proteger la informaci\u00f3n que recopilamos en l\u00ednea.<br \/>\n&nbsp;<\/p>\n<h5>C\u00f3mo utilizamos las cookies<\/h5>\n<p>Una cookie es un peque\u00f1o archivo que pide permiso para almacenarse en el disco duro de su ordenador. Una vez que acepta, el archivo se a\u00f1ade y la cookie ayuda a analizar el tr\u00e1fico web o permite saber cu\u00e1ndo visita un sitio en concreto. Las cookies permiten a las aplicaciones web responderle como individuo. La aplicaci\u00f3n web puede adaptar sus operaciones a sus necesidades, lo que le gusta o no le gusta, recopilando y recordando informaci\u00f3n sobre sus preferencias. Utilizamos cookies de registro de tr\u00e1fico para identificar qu\u00e9 p\u00e1ginas se est\u00e1n utilizando. Lo que nos ayuda a analizar datos sobre el tr\u00e1fico de la p\u00e1gina web y a mejorar nuestro sitio web para adaptarlo a las necesidades de los clientes. S\u00f3lo utilizamos esta informaci\u00f3n con fines de an\u00e1lisis estad\u00edstico.<\/p>\n<p>En general, las cookies nos ayudan a ofrecerle un sitio web mejor, ya que nos permiten controlar qu\u00e9 p\u00e1ginas le resultan \u00fatiles y cu\u00e1les no. Una cookie no nos da acceso a su ordenador ni a ninguna informaci\u00f3n sobre usted, salvo los datos que usted decida compartir con nosotros.<\/p>\n<p>Puede optar por aceptar o rechazar las cookies. La mayor\u00eda de los navegadores aceptan autom\u00e1ticamente las cookies, pero por lo general, puede modificar la configuraci\u00f3n de su navegador para rechazarlas si lo prefiere. Dicha acci\u00f3n puede impedirle aprovechar plenamente el sitio web.<br \/>\n&nbsp;<\/p>\n<h5>Enlaces a otros sitios web<\/h5>\n<p>Nuestro sitio web puede contener enlaces a otros sitios web de inter\u00e9s. Sin embargo, una vez que haya utilizado estos enlaces para salir de nuestro sitio, deber\u00e1 tener en cuenta que no tenemos ning\u00fan control sobre los mismos. Por consiguiente, no podemos responsabilizarnos de la protecci\u00f3n y privacidad de la informaci\u00f3n que proporcione al visitar dichos sitios, que no se rigen por la presente declaraci\u00f3n de privacidad. Debe tener cuidado y consultar la declaraci\u00f3n de privacidad aplicable al sitio web en cuesti\u00f3n. Control de sus datos personales:<\/p>\n<p>Puede optar por restringir la recopilaci\u00f3n o el uso de su informaci\u00f3n personal de las siguientes maneras:<\/p>\n<ul>\n<li>Siempre que se le pida que rellene un formulario en el sitio web, busque la casilla en la que puede hacer clic para indicar que no desea que nadie utilice la informaci\u00f3n con fines de venta directa.<\/li>\n<\/ul>\n<p>No venderemos, distribuiremos ni cederemos su informaci\u00f3n personal a terceros a menos que contemos con su permiso o nos veamos obligados por ley. Podemos utilizar sus datos personales para enviarle informaci\u00f3n promocional sobre terceros que consideremos que puede resultarle interesante si nos indica que as\u00ed lo desea.<\/p>\n<p>Puede solicitar detalles de la informaci\u00f3n personal que tenemos sobre usted en virtud de la Ley de Protecci\u00f3n de Datos de 1998. Habr\u00e1 que pagar una peque\u00f1a tarifa. Si desea una copia de la informaci\u00f3n que tenemos sobre usted, env\u00ede un correo electr\u00f3nico a: <a href=\"mailto:support@penguincoldcaps.com\">support@penguincoldcaps.com<\/a> Si cree que alguna informaci\u00f3n que tenemos sobre usted es incorrecta o est\u00e1 incompleta, escr\u00edbanos o env\u00edenos un correo electr\u00f3nico lo antes posible a la direcci\u00f3n arriba indicada. Corregiremos r\u00e1pidamente cualquier informaci\u00f3n que resulte incorrecta.<br \/>\n&nbsp;<\/p>\n<h5>Control de sus datos personales<\/h5>\n<p>Puede optar por restringir la recopilaci\u00f3n o el uso de su informaci\u00f3n personal de las siguientes maneras:<\/p>\n<ul>\n<li>Siempre que se le pida que rellene un formulario en el sitio web, busque la casilla en la que puede hacer clic para indicar que no desea que nadie utilice la informaci\u00f3n con fines de venta directa.<\/li>\n<li>Si ha aceptado previamente que utilicemos sus datos personales con fines de marketing directo, puede cambiar de opini\u00f3n en cualquier momento escribi\u00e9ndonos o envi\u00e1ndonos un correo electr\u00f3nico a <a href=\"mailto:accounts@penguincoldcaps.com\">accounts@penguincoldcaps.com<\/a>.<\/li>\n<li>No venderemos, distribuiremos ni cederemos su informaci\u00f3n personal a terceros a menos que contemos con su permiso o nos veamos obligados por ley. Podemos utilizar sus datos personales para enviarle informaci\u00f3n promocional sobre terceros que consideremos que puede resultarle interesante si nos indica que as\u00ed lo desea.<\/li>\n<li>Puede solicitar detalles de la informaci\u00f3n personal que tenemos sobre usted en virtud de la Ley de Protecci\u00f3n de Datos de 1998. Habr\u00e1 que pagar una peque\u00f1a tarifa. Si desea una copia de la informaci\u00f3n que tenemos sobre usted, env\u00ede un correo electr\u00f3nico a: <a href=\"mailto:support@penguincoldcaps.com\">support@penguincoldcaps.com<\/a> Si cree que alguna informaci\u00f3n que tenemos sobre usted es incorrecta o est\u00e1 incompleta, escr\u00edbanos o env\u00edenos un correo electr\u00f3nico lo antes posible a la direcci\u00f3n anterior. Corregiremos r\u00e1pidamente cualquier informaci\u00f3n que resulte incorrecta.<\/li>\n<\/ul>\n            <\/div>\n        <\/div>\n    <\/div>\n<\/section>\n\n","protected":false},"excerpt":{"rendered":"","protected":false},"author":1,"featured_media":0,"parent":0,"menu_order":0,"comment_status":"closed","ping_status":"closed","template":"","meta":{"_acf_changed":false,"inline_featured_image":false,"footnotes":""},"class_list":["post-2498","page","type-page","status-publish","hentry"],"acf":[],"yoast_head":"<!-- This site is optimized with the Yoast SEO plugin v27.4 - https:\/\/yoast.com\/product\/yoast-seo-wordpress\/ -->\n<title>Privacidad - Penguin Cold Caps<\/title>\n<meta name=\"robots\" content=\"index, follow, max-snippet:-1, max-image-preview:large, max-video-preview:-1\" \/>\n<link rel=\"canonical\" href=\"https:\/\/penguincoldcaps.com\/es\/privacidad\/\" \/>\n<meta property=\"og:locale\" content=\"es_ES\" \/>\n<meta property=\"og:type\" content=\"article\" \/>\n<meta property=\"og:title\" content=\"Privacidad - Penguin Cold Caps\" \/>\n<meta property=\"og:url\" content=\"https:\/\/penguincoldcaps.com\/es\/privacidad\/\" \/>\n<meta property=\"og:site_name\" content=\"Penguin Cold Caps\" \/>\n<meta property=\"article:publisher\" content=\"https:\/\/www.facebook.com\/penguincoldcaps\/\" \/>\n<meta property=\"article:modified_time\" content=\"2023-10-12T15:21:52+00:00\" \/>\n<meta name=\"twitter:card\" content=\"summary_large_image\" \/>\n<meta name=\"twitter:site\" content=\"@penguincoldcaps\" \/>\n<script type=\"application\/ld+json\" class=\"yoast-schema-graph\">{\"@context\":\"https:\\\/\\\/schema.org\",\"@graph\":[{\"@type\":\"WebPage\",\"@id\":\"https:\\\/\\\/penguincoldcaps.com\\\/es\\\/privacidad\\\/\",\"url\":\"https:\\\/\\\/penguincoldcaps.com\\\/es\\\/privacidad\\\/\",\"name\":\"Privacidad - Penguin Cold Caps\",\"isPartOf\":{\"@id\":\"https:\\\/\\\/penguincoldcaps.com\\\/es\\\/#website\"},\"datePublished\":\"2023-04-18T13:17:20+00:00\",\"dateModified\":\"2023-10-12T15:21:52+00:00\",\"breadcrumb\":{\"@id\":\"https:\\\/\\\/penguincoldcaps.com\\\/es\\\/privacidad\\\/#breadcrumb\"},\"inLanguage\":\"es\",\"potentialAction\":[{\"@type\":\"ReadAction\",\"target\":[\"https:\\\/\\\/penguincoldcaps.com\\\/es\\\/privacidad\\\/\"]}]},{\"@type\":\"BreadcrumbList\",\"@id\":\"https:\\\/\\\/penguincoldcaps.com\\\/es\\\/privacidad\\\/#breadcrumb\",\"itemListElement\":[{\"@type\":\"ListItem\",\"position\":1,\"name\":\"Home\",\"item\":\"https:\\\/\\\/penguincoldcaps.com\\\/es\\\/\"},{\"@type\":\"ListItem\",\"position\":2,\"name\":\"Privacidad\"}]},{\"@type\":\"WebSite\",\"@id\":\"https:\\\/\\\/penguincoldcaps.com\\\/es\\\/#website\",\"url\":\"https:\\\/\\\/penguincoldcaps.com\\\/es\\\/\",\"name\":\"Penguin Cold Caps\",\"description\":\"\",\"publisher\":{\"@id\":\"https:\\\/\\\/penguincoldcaps.com\\\/es\\\/#organization\"},\"potentialAction\":[{\"@type\":\"SearchAction\",\"target\":{\"@type\":\"EntryPoint\",\"urlTemplate\":\"https:\\\/\\\/penguincoldcaps.com\\\/es\\\/?s={search_term_string}\"},\"query-input\":{\"@type\":\"PropertyValueSpecification\",\"valueRequired\":true,\"valueName\":\"search_term_string\"}}],\"inLanguage\":\"es\"},{\"@type\":\"Organization\",\"@id\":\"https:\\\/\\\/penguincoldcaps.com\\\/es\\\/#organization\",\"name\":\"Penguin Cold Caps\",\"url\":\"https:\\\/\\\/penguincoldcaps.com\\\/es\\\/\",\"logo\":{\"@type\":\"ImageObject\",\"inLanguage\":\"es\",\"@id\":\"https:\\\/\\\/penguincoldcaps.com\\\/es\\\/#\\\/schema\\\/logo\\\/image\\\/\",\"url\":\"https:\\\/\\\/penguincoldcaps.com\\\/wp-content\\\/uploads\\\/2023\\\/08\\\/Penguin-logo-2022-v2-transparent-background-.png\",\"contentUrl\":\"https:\\\/\\\/penguincoldcaps.com\\\/wp-content\\\/uploads\\\/2023\\\/08\\\/Penguin-logo-2022-v2-transparent-background-.png\",\"width\":898,\"height\":174,\"caption\":\"Penguin Cold Caps\"},\"image\":{\"@id\":\"https:\\\/\\\/penguincoldcaps.com\\\/es\\\/#\\\/schema\\\/logo\\\/image\\\/\"},\"sameAs\":[\"https:\\\/\\\/www.facebook.com\\\/penguincoldcaps\\\/\",\"https:\\\/\\\/x.com\\\/penguincoldcaps\",\"https:\\\/\\\/www.instagram.com\\\/penguincoldcapsglobal\\\/\"]}]}<\/script>\n<!-- \/ Yoast SEO plugin. -->","yoast_head_json":{"title":"Privacidad - Penguin Cold Caps","robots":{"index":"index","follow":"follow","max-snippet":"max-snippet:-1","max-image-preview":"max-image-preview:large","max-video-preview":"max-video-preview:-1"},"canonical":"https:\/\/penguincoldcaps.com\/es\/privacidad\/","og_locale":"es_ES","og_type":"article","og_title":"Privacidad - Penguin Cold Caps","og_url":"https:\/\/penguincoldcaps.com\/es\/privacidad\/","og_site_name":"Penguin Cold Caps","article_publisher":"https:\/\/www.facebook.com\/penguincoldcaps\/","article_modified_time":"2023-10-12T15:21:52+00:00","twitter_card":"summary_large_image","twitter_site":"@penguincoldcaps","schema":{"@context":"https:\/\/schema.org","@graph":[{"@type":"WebPage","@id":"https:\/\/penguincoldcaps.com\/es\/privacidad\/","url":"https:\/\/penguincoldcaps.com\/es\/privacidad\/","name":"Privacidad - Penguin Cold Caps","isPartOf":{"@id":"https:\/\/penguincoldcaps.com\/es\/#website"},"datePublished":"2023-04-18T13:17:20+00:00","dateModified":"2023-10-12T15:21:52+00:00","breadcrumb":{"@id":"https:\/\/penguincoldcaps.com\/es\/privacidad\/#breadcrumb"},"inLanguage":"es","potentialAction":[{"@type":"ReadAction","target":["https:\/\/penguincoldcaps.com\/es\/privacidad\/"]}]},{"@type":"BreadcrumbList","@id":"https:\/\/penguincoldcaps.com\/es\/privacidad\/#breadcrumb","itemListElement":[{"@type":"ListItem","position":1,"name":"Home","item":"https:\/\/penguincoldcaps.com\/es\/"},{"@type":"ListItem","position":2,"name":"Privacidad"}]},{"@type":"WebSite","@id":"https:\/\/penguincoldcaps.com\/es\/#website","url":"https:\/\/penguincoldcaps.com\/es\/","name":"Penguin Cold Caps","description":"","publisher":{"@id":"https:\/\/penguincoldcaps.com\/es\/#organization"},"potentialAction":[{"@type":"SearchAction","target":{"@type":"EntryPoint","urlTemplate":"https:\/\/penguincoldcaps.com\/es\/?s={search_term_string}"},"query-input":{"@type":"PropertyValueSpecification","valueRequired":true,"valueName":"search_term_string"}}],"inLanguage":"es"},{"@type":"Organization","@id":"https:\/\/penguincoldcaps.com\/es\/#organization","name":"Penguin Cold Caps","url":"https:\/\/penguincoldcaps.com\/es\/","logo":{"@type":"ImageObject","inLanguage":"es","@id":"https:\/\/penguincoldcaps.com\/es\/#\/schema\/logo\/image\/","url":"https:\/\/penguincoldcaps.com\/wp-content\/uploads\/2023\/08\/Penguin-logo-2022-v2-transparent-background-.png","contentUrl":"https:\/\/penguincoldcaps.com\/wp-content\/uploads\/2023\/08\/Penguin-logo-2022-v2-transparent-background-.png","width":898,"height":174,"caption":"Penguin Cold Caps"},"image":{"@id":"https:\/\/penguincoldcaps.com\/es\/#\/schema\/logo\/image\/"},"sameAs":["https:\/\/www.facebook.com\/penguincoldcaps\/","https:\/\/x.com\/penguincoldcaps","https:\/\/www.instagram.com\/penguincoldcapsglobal\/"]}]}},"_links":{"self":[{"href":"https:\/\/penguincoldcaps.com\/es\/wp-json\/wp\/v2\/pages\/2498","targetHints":{"allow":["GET"]}}],"collection":[{"href":"https:\/\/penguincoldcaps.com\/es\/wp-json\/wp\/v2\/pages"}],"about":[{"href":"https:\/\/penguincoldcaps.com\/es\/wp-json\/wp\/v2\/types\/page"}],"author":[{"embeddable":true,"href":"https:\/\/penguincoldcaps.com\/es\/wp-json\/wp\/v2\/users\/1"}],"replies":[{"embeddable":true,"href":"https:\/\/penguincoldcaps.com\/es\/wp-json\/wp\/v2\/comments?post=2498"}],"version-history":[{"count":0,"href":"https:\/\/penguincoldcaps.com\/es\/wp-json\/wp\/v2\/pages\/2498\/revisions"}],"wp:attachment":[{"href":"https:\/\/penguincoldcaps.com\/es\/wp-json\/wp\/v2\/media?parent=2498"}],"curies":[{"name":"wp","href":"https:\/\/api.w.org\/{rel}","templated":true}]}}