{"id":2505,"date":"2023-03-02T11:22:07","date_gmt":"2023-03-02T11:22:07","guid":{"rendered":"https:\/\/penguincoldcaps.com\/que-esperar-del-dia\/"},"modified":"2025-06-16T09:45:39","modified_gmt":"2025-06-16T09:45:39","slug":"que-esperar-del-dia","status":"publish","type":"page","link":"https:\/\/penguincoldcaps.com\/es\/que-esperar-del-dia\/","title":{"rendered":"Qu\u00e9 esperar el primer d\u00eda del tratamiento"},"content":{"rendered":"\n<section class=\"d-flex align-items-center justify-content-center flex-column \n    bg-white     pt-4\" id=\"\" style=\"\"\n>\n\n        <div class=\"higher-index text-center\">\n        \n            <img decoding=\"async\" src=\"https:\/\/penguincoldcaps.com\/wp-content\/uploads\/2023\/02\/banner-logo.png\" width=\"240\" height=\"54\" alt=\"Penguin Cold Caps\" class=\"img-fluid mb-2 mb-lg-4\" loading=\"lazy\" \/>\n\n                        <h1 class=\"text-primary fs-2 mb-0\">Qu\u00e9 esperar el primer d\u00eda del tratamiento<\/h1>\n\n                                <p class=\"fw-bold mt-2 mt-lg-3\">Para la mayor\u00eda de los pacientes, su primera sesi\u00f3n de quimioterapia es una perspectiva desalentadora, pero recuerde que su representante de Penguin est\u00e1 a su disposici\u00f3n para que llegue totalmente preparado. <\/p>\n                    <\/div>\n<\/section>\n\n\n<section id=\"block_aebd96e7f55f8bc56ca2c6d821971446\" \n    class=\"py-2 py-md-4\"\n>\n    <div class=\"container\">\n    \n        <div class=\"row m-0 justify-content-center flex-row-reverse flex-md-nowrap\">\n        \n            <div class=\"col-md-6 \">\n                <img loading=\"lazy\" decoding=\"async\" width=\"960\" height=\"640\" src=\"https:\/\/penguincoldcaps.com\/wp-content\/uploads\/2023\/02\/cold-capping-treatment.jpg\" class=\"img-fluid\" alt=\"\" srcset=\"https:\/\/penguincoldcaps.com\/wp-content\/uploads\/2023\/02\/cold-capping-treatment.jpg 960w, https:\/\/penguincoldcaps.com\/wp-content\/uploads\/2023\/02\/cold-capping-treatment-300x200.jpg 300w, https:\/\/penguincoldcaps.com\/wp-content\/uploads\/2023\/02\/cold-capping-treatment-768x512.jpg 768w\" sizes=\"auto, (max-width: 960px) 100vw, 960px\" \/> \n            <\/div>            \n            \n            <div class=\"col-md-6 d-flex pt-3 pt-md-0 bg-white \">\n        \n                <article class=\"mw-560 headings-primary\">\n                \n                    <h2>Antes de llegar<\/h2>\n<p><strong>Enfriar los gorros <\/strong><\/p>\n<p>Si utiliza hielo seco para enfriar los gorros, deber\u00e1 colocarlos en la hielera port\u00e1til Penguin con antelaci\u00f3n. Pero su representante de Penguin le dir\u00e1 exactamente c\u00f3mo y cu\u00e1ndo tiene que hacerlo.<\/p>\n<p>Si va a utilizar los congeladores biom\u00e9dicos de la cl\u00ednica para enfriar los gorros, tendr\u00e1 que organizar su traslado al centro 48 horas antes de la sesi\u00f3n para asegurarse de que tienen tiempo suficiente para enfriarse.<\/p>\n<p>Si ha contratado a un asistente profesional, entonces \u00e9l mismo se encargar\u00e1.<\/p>\n<div class=\"d-flex\">\n            <a\n                class=\"btn btn-outline-primary text-uppercase shadow-lg my-3 mx-auto rounded-pill py-1 px-3\"\n                href=\"https:\/\/penguincoldcaps.com\/es\/taponado-en-frio\/que-incluye-su-kit\/\"\n            >Contenido del kit<\/a>\n        <\/div>\n                \n                <\/article>\n\n            <\/div>        \n\n        <\/div>\n    \n    <\/div>\n\n<\/section>\n\n\n<section id=\"block_d4c1273d3166742a84597e0edf0b68c3\" \n    class=\"py-md-4 py-2\"\n>\n    <article class=\"container mw-612 headings-primary\">\n        <h2>Qu\u00e9 llevar<\/h2>\n<p>Debe estar lo m\u00e1s c\u00f3modo posible durante el tratamiento, que puede durar varias horas.<\/p>\n<p>He aqu\u00ed algunas sugerencias sobre qu\u00e9 llevar en la maleta:<\/p>\n<ul>\n<li>Una manta caliente, bufanda y calcetines<\/li>\n<li>Alivio de n\u00e1useas, como aceite esencial de menta o t\u00e9 de jengibre<\/li>\n<li>Un diario para escribir c\u00f3mo se siente<\/li>\n<li>Descargar una pel\u00edcula o serie de Netflix<\/li>\n<li>Auriculares para m\u00fasica o mediaci\u00f3n<\/li>\n<li>Agua, zumo y t\u00e9 de hierbas<\/li>\n<li>Puzzle o libro de crucigramas<\/li>\n<li>Aperitivos saludables<\/li>\n<li>B\u00e1lsamo labial y crema hidratante sin perfume: la quimioterapia puede resecar la piel.<\/li>\n<\/ul>\n<div class=\"d-flex\">\n            <a\n                class=\"btn btn-outline-primary text-uppercase shadow-lg my-3 mx-auto rounded-pill py-1 px-3\"\n                href=\"https:\/\/penguincoldcaps.com\/es\/cold-cap-info\/que-llevar-a-la-sesion-de-quimio-en-frio\/\"\n            >M\u00e1s informaci\u00f3n sobre qu\u00e9 llevar<\/a>\n        <\/div>\n    <\/article>\n<\/section>\n\n\n<section id=\"block_d53a32a49f2abaf9a21c64881a6b91ee\" \n    class=\"py-2 py-md-4 bg-light\"\n>\n<div class=\"container\">\n        \n        <div class=\"row\">\n        \n            <div class=\"col-md-3 text-center\">\n                <img loading=\"lazy\" decoding=\"async\" width=\"229\" height=\"74\" src=\"https:\/\/penguincoldcaps.com\/wp-content\/uploads\/2023\/03\/abc-news-logo.png\" class=\"img-fluid shodow-lg rounded-4\" alt=\"ABC News Logo\" srcset=\"https:\/\/penguincoldcaps.com\/wp-content\/uploads\/2023\/03\/abc-news-logo.png 229w, https:\/\/penguincoldcaps.com\/wp-content\/uploads\/2023\/03\/abc-news-logo-160x52.png 160w\" sizes=\"auto, (max-width: 229px) 100vw, 229px\" \/>            <\/div>\n            \n            <div class=\"col-md-9 pt-2 pt-md-0 text-center align-self-center text-primary text-uppercase fst-italic\">\n                <p class=\"fs-4 mb-0\"><q>LA TERAPIA DEL ENFRIAMIENTO CAPILAR PUEDE AYUDAR A LAS MUJERES BAJO TRATAMIENTO DE QUIMIOTERAPIA A CONSERVAR EL CABELLO<\/q><\/p>\n            <\/div>\n\n        <\/div>\n\n    <\/div>\n\n<\/section>\n\n\n<section id=\"block_94b17e59192e3580c352d91da81d27e8\" \n    class=\"py-md-4 py-2\"\n>\n    <article class=\"container mw-612 headings-primary\">\n        <h2>El d\u00eda del tratamiento<\/h2>\n<p>Tiene que empezar a ponerse el gorro entre 50 y 60 minutos antes de la primera infusi\u00f3n de quimio, as\u00ed que llegue pronto y p\u00f3ngase el primer gorro inmediatamente. Es probable que en la cl\u00ednica le pidan que llegue a tiempo para poder hacerle an\u00e1lisis de sangre, comprobar sus signos vitales y administrarle alg\u00fan medicamento previo. Por lo general, el personal m\u00e9dico estar\u00e1 encantado de permitirle que se ponga el gorro mientras le preparan para la infusi\u00f3n. Por lo tanto, dese tiempo suficiente para colocar el gorro antes de que empiecen.<\/p>\n<p>Dependiendo de su programa personal de enfriamiento capilar, usted tendr\u00e1 que cambiar los gorros cada 20 o 25 minutos para mantener la temperatura correcta. Si tiene un asistente personal, \u00e9l se encargar\u00e1 de ello. Si un amigo o familiar va a ayudar, puede organizar una capacitaci\u00f3n con su representante Penguin para que sepa qu\u00e9 hacer ese d\u00eda.<\/p>\n<p>Siga las instrucciones de su representante Penguin. Adem\u00e1s de asegurarse de que los gorros est\u00e1n a la temperatura correcta y bien ajustados a la cabeza, deber\u00e1 mantenerse hidratado durante todo el proceso. Beba mucho l\u00edquido, pero evite los refrescos y la cafe\u00edna.<\/p>\n    <\/article>\n<\/section>\n\n \n\n<section id=\"block_e0a5e101ad8560e460ce9394431c2e6f\" \n    class=\"py-2 py-md-4\"\n>\n    <div class=\"container\">\n        <div class=\"row\">\n            \n            <div class=\"col-lg-6 headings-primary\">\n                <div class=\"mw-560 headings-primary\">\n                    <h2>\u00bfQu\u00e9 se siente?<\/h2>\n<p>Los primeros gorros se sentir\u00e1n muy fr\u00edos, pero las terminaciones nerviosas del cuero cabelludo se adormecen despu\u00e9s de los primeros 30 a 60 minutos, tras los cuales los gorros se vuelven mucho m\u00e1s soportables. Muchos pacientes dicen que esperaban lo peor y se sorprendieron de que no fuera tan malo como tem\u00edan.<\/p>\n<p>Si le preocupa, pregunte a su representante si puede ponerse en contacto con otros pacientes para que les pregunte qu\u00e9 les ha parecido la experiencia.<\/p>\n<p>Tambi\u00e9n puede leer los testimonios de pacientes como Leila, que han conseguido conservar su cabello con Penguin Cold Caps.<\/p>\n<div class=\"d-flex\">\n            <a\n                class=\"btn btn-outline-primary text-uppercase shadow-lg my-3 mx-auto rounded-pill py-1 px-3\"\n                href=\"https:\/\/penguincoldcaps.com\/es\/historias-de-usuarios\/\"\n            >Lea nuestras historias de \u00e9xito<\/a>\n        <\/div>\n                <\/div>\n            <\/div>\n            \n            <div class=\"col-lg-6\">\n            \n                <div class=\"card border-0 bg-img my-4\" \n                    style=\"background-image: url('https:\/\/penguincoldcaps.com\/wp-content\/uploads\/2023\/03\/banner-lens-flare-center-e1688478374382.png');\"\n                >\n                    <div class=\"container\">\n                        <div\n                            class=\"row py-3 px-4 align-items-center flex-row-reverse\"\n                        >\n                            <div class=\"col-md-6 text-center\">\n                                <img loading=\"lazy\" decoding=\"async\" width=\"508\" height=\"581\" src=\"https:\/\/penguincoldcaps.com\/wp-content\/uploads\/2023\/02\/example.jpg\" class=\"img-fluid shadow-lg rounded-4&quot;\" alt=\"\" srcset=\"https:\/\/penguincoldcaps.com\/wp-content\/uploads\/2023\/02\/example.jpg 508w, https:\/\/penguincoldcaps.com\/wp-content\/uploads\/2023\/02\/example-262x300.jpg 262w\" sizes=\"auto, (max-width: 508px) 100vw, 508px\" \/> \n                            <\/div>\n                            <div class=\"col-md-6 pt-md-0 pt-5 text-center fst-italic fw-semibold\">\n                                <p class=\"position-relative\">\n                                    <span class=\"fs-2\">&ldquo;<\/span>\n                                    Aunque no era una sensaci\u00f3n agradable, era muy factible y los resultados merec\u00edan la pena. Tambi\u00e9n fue una distracci\u00f3n muy buena, ya que me ayud\u00f3 a mantenerme ocupada mientras me administraban la quimio.                                    <span class=\"position-absolute end-0 fs-2\">&rdquo;<\/span>\n                                <\/p>\n\n                                                            <\/div>\n                        <\/div>\n                    <\/div>\n                <\/div>\n            <\/div>\n        <\/div>\n    <\/div>\n<\/section>\n\n\n<section id=\"block_80cbe5bc28f014f84c26e2567c94c268\" \n    class=\"py-2 py-md-4 \n    bg-\">\n    <div class=\"container\">\n        <div class=\"row\">\n            <div class=\"col-12 headings-primary\">\n                <h2>Despu\u00e9s de la quimio<\/h2>\n<p>Una vez finalizada la infusi\u00f3n de quimioterapia, deber\u00e1 continuar utilizando el gorro de enfriamiento para dar tiempo al cuerpo a diluir y limpiar las toxinas de la quimioterapia. Si se quita el gorro demasiado pronto, la quimio atacar\u00e1 los fol\u00edculos pilosos al calentarse, provocando una mayor p\u00e9rdida de cabello.<\/p>\n<p>Aseg\u00farese de beber mucho l\u00edquido. Se sorprender\u00e1 lo bien que se sentir\u00e1. Y le estar\u00e1 echando una mano a su h\u00edgado para eliminar las toxinas de su organismo lo antes posible.<\/p>\n            <\/div>\n        <\/div>\n    <\/div>\n<\/section>\n\n\n\n\n<section id=\"block_e3141be0a75c1bbfdc0ddba02f1b838f\" \n    class=\"bg-white my-4\"\n>\n\n    <div class=\"container\">\n        <div class=\"row py-2 py-md-4 align-items-center\">\n            \n            <div class=\"col-md-7\">\n                <h3 class=\"fw-semibold mb-0\">\u00bfA\u00fan no est\u00e1 seguro?<\/h3>\n<h3 class=\"text-primary\">Hable hoy mismo con un especialista.<\/h3>\n            <\/div>\n            \n            <div class=\"col-md-5 pt-4 pt-md-0\">\n                <div class=\"row align-items-center\">\n                                            <div class=\"col-md-6\">\n                            <a\n                                href=\"https:\/\/penguincoldcaps.com\/es\/solicitar-una-devolucion-de-llamada\/\"\n                                target=\"\"\n                                class=\"btn btn-primary \n                                w-100 shadow-lg rounded-pill text-uppercase mt-2 mt-md-0\n                                                                \"\n                            >\n                            solicite una consulta <b>gratuita<\/b>                            <\/a>\n                        <\/div>\n                                            <div class=\"col-md-6\">\n                            <a\n                                href=\"https:\/\/order.penguincoldcaps.com\/shop\"\n                                target=\"\"\n                                class=\"btn btn-secondary \n                                w-100 shadow-lg rounded-pill text-uppercase mt-2 mt-md-0\n                                text-primary                                \"\n                            >\n                            ORDER NOW                            <\/a>\n                        <\/div>\n                                        \n                <\/div>\n            <\/div>\n        <\/div>\n    <\/div>\n<\/section>\n\n\n<section id=\"block_53066dba472884c3c10db08da343607b\" \n    class=\"my-md-4 my-2 card border-0 bg-img\"\n    style=\"background-image: url('https:\/\/penguincoldcaps.com\/wp-content\/uploads\/2023\/03\/banner-bg-lens-flare-left.png');\"\n>\n    <div class=\"container\">\n        <div\n            class=\"row py-3 align-items-center \"\n        >\n            <div class=\"col-md-6\">\n                <img loading=\"lazy\" decoding=\"async\" width=\"480\" height=\"352\" src=\"https:\/\/penguincoldcaps.com\/wp-content\/uploads\/2023\/03\/Rachel-double-480x352-1.jpg\" class=\"img-fluid shodow-lg rounded-4\" alt=\"\" srcset=\"https:\/\/penguincoldcaps.com\/wp-content\/uploads\/2023\/03\/Rachel-double-480x352-1.jpg 480w, https:\/\/penguincoldcaps.com\/wp-content\/uploads\/2023\/03\/Rachel-double-480x352-1-300x220.jpg 300w, https:\/\/penguincoldcaps.com\/wp-content\/uploads\/2023\/03\/Rachel-double-480x352-1-160x117.jpg 160w\" sizes=\"auto, (max-width: 480px) 100vw, 480px\" \/>            <\/div>\n            \n            <div class=\"col-md-6 pt-md-0 pt-7 text-center\">\n\n                <h3 class=\"fw-bold\"><em><span class=\"quote-open\">\u00ab<\/span>Nos result\u00f3 muy f\u00e1cil y sencillo utilizar los gorros, y eso fue gracias a la ayuda y el apoyo que recibimos de nuestro representante. S\u00f3lo se me cay\u00f3 una peque\u00f1\u00edsima cantidad de cabello. \u00a1Es incre\u00edble!<span class=\"span-closed\">\u00ab<\/span><\/em><\/h3>\n\n                <cite>\n                                                <p class=\"fs-5 mb-0\">&#8211; Rachel<\/p>\n                    \n                                                <p class=\"fs-6 mb-0\">California<\/p>\n                                           \n                    \n                <\/cite>\n            <\/div>\n        <\/div>\n    <\/div>\n<\/section>\n\n\n<section id=\"block_0745106de176808ddb3b456621fee234\" \n    class=\"bg-white my-4\"\n>\n\n    <div class=\"container\">\n        <div class=\"row py-2 py-md-4 align-items-center\">\n            \n            <div class=\"col-md-7\">\n                <h2>\u00bfA\u00fan no est\u00e1 seguro?<\/h2>\n<h2 class=\"text-primary\">Hable hoy mismo con un especialista<\/h2>\n            <\/div>\n            \n            <div class=\"col-md-5 pt-4 pt-md-0\">\n                <div class=\"row align-items-center\">\n                                            <div class=\"col-md-10 offset-md-1\">\n                            <a\n                                href=\"https:\/\/penguincoldcaps.com\/es\/solicitar-una-devolucion-de-llamada\/\"\n                                target=\"\"\n                                class=\"btn btn-secondary \n                                w-100 shadow-lg rounded-pill text-uppercase mt-2 mt-md-0\n                                text-primary                                py-2\"\n                            >\n                            solicite una consulta <b>gratuita<\/b>                            <\/a>\n                        <\/div>\n                                        \n                <\/div>\n            <\/div>\n        <\/div>\n    <\/div>\n<\/section>\n","protected":false},"excerpt":{"rendered":"","protected":false},"author":1,"featured_media":0,"parent":0,"menu_order":0,"comment_status":"closed","ping_status":"closed","template":"","meta":{"_acf_changed":true,"inline_featured_image":false,"footnotes":""},"class_list":["post-2505","page","type-page","status-publish","hentry"],"acf":[],"yoast_head":"<!-- This site is optimized with the Yoast SEO plugin v27.4 - https:\/\/yoast.com\/product\/yoast-seo-wordpress\/ -->\n<title>Qu\u00e9 esperar el primer d\u00eda del tratamiento - Penguin Cold Caps<\/title>\n<meta name=\"robots\" content=\"index, follow, max-snippet:-1, max-image-preview:large, max-video-preview:-1\" \/>\n<link rel=\"canonical\" href=\"https:\/\/penguincoldcaps.com\/es\/que-esperar-del-dia\/\" \/>\n<meta property=\"og:locale\" content=\"es_ES\" \/>\n<meta property=\"og:type\" content=\"article\" \/>\n<meta property=\"og:title\" content=\"Qu\u00e9 esperar el primer d\u00eda del tratamiento - Penguin Cold Caps\" \/>\n<meta property=\"og:url\" content=\"https:\/\/penguincoldcaps.com\/es\/que-esperar-del-dia\/\" \/>\n<meta property=\"og:site_name\" content=\"Penguin Cold Caps\" \/>\n<meta property=\"article:publisher\" content=\"https:\/\/www.facebook.com\/penguincoldcaps\/\" \/>\n<meta property=\"article:modified_time\" content=\"2025-06-16T09:45:39+00:00\" \/>\n<meta name=\"twitter:card\" content=\"summary_large_image\" \/>\n<meta name=\"twitter:site\" content=\"@penguincoldcaps\" \/>\n<script type=\"application\/ld+json\" class=\"yoast-schema-graph\">{\"@context\":\"https:\\\/\\\/schema.org\",\"@graph\":[{\"@type\":\"WebPage\",\"@id\":\"https:\\\/\\\/penguincoldcaps.com\\\/es\\\/que-esperar-del-dia\\\/\",\"url\":\"https:\\\/\\\/penguincoldcaps.com\\\/es\\\/que-esperar-del-dia\\\/\",\"name\":\"Qu\u00e9 esperar el primer d\u00eda del tratamiento - Penguin Cold Caps\",\"isPartOf\":{\"@id\":\"https:\\\/\\\/penguincoldcaps.com\\\/es\\\/#website\"},\"datePublished\":\"2023-03-02T11:22:07+00:00\",\"dateModified\":\"2025-06-16T09:45:39+00:00\",\"breadcrumb\":{\"@id\":\"https:\\\/\\\/penguincoldcaps.com\\\/es\\\/que-esperar-del-dia\\\/#breadcrumb\"},\"inLanguage\":\"es\",\"potentialAction\":[{\"@type\":\"ReadAction\",\"target\":[\"https:\\\/\\\/penguincoldcaps.com\\\/es\\\/que-esperar-del-dia\\\/\"]}]},{\"@type\":\"BreadcrumbList\",\"@id\":\"https:\\\/\\\/penguincoldcaps.com\\\/es\\\/que-esperar-del-dia\\\/#breadcrumb\",\"itemListElement\":[{\"@type\":\"ListItem\",\"position\":1,\"name\":\"Home\",\"item\":\"https:\\\/\\\/penguincoldcaps.com\\\/es\\\/\"},{\"@type\":\"ListItem\",\"position\":2,\"name\":\"Qu\u00e9 esperar el primer d\u00eda del tratamiento\"}]},{\"@type\":\"WebSite\",\"@id\":\"https:\\\/\\\/penguincoldcaps.com\\\/es\\\/#website\",\"url\":\"https:\\\/\\\/penguincoldcaps.com\\\/es\\\/\",\"name\":\"Penguin Cold Caps\",\"description\":\"\",\"publisher\":{\"@id\":\"https:\\\/\\\/penguincoldcaps.com\\\/es\\\/#organization\"},\"potentialAction\":[{\"@type\":\"SearchAction\",\"target\":{\"@type\":\"EntryPoint\",\"urlTemplate\":\"https:\\\/\\\/penguincoldcaps.com\\\/es\\\/?s={search_term_string}\"},\"query-input\":{\"@type\":\"PropertyValueSpecification\",\"valueRequired\":true,\"valueName\":\"search_term_string\"}}],\"inLanguage\":\"es\"},{\"@type\":\"Organization\",\"@id\":\"https:\\\/\\\/penguincoldcaps.com\\\/es\\\/#organization\",\"name\":\"Penguin Cold Caps\",\"url\":\"https:\\\/\\\/penguincoldcaps.com\\\/es\\\/\",\"logo\":{\"@type\":\"ImageObject\",\"inLanguage\":\"es\",\"@id\":\"https:\\\/\\\/penguincoldcaps.com\\\/es\\\/#\\\/schema\\\/logo\\\/image\\\/\",\"url\":\"https:\\\/\\\/penguincoldcaps.com\\\/wp-content\\\/uploads\\\/2023\\\/08\\\/Penguin-logo-2022-v2-transparent-background-.png\",\"contentUrl\":\"https:\\\/\\\/penguincoldcaps.com\\\/wp-content\\\/uploads\\\/2023\\\/08\\\/Penguin-logo-2022-v2-transparent-background-.png\",\"width\":898,\"height\":174,\"caption\":\"Penguin Cold Caps\"},\"image\":{\"@id\":\"https:\\\/\\\/penguincoldcaps.com\\\/es\\\/#\\\/schema\\\/logo\\\/image\\\/\"},\"sameAs\":[\"https:\\\/\\\/www.facebook.com\\\/penguincoldcaps\\\/\",\"https:\\\/\\\/x.com\\\/penguincoldcaps\",\"https:\\\/\\\/www.instagram.com\\\/penguincoldcapsglobal\\\/\"]}]}<\/script>\n<!-- \/ Yoast SEO plugin. -->","yoast_head_json":{"title":"Qu\u00e9 esperar el primer d\u00eda del tratamiento - Penguin Cold Caps","robots":{"index":"index","follow":"follow","max-snippet":"max-snippet:-1","max-image-preview":"max-image-preview:large","max-video-preview":"max-video-preview:-1"},"canonical":"https:\/\/penguincoldcaps.com\/es\/que-esperar-del-dia\/","og_locale":"es_ES","og_type":"article","og_title":"Qu\u00e9 esperar el primer d\u00eda del tratamiento - Penguin Cold Caps","og_url":"https:\/\/penguincoldcaps.com\/es\/que-esperar-del-dia\/","og_site_name":"Penguin Cold Caps","article_publisher":"https:\/\/www.facebook.com\/penguincoldcaps\/","article_modified_time":"2025-06-16T09:45:39+00:00","twitter_card":"summary_large_image","twitter_site":"@penguincoldcaps","schema":{"@context":"https:\/\/schema.org","@graph":[{"@type":"WebPage","@id":"https:\/\/penguincoldcaps.com\/es\/que-esperar-del-dia\/","url":"https:\/\/penguincoldcaps.com\/es\/que-esperar-del-dia\/","name":"Qu\u00e9 esperar el primer d\u00eda del tratamiento - Penguin Cold Caps","isPartOf":{"@id":"https:\/\/penguincoldcaps.com\/es\/#website"},"datePublished":"2023-03-02T11:22:07+00:00","dateModified":"2025-06-16T09:45:39+00:00","breadcrumb":{"@id":"https:\/\/penguincoldcaps.com\/es\/que-esperar-del-dia\/#breadcrumb"},"inLanguage":"es","potentialAction":[{"@type":"ReadAction","target":["https:\/\/penguincoldcaps.com\/es\/que-esperar-del-dia\/"]}]},{"@type":"BreadcrumbList","@id":"https:\/\/penguincoldcaps.com\/es\/que-esperar-del-dia\/#breadcrumb","itemListElement":[{"@type":"ListItem","position":1,"name":"Home","item":"https:\/\/penguincoldcaps.com\/es\/"},{"@type":"ListItem","position":2,"name":"Qu\u00e9 esperar el primer d\u00eda del tratamiento"}]},{"@type":"WebSite","@id":"https:\/\/penguincoldcaps.com\/es\/#website","url":"https:\/\/penguincoldcaps.com\/es\/","name":"Penguin Cold Caps","description":"","publisher":{"@id":"https:\/\/penguincoldcaps.com\/es\/#organization"},"potentialAction":[{"@type":"SearchAction","target":{"@type":"EntryPoint","urlTemplate":"https:\/\/penguincoldcaps.com\/es\/?s={search_term_string}"},"query-input":{"@type":"PropertyValueSpecification","valueRequired":true,"valueName":"search_term_string"}}],"inLanguage":"es"},{"@type":"Organization","@id":"https:\/\/penguincoldcaps.com\/es\/#organization","name":"Penguin Cold Caps","url":"https:\/\/penguincoldcaps.com\/es\/","logo":{"@type":"ImageObject","inLanguage":"es","@id":"https:\/\/penguincoldcaps.com\/es\/#\/schema\/logo\/image\/","url":"https:\/\/penguincoldcaps.com\/wp-content\/uploads\/2023\/08\/Penguin-logo-2022-v2-transparent-background-.png","contentUrl":"https:\/\/penguincoldcaps.com\/wp-content\/uploads\/2023\/08\/Penguin-logo-2022-v2-transparent-background-.png","width":898,"height":174,"caption":"Penguin Cold Caps"},"image":{"@id":"https:\/\/penguincoldcaps.com\/es\/#\/schema\/logo\/image\/"},"sameAs":["https:\/\/www.facebook.com\/penguincoldcaps\/","https:\/\/x.com\/penguincoldcaps","https:\/\/www.instagram.com\/penguincoldcapsglobal\/"]}]}},"_links":{"self":[{"href":"https:\/\/penguincoldcaps.com\/es\/wp-json\/wp\/v2\/pages\/2505","targetHints":{"allow":["GET"]}}],"collection":[{"href":"https:\/\/penguincoldcaps.com\/es\/wp-json\/wp\/v2\/pages"}],"about":[{"href":"https:\/\/penguincoldcaps.com\/es\/wp-json\/wp\/v2\/types\/page"}],"author":[{"embeddable":true,"href":"https:\/\/penguincoldcaps.com\/es\/wp-json\/wp\/v2\/users\/1"}],"replies":[{"embeddable":true,"href":"https:\/\/penguincoldcaps.com\/es\/wp-json\/wp\/v2\/comments?post=2505"}],"version-history":[{"count":0,"href":"https:\/\/penguincoldcaps.com\/es\/wp-json\/wp\/v2\/pages\/2505\/revisions"}],"wp:attachment":[{"href":"https:\/\/penguincoldcaps.com\/es\/wp-json\/wp\/v2\/media?parent=2505"}],"curies":[{"name":"wp","href":"https:\/\/api.w.org\/{rel}","templated":true}]}}