{"id":2519,"date":"2023-03-07T13:07:36","date_gmt":"2023-03-07T13:07:36","guid":{"rendered":"https:\/\/penguincoldcaps.com\/blog-de-cold-cap\/"},"modified":"2023-10-11T20:04:25","modified_gmt":"2023-10-11T20:04:25","slug":"blog-de-cold-cap","status":"publish","type":"page","link":"https:\/\/penguincoldcaps.com\/es\/blog-de-cold-cap\/","title":{"rendered":"Blog sobre el enfriamiento capilar"},"content":{"rendered":"\n<section class=\"d-flex align-items-center justify-content-center flex-column bg-img \n    bg-white     mb-4\" id=\"page-banner\" style=\"background-image: url(https:\/\/penguincoldcaps.com\/wp-content\/uploads\/2023\/03\/mother-child.jpeg);\"\n>\n\n        <div class=\"higher-index text-center\">\n        \n            <img decoding=\"async\" src=\"https:\/\/penguincoldcaps.com\/wp-content\/uploads\/2023\/02\/banner-logo.png\" width=\"240\" height=\"54\" alt=\"Penguin Cold Caps\" class=\"img-fluid mb-2 mb-lg-4\" loading=\"lazy\" \/>\n\n                        <h1 class=\"text-primary fs-2 mb-0\">Blog sobre el enfriamiento capilar<\/h1>\n\n                    <\/div>\n<\/section><section class=\"container my-3 my-lg-5\">\n\n    <div class=\"row\">\n\n        <p class=\"d-md-none collapse-responsive-toggle-wrapper text-center\" id=\"category-nav-toggle\">\n            <button\n                class=\"collapse-responsive-toggle btn btn-link btn-lg text-primary font-weight-bold\"\n                href=\"#category-navigation\"\n                data-show-text=\"Show blogs by popular subject:\"\n                data-hide-text=\"Hide blogs by popular subject:\"\n            >\n                <i class=\"icon-down-open\" aria-hidden=\"true\"><\/i>\n            <\/button>\n        <\/p>\n\n                    <h2 class=\"d-none d-md-block text-center text-primary fs-4\"><strong>Buscar blogs por temas populares:<\/strong><\/h6>\n            <\/div>\n\n    <div class=\"mb-5 collapse-responsive\" id=\"category-navigation\" style=\"display: none;\" data-collapse-width=\"767\" data-toggled-by=\"#category-nav-toggle\">\n        \n        <div class=\"row justify-content-center\">\n   \n            <nav class=\"col-sm-10 d-flex flex-wrap justify-content-center button-nav\">\n                \n                        \n                                <a class=\"btn btn-outline-primary rounded-pill m-1\" href=\"https:\/\/penguincoldcaps.com\/es\/cold-cap-info\/category\/bienestar-y-cancer\/\">Bienestar y c\u00e1ncer<\/a>\n                                <a class=\"btn btn-outline-primary rounded-pill m-1\" href=\"https:\/\/penguincoldcaps.com\/es\/cold-cap-info\/category\/caida-del-cabello-y-quimioterapia\/\">Ca\u00edda del cabello y quimioterapia<\/a>\n                                <a class=\"btn btn-outline-primary rounded-pill m-1\" href=\"https:\/\/penguincoldcaps.com\/es\/cold-cap-info\/category\/historias-de-clientes-de-cold-cap\/\">Historias de clientes de Cold Cap<\/a>\n                                <a class=\"btn btn-outline-primary rounded-pill m-1\" href=\"https:\/\/penguincoldcaps.com\/es\/cold-cap-info\/category\/informacion-sobre-el-cancer-y-la-quimioterapia\/\">Informaci\u00f3n sobre el c\u00e1ncer y la quimioterapia<\/a>\n                                <a class=\"btn btn-outline-primary rounded-pill m-1\" href=\"https:\/\/penguincoldcaps.com\/es\/cold-cap-info\/category\/nutricion-y-cancer\/\">Nutrici\u00f3n y c\u00e1ncer<\/a>\n                                <a class=\"btn btn-outline-primary rounded-pill m-1\" href=\"https:\/\/penguincoldcaps.com\/es\/cold-cap-info\/category\/taponado-en-frio\/\">Taponado en fr\u00edo<\/a>\n                    \n        <\/nav>\n    <\/div>\n    <\/div>\n<\/section>\n\n<section class=\"container\">\n    <div class=\"row justify-content-center mb-5\" id=\"posts-grid\">\n\n    \n\n<div class=\"col-11 col-md-6 col-lg-4 mb-4\">\n    <div class=\"card shadow\">\n    \n        <a class=\"card-img-wrapper\" href=\"https:\/\/penguincoldcaps.com\/es\/cold-cap-info\/pruebas-de-que-la-terapia-con-gorro-frio-funciona\/\">\n            <img decoding=\"async\" class=\"card-img-top\" alt=\"Pruebas de que la terapia de enfriamiento capilar funciona\" src=\"https:\/\/penguincoldcaps.com\/wp-content\/uploads\/2023\/03\/image0-e1664541017104-469x480-1.jpeg\" loading=\"lazy\" \/>\n        <\/a>\n\n        <blockquote class=\"card-body p-2\" cite=\"https:\/\/penguincoldcaps.com\/es\/cold-cap-info\/pruebas-de-que-la-terapia-con-gorro-frio-funciona\/\">\n        \n            <p class=\"text-primary fw-bold\">\n                <a class=\"text-decoration-none\" href=\"https:\/\/penguincoldcaps.com\/es\/cold-cap-info\/pruebas-de-que-la-terapia-con-gorro-frio-funciona\/\">Pruebas de que la terapia de enfriamiento capilar funciona<\/a>\n            <\/p>\n            \n                            <a href=\"https:\/\/penguincoldcaps.com\/es\/cold-cap-info\/pruebas-de-que-la-terapia-con-gorro-frio-funciona\/\" class=\"fs-xs text-black text-decoration-none\">\n                    El Cold Capping ha ayudado a miles de pacientes a conservar su cabello durante la quimioterapia. Exploramos las pruebas que demuestran que funciona&#8230;.                            \n                <\/a>\n                        \n        <\/blockquote>\n        \n        <div class=\"card-footer fs-xs p-2 bg-white border-0 text-center\">\n           <a class=\"btn btn-outline-primary text-uppercase rounded-pill px-3\" href=\"https:\/\/penguincoldcaps.com\/es\/cold-cap-info\/pruebas-de-que-la-terapia-con-gorro-frio-funciona\/\">Read More<\/a>\n        <\/div>\n        \n    <\/div>\n<\/div>\n\n<div class=\"col-11 col-md-6 col-lg-4 mb-4\">\n    <div class=\"card shadow\">\n    \n        <a class=\"card-img-wrapper\" href=\"https:\/\/penguincoldcaps.com\/es\/cold-cap-info\/carcinoma-lobular-invasivo-symptoms-causes\/\">\n            <img decoding=\"async\" class=\"card-img-top\" alt=\"Carcinoma Lobular Invasivo: S\u00edntomas y causas\" src=\"https:\/\/penguincoldcaps.com\/wp-content\/uploads\/2023\/09\/Picture1.jpg\" loading=\"lazy\" \/>\n        <\/a>\n\n        <blockquote class=\"card-body p-2\" cite=\"https:\/\/penguincoldcaps.com\/es\/cold-cap-info\/carcinoma-lobular-invasivo-symptoms-causes\/\">\n        \n            <p class=\"text-primary fw-bold\">\n                <a class=\"text-decoration-none\" href=\"https:\/\/penguincoldcaps.com\/es\/cold-cap-info\/carcinoma-lobular-invasivo-symptoms-causes\/\">Carcinoma Lobular Invasivo: S\u00edntomas y causas<\/a>\n            <\/p>\n            \n                            <a href=\"https:\/\/penguincoldcaps.com\/es\/cold-cap-info\/carcinoma-lobular-invasivo-symptoms-causes\/\" class=\"fs-xs text-black text-decoration-none\">\n                    Descubra los s\u00edntomas y las causas del carcinoma lobular invasivo. Inf\u00f3rmese sobre este tipo de c\u00e1ncer de mama y sus opciones de tratamiento&#8230;.                            \n                <\/a>\n                        \n        <\/blockquote>\n        \n        <div class=\"card-footer fs-xs p-2 bg-white border-0 text-center\">\n           <a class=\"btn btn-outline-primary text-uppercase rounded-pill px-3\" href=\"https:\/\/penguincoldcaps.com\/es\/cold-cap-info\/carcinoma-lobular-invasivo-symptoms-causes\/\">Read More<\/a>\n        <\/div>\n        \n    <\/div>\n<\/div>\n\n<div class=\"col-11 col-md-6 col-lg-4 mb-4\">\n    <div class=\"card shadow\">\n    \n        <a class=\"card-img-wrapper\" href=\"https:\/\/penguincoldcaps.com\/es\/cold-cap-info\/10-cosas-que-debes-saber-sobre-la-caida-del-cabello-despues-de-la-quimioterapia\/\">\n            <img decoding=\"async\" class=\"card-img-top\" alt=\"10 cosas que debe saber sobre la p\u00e9rdida del cabello tras la quimioterapia\" src=\"https:\/\/penguincoldcaps.com\/wp-content\/uploads\/2023\/08\/adam-winger-KVVjmb3IIL8-unsplash-scaled.jpg\" loading=\"lazy\" \/>\n        <\/a>\n\n        <blockquote class=\"card-body p-2\" cite=\"https:\/\/penguincoldcaps.com\/es\/cold-cap-info\/10-cosas-que-debes-saber-sobre-la-caida-del-cabello-despues-de-la-quimioterapia\/\">\n        \n            <p class=\"text-primary fw-bold\">\n                <a class=\"text-decoration-none\" href=\"https:\/\/penguincoldcaps.com\/es\/cold-cap-info\/10-cosas-que-debes-saber-sobre-la-caida-del-cabello-despues-de-la-quimioterapia\/\">10 cosas que debe saber sobre la p\u00e9rdida del cabello tras la quimioterapia<\/a>\n            <\/p>\n            \n                            <a href=\"https:\/\/penguincoldcaps.com\/es\/cold-cap-info\/10-cosas-que-debes-saber-sobre-la-caida-del-cabello-despues-de-la-quimioterapia\/\" class=\"fs-xs text-black text-decoration-none\">\n                    \u00bfDesea saber m\u00e1s sobre la p\u00e9rdida del cabello tras la quimioterapia y si hay algo que pueda hacer para evitarla?&#8230;                            \n                <\/a>\n                        \n        <\/blockquote>\n        \n        <div class=\"card-footer fs-xs p-2 bg-white border-0 text-center\">\n           <a class=\"btn btn-outline-primary text-uppercase rounded-pill px-3\" href=\"https:\/\/penguincoldcaps.com\/es\/cold-cap-info\/10-cosas-que-debes-saber-sobre-la-caida-del-cabello-despues-de-la-quimioterapia\/\">Read More<\/a>\n        <\/div>\n        \n    <\/div>\n<\/div>\n\n<div class=\"col-11 col-md-6 col-lg-4 mb-4\">\n    <div class=\"card shadow\">\n    \n        <a class=\"card-img-wrapper\" href=\"https:\/\/penguincoldcaps.com\/es\/cold-cap-info\/el-desprendimiento-es-normal-cuando-se-tapona-en-frio\/\">\n            <img decoding=\"async\" class=\"card-img-top\" alt=\"Es normal que pierda algo de cabello incluso con el enfriamiento capilar\" src=\"https:\/\/penguincoldcaps.com\/wp-content\/uploads\/2023\/07\/Shedding-480x320-1.jpg\" loading=\"lazy\" \/>\n        <\/a>\n\n        <blockquote class=\"card-body p-2\" cite=\"https:\/\/penguincoldcaps.com\/es\/cold-cap-info\/el-desprendimiento-es-normal-cuando-se-tapona-en-frio\/\">\n        \n            <p class=\"text-primary fw-bold\">\n                <a class=\"text-decoration-none\" href=\"https:\/\/penguincoldcaps.com\/es\/cold-cap-info\/el-desprendimiento-es-normal-cuando-se-tapona-en-frio\/\">Es normal que pierda algo de cabello incluso con el enfriamiento capilar<\/a>\n            <\/p>\n            \n                            <a href=\"https:\/\/penguincoldcaps.com\/es\/cold-cap-info\/el-desprendimiento-es-normal-cuando-se-tapona-en-frio\/\" class=\"fs-xs text-black text-decoration-none\">\n                    A\u00fan con el enfriamiento capilar es normal que pierda algo de cabello. Sin embargo, muchas personas inmediatamente piensan que no est\u00e1 funcionando y pueden desanimarse. Es importante que sepa que la ca\u00edda de cabello es una parte completamente normal del proceso de enfriamiento capilar. &#8230;  &#8230;                            \n                <\/a>\n                        \n        <\/blockquote>\n        \n        <div class=\"card-footer fs-xs p-2 bg-white border-0 text-center\">\n           <a class=\"btn btn-outline-primary text-uppercase rounded-pill px-3\" href=\"https:\/\/penguincoldcaps.com\/es\/cold-cap-info\/el-desprendimiento-es-normal-cuando-se-tapona-en-frio\/\">Read More<\/a>\n        <\/div>\n        \n    <\/div>\n<\/div>\n\n<div class=\"col-11 col-md-6 col-lg-4 mb-4\">\n    <div class=\"card shadow\">\n    \n        <a class=\"card-img-wrapper\" href=\"https:\/\/penguincoldcaps.com\/es\/cold-cap-info\/por-que-la-gente-opta-por-el-gorro-frio\/\">\n            <img decoding=\"async\" class=\"card-img-top\" alt=\"\u00bfPor qu\u00e9 la gente opta por la terapia de enfriamiento capilar?\" src=\"https:\/\/penguincoldcaps.com\/wp-content\/uploads\/2023\/07\/Why-do-people-choose-to-cold-cap-480x320-1.jpg\" loading=\"lazy\" \/>\n        <\/a>\n\n        <blockquote class=\"card-body p-2\" cite=\"https:\/\/penguincoldcaps.com\/es\/cold-cap-info\/por-que-la-gente-opta-por-el-gorro-frio\/\">\n        \n            <p class=\"text-primary fw-bold\">\n                <a class=\"text-decoration-none\" href=\"https:\/\/penguincoldcaps.com\/es\/cold-cap-info\/por-que-la-gente-opta-por-el-gorro-frio\/\">\u00bfPor qu\u00e9 la gente opta por la terapia de enfriamiento capilar?<\/a>\n            <\/p>\n            \n                            <a href=\"https:\/\/penguincoldcaps.com\/es\/cold-cap-info\/por-que-la-gente-opta-por-el-gorro-frio\/\" class=\"fs-xs text-black text-decoration-none\">\n                    Al conservar su cabello, los pacientes de c\u00e1ncer pueden sentirse m\u00e1s seguros y c\u00f3modos con su aspecto, repercutiendo positivamente en su bienestar emocional&#8230;. &#8230;                            \n                <\/a>\n                        \n        <\/blockquote>\n        \n        <div class=\"card-footer fs-xs p-2 bg-white border-0 text-center\">\n           <a class=\"btn btn-outline-primary text-uppercase rounded-pill px-3\" href=\"https:\/\/penguincoldcaps.com\/es\/cold-cap-info\/por-que-la-gente-opta-por-el-gorro-frio\/\">Read More<\/a>\n        <\/div>\n        \n    <\/div>\n<\/div>\n\n<div class=\"col-11 col-md-6 col-lg-4 mb-4\">\n    <div class=\"card shadow\">\n    \n        <a class=\"card-img-wrapper\" href=\"https:\/\/penguincoldcaps.com\/es\/cold-cap-info\/capado-en-frio-con-penguin-que-esperar-del-dia\/\">\n            <img decoding=\"async\" class=\"card-img-top\" alt=\"Enfriamiento capilar con Penguin Cold Caps: Qu\u00e9 esperar ese d\u00eda\" src=\"https:\/\/penguincoldcaps.com\/wp-content\/uploads\/2023\/07\/customised-kit-480x337-1.jpg\" loading=\"lazy\" \/>\n        <\/a>\n\n        <blockquote class=\"card-body p-2\" cite=\"https:\/\/penguincoldcaps.com\/es\/cold-cap-info\/capado-en-frio-con-penguin-que-esperar-del-dia\/\">\n        \n            <p class=\"text-primary fw-bold\">\n                <a class=\"text-decoration-none\" href=\"https:\/\/penguincoldcaps.com\/es\/cold-cap-info\/capado-en-frio-con-penguin-que-esperar-del-dia\/\">Enfriamiento capilar con Penguin Cold Caps: Qu\u00e9 esperar ese d\u00eda<\/a>\n            <\/p>\n            \n                            <a href=\"https:\/\/penguincoldcaps.com\/es\/cold-cap-info\/capado-en-frio-con-penguin-que-esperar-del-dia\/\" class=\"fs-xs text-black text-decoration-none\">\n                    Ha llegado el d\u00eda, su primera sesi\u00f3n de quimio. Probablemente se sienta nervioso, es una perspectiva desalentadora, pero puede confiar en que su representante de Penguin Cold Caps se asegurar\u00e1 de que todo est\u00e9 preparado para su llegada&#8230;&#8230;                            \n                <\/a>\n                        \n        <\/blockquote>\n        \n        <div class=\"card-footer fs-xs p-2 bg-white border-0 text-center\">\n           <a class=\"btn btn-outline-primary text-uppercase rounded-pill px-3\" href=\"https:\/\/penguincoldcaps.com\/es\/cold-cap-info\/capado-en-frio-con-penguin-que-esperar-del-dia\/\">Read More<\/a>\n        <\/div>\n        \n    <\/div>\n<\/div>    <\/div>\n\n    <div class=\"row-flex d-flex justify-content-center mb-5\">\n        <nav aria-label=\"Page navigation\"><ul class=\"pagination\"><li class=\"page-item active\"> <span aria-current=\"page\" class=\"page-link current\">1<\/span><\/li><li class=\"page-item\"> <a class=\"page-link\" href=\"https:\/\/penguincoldcaps.com\/es\/wp-json\/wp\/v2\/pages\/2519\/page\/2\/\">2<\/a><\/li><li class=\"page-item\"> <a class=\"page-link\" href=\"https:\/\/penguincoldcaps.com\/es\/wp-json\/wp\/v2\/pages\/2519\/page\/3\/\">3<\/a><\/li><li class=\"page-item\"> <a class=\"next page-link\" href=\"https:\/\/penguincoldcaps.com\/es\/wp-json\/wp\/v2\/pages\/2519\/page\/2\/\">Next \u00bb<\/a><\/li><\/ul><\/nav>    <\/div>\n<\/section>","protected":false},"excerpt":{"rendered":"","protected":false},"author":1,"featured_media":0,"parent":0,"menu_order":0,"comment_status":"closed","ping_status":"closed","template":"","meta":{"_acf_changed":false,"inline_featured_image":false,"footnotes":""},"class_list":["post-2519","page","type-page","status-publish","hentry"],"acf":[],"yoast_head":"<!-- This site is optimized with the Yoast SEO plugin v27.4 - https:\/\/yoast.com\/product\/yoast-seo-wordpress\/ -->\n<title>Blog sobre el enfriamiento capilar - Penguin Cold Caps<\/title>\n<meta name=\"robots\" content=\"index, follow, max-snippet:-1, max-image-preview:large, max-video-preview:-1\" \/>\n<link rel=\"canonical\" href=\"https:\/\/penguincoldcaps.com\/es\/blog-de-cold-cap\/\" \/>\n<meta property=\"og:locale\" content=\"es_ES\" \/>\n<meta property=\"og:type\" content=\"article\" \/>\n<meta property=\"og:title\" content=\"Blog sobre el enfriamiento capilar - Penguin Cold Caps\" \/>\n<meta property=\"og:url\" content=\"https:\/\/penguincoldcaps.com\/es\/blog-de-cold-cap\/\" \/>\n<meta property=\"og:site_name\" content=\"Penguin Cold Caps\" \/>\n<meta property=\"article:publisher\" content=\"https:\/\/www.facebook.com\/penguincoldcaps\/\" \/>\n<meta property=\"article:modified_time\" content=\"2023-10-11T20:04:25+00:00\" \/>\n<meta name=\"twitter:card\" content=\"summary_large_image\" \/>\n<meta name=\"twitter:site\" content=\"@penguincoldcaps\" \/>\n<script type=\"application\/ld+json\" class=\"yoast-schema-graph\">{\"@context\":\"https:\\\/\\\/schema.org\",\"@graph\":[{\"@type\":\"WebPage\",\"@id\":\"https:\\\/\\\/penguincoldcaps.com\\\/es\\\/blog-de-cold-cap\\\/\",\"url\":\"https:\\\/\\\/penguincoldcaps.com\\\/es\\\/blog-de-cold-cap\\\/\",\"name\":\"Blog sobre el enfriamiento capilar - Penguin Cold Caps\",\"isPartOf\":{\"@id\":\"https:\\\/\\\/penguincoldcaps.com\\\/es\\\/#website\"},\"datePublished\":\"2023-03-07T13:07:36+00:00\",\"dateModified\":\"2023-10-11T20:04:25+00:00\",\"breadcrumb\":{\"@id\":\"https:\\\/\\\/penguincoldcaps.com\\\/es\\\/blog-de-cold-cap\\\/#breadcrumb\"},\"inLanguage\":\"es\",\"potentialAction\":[{\"@type\":\"ReadAction\",\"target\":[\"https:\\\/\\\/penguincoldcaps.com\\\/es\\\/blog-de-cold-cap\\\/\"]}]},{\"@type\":\"BreadcrumbList\",\"@id\":\"https:\\\/\\\/penguincoldcaps.com\\\/es\\\/blog-de-cold-cap\\\/#breadcrumb\",\"itemListElement\":[{\"@type\":\"ListItem\",\"position\":1,\"name\":\"Home\",\"item\":\"https:\\\/\\\/penguincoldcaps.com\\\/es\\\/\"},{\"@type\":\"ListItem\",\"position\":2,\"name\":\"Blog sobre el enfriamiento capilar\"}]},{\"@type\":\"WebSite\",\"@id\":\"https:\\\/\\\/penguincoldcaps.com\\\/es\\\/#website\",\"url\":\"https:\\\/\\\/penguincoldcaps.com\\\/es\\\/\",\"name\":\"Penguin Cold Caps\",\"description\":\"\",\"publisher\":{\"@id\":\"https:\\\/\\\/penguincoldcaps.com\\\/es\\\/#organization\"},\"potentialAction\":[{\"@type\":\"SearchAction\",\"target\":{\"@type\":\"EntryPoint\",\"urlTemplate\":\"https:\\\/\\\/penguincoldcaps.com\\\/es\\\/?s={search_term_string}\"},\"query-input\":{\"@type\":\"PropertyValueSpecification\",\"valueRequired\":true,\"valueName\":\"search_term_string\"}}],\"inLanguage\":\"es\"},{\"@type\":\"Organization\",\"@id\":\"https:\\\/\\\/penguincoldcaps.com\\\/es\\\/#organization\",\"name\":\"Penguin Cold Caps\",\"url\":\"https:\\\/\\\/penguincoldcaps.com\\\/es\\\/\",\"logo\":{\"@type\":\"ImageObject\",\"inLanguage\":\"es\",\"@id\":\"https:\\\/\\\/penguincoldcaps.com\\\/es\\\/#\\\/schema\\\/logo\\\/image\\\/\",\"url\":\"https:\\\/\\\/penguincoldcaps.com\\\/wp-content\\\/uploads\\\/2023\\\/08\\\/Penguin-logo-2022-v2-transparent-background-.png\",\"contentUrl\":\"https:\\\/\\\/penguincoldcaps.com\\\/wp-content\\\/uploads\\\/2023\\\/08\\\/Penguin-logo-2022-v2-transparent-background-.png\",\"width\":898,\"height\":174,\"caption\":\"Penguin Cold Caps\"},\"image\":{\"@id\":\"https:\\\/\\\/penguincoldcaps.com\\\/es\\\/#\\\/schema\\\/logo\\\/image\\\/\"},\"sameAs\":[\"https:\\\/\\\/www.facebook.com\\\/penguincoldcaps\\\/\",\"https:\\\/\\\/x.com\\\/penguincoldcaps\",\"https:\\\/\\\/www.instagram.com\\\/penguincoldcapsglobal\\\/\"]}]}<\/script>\n<!-- \/ Yoast SEO plugin. -->","yoast_head_json":{"title":"Blog sobre el enfriamiento capilar - Penguin Cold Caps","robots":{"index":"index","follow":"follow","max-snippet":"max-snippet:-1","max-image-preview":"max-image-preview:large","max-video-preview":"max-video-preview:-1"},"canonical":"https:\/\/penguincoldcaps.com\/es\/blog-de-cold-cap\/","og_locale":"es_ES","og_type":"article","og_title":"Blog sobre el enfriamiento capilar - Penguin Cold Caps","og_url":"https:\/\/penguincoldcaps.com\/es\/blog-de-cold-cap\/","og_site_name":"Penguin Cold Caps","article_publisher":"https:\/\/www.facebook.com\/penguincoldcaps\/","article_modified_time":"2023-10-11T20:04:25+00:00","twitter_card":"summary_large_image","twitter_site":"@penguincoldcaps","schema":{"@context":"https:\/\/schema.org","@graph":[{"@type":"WebPage","@id":"https:\/\/penguincoldcaps.com\/es\/blog-de-cold-cap\/","url":"https:\/\/penguincoldcaps.com\/es\/blog-de-cold-cap\/","name":"Blog sobre el enfriamiento capilar - Penguin Cold Caps","isPartOf":{"@id":"https:\/\/penguincoldcaps.com\/es\/#website"},"datePublished":"2023-03-07T13:07:36+00:00","dateModified":"2023-10-11T20:04:25+00:00","breadcrumb":{"@id":"https:\/\/penguincoldcaps.com\/es\/blog-de-cold-cap\/#breadcrumb"},"inLanguage":"es","potentialAction":[{"@type":"ReadAction","target":["https:\/\/penguincoldcaps.com\/es\/blog-de-cold-cap\/"]}]},{"@type":"BreadcrumbList","@id":"https:\/\/penguincoldcaps.com\/es\/blog-de-cold-cap\/#breadcrumb","itemListElement":[{"@type":"ListItem","position":1,"name":"Home","item":"https:\/\/penguincoldcaps.com\/es\/"},{"@type":"ListItem","position":2,"name":"Blog sobre el enfriamiento capilar"}]},{"@type":"WebSite","@id":"https:\/\/penguincoldcaps.com\/es\/#website","url":"https:\/\/penguincoldcaps.com\/es\/","name":"Penguin Cold Caps","description":"","publisher":{"@id":"https:\/\/penguincoldcaps.com\/es\/#organization"},"potentialAction":[{"@type":"SearchAction","target":{"@type":"EntryPoint","urlTemplate":"https:\/\/penguincoldcaps.com\/es\/?s={search_term_string}"},"query-input":{"@type":"PropertyValueSpecification","valueRequired":true,"valueName":"search_term_string"}}],"inLanguage":"es"},{"@type":"Organization","@id":"https:\/\/penguincoldcaps.com\/es\/#organization","name":"Penguin Cold Caps","url":"https:\/\/penguincoldcaps.com\/es\/","logo":{"@type":"ImageObject","inLanguage":"es","@id":"https:\/\/penguincoldcaps.com\/es\/#\/schema\/logo\/image\/","url":"https:\/\/penguincoldcaps.com\/wp-content\/uploads\/2023\/08\/Penguin-logo-2022-v2-transparent-background-.png","contentUrl":"https:\/\/penguincoldcaps.com\/wp-content\/uploads\/2023\/08\/Penguin-logo-2022-v2-transparent-background-.png","width":898,"height":174,"caption":"Penguin Cold Caps"},"image":{"@id":"https:\/\/penguincoldcaps.com\/es\/#\/schema\/logo\/image\/"},"sameAs":["https:\/\/www.facebook.com\/penguincoldcaps\/","https:\/\/x.com\/penguincoldcaps","https:\/\/www.instagram.com\/penguincoldcapsglobal\/"]}]}},"_links":{"self":[{"href":"https:\/\/penguincoldcaps.com\/es\/wp-json\/wp\/v2\/pages\/2519","targetHints":{"allow":["GET"]}}],"collection":[{"href":"https:\/\/penguincoldcaps.com\/es\/wp-json\/wp\/v2\/pages"}],"about":[{"href":"https:\/\/penguincoldcaps.com\/es\/wp-json\/wp\/v2\/types\/page"}],"author":[{"embeddable":true,"href":"https:\/\/penguincoldcaps.com\/es\/wp-json\/wp\/v2\/users\/1"}],"replies":[{"embeddable":true,"href":"https:\/\/penguincoldcaps.com\/es\/wp-json\/wp\/v2\/comments?post=2519"}],"version-history":[{"count":0,"href":"https:\/\/penguincoldcaps.com\/es\/wp-json\/wp\/v2\/pages\/2519\/revisions"}],"wp:attachment":[{"href":"https:\/\/penguincoldcaps.com\/es\/wp-json\/wp\/v2\/media?parent=2519"}],"curies":[{"name":"wp","href":"https:\/\/api.w.org\/{rel}","templated":true}]}}