{"id":2521,"date":"2023-03-01T17:38:14","date_gmt":"2023-03-01T17:38:14","guid":{"rendered":"https:\/\/penguincoldcaps.com\/su-representante-de-penguin\/"},"modified":"2025-06-16T09:48:11","modified_gmt":"2025-06-16T09:48:11","slug":"su-representante-de-penguin","status":"publish","type":"page","link":"https:\/\/penguincoldcaps.com\/es\/servicios\/su-representante-de-penguin\/","title":{"rendered":"Su representante de Penguin Cold Caps"},"content":{"rendered":"\n<section class=\"d-flex align-items-center justify-content-center flex-column \n    bg-white     pt-4\" id=\"\" style=\"\"\n>\n\n        <div class=\"higher-index text-center\">\n        \n            <img decoding=\"async\" src=\"https:\/\/penguincoldcaps.com\/wp-content\/uploads\/2023\/02\/banner-logo.png\" width=\"240\" height=\"54\" alt=\"Penguin Cold Caps\" class=\"img-fluid mb-2 mb-lg-4\" loading=\"lazy\" \/>\n\n                        <h1 class=\"text-primary fs-2 mb-0\">Su representante de Penguin Cold Caps<\/h1>\n\n                    <\/div>\n<\/section>\n\n \n\n<section id=\"block_010edafd3819237e412a0ac3b20634f6\" \n    class=\"py-2 py-md-4\"\n>\n    <div class=\"container\">\n        <div class=\"row\">\n            \n            <div class=\"col-lg-6 headings-primary\">\n                <div class=\"mw-560 headings-primary\">\n                    <h2>Su representante de Penguin Cold Caps<\/h2>\n<p><strong>A todos nuestros representantes les apasiona su trabajo y su misi\u00f3n es conseguir los mejores resultados para usted.<\/strong><\/p>\n<p>Nuestros pacientes nos dicen una y otra vez que sus representantes Penguin fueron un salvavidas para ellos, a lo largo de su tratamiento de quimioterapia. Creemos que esto se debe a que el 75% de nuestros representantes han conservado su propio cabello con Penguin Cold Caps. Saben lo que es recibir un diagn\u00f3stico de c\u00e1ncer y someterse a un tratamiento de quimioterapia. Comprenden su deseo de conservar su cabello y har\u00e1n todo lo que est\u00e9 en sus manos para que as\u00ed sea.<\/p>\n<p>Cheryl es una representante de Penguin a quien diagnosticaron c\u00e1ncer de mama en el a\u00f1o 2015. Utiliz\u00f3 Penguin Cold Caps para conservar su cabello y ahora gu\u00eda a otras personas para que hagan lo mismo.<\/p>\n                <\/div>\n            <\/div>\n            \n            <div class=\"col-lg-6\">\n            \n                <div class=\"card border-0 bg-img my-4\" \n                    style=\"background-image: url('https:\/\/penguincoldcaps.com\/wp-content\/uploads\/2023\/03\/banner-lens-flare-center-e1688478374382.png');\"\n                >\n                    <div class=\"container\">\n                        <div\n                            class=\"row py-3 px-4 align-items-center flex-row-reverse\"\n                        >\n                            <div class=\"col-md-6 text-center\">\n                                <img loading=\"lazy\" decoding=\"async\" width=\"676\" height=\"768\" src=\"https:\/\/penguincoldcaps.com\/wp-content\/uploads\/2023\/07\/Cheryl.jpeg\" class=\"img-fluid shadow-lg rounded-4&quot;\" alt=\"Photo of Rep\" srcset=\"https:\/\/penguincoldcaps.com\/wp-content\/uploads\/2023\/07\/Cheryl.jpeg 676w, https:\/\/penguincoldcaps.com\/wp-content\/uploads\/2023\/07\/Cheryl-264x300.jpeg 264w, https:\/\/penguincoldcaps.com\/wp-content\/uploads\/2023\/07\/Cheryl-160x182.jpeg 160w, https:\/\/penguincoldcaps.com\/wp-content\/uploads\/2023\/07\/Cheryl-526x598.jpeg 526w\" sizes=\"auto, (max-width: 676px) 100vw, 676px\" \/> \n                            <\/div>\n                            <div class=\"col-md-6 pt-md-0 pt-5 text-center fst-italic fw-semibold\">\n                                <p class=\"position-relative\">\n                                    <span class=\"fs-2\">&ldquo;<\/span>\n                                    Los gorros son definitivamente fr\u00edos, y los primeros cinco minutos son los m\u00e1s dif\u00edciles. Pero una vez superados los primeros minutos, el cuero cabelludo se entumece y es mucho m\u00e1s tolerable.                                    <span class=\"position-absolute end-0 fs-2\">&rdquo;<\/span>\n                                <\/p>\n\n                                                                    <a href=\"https:\/\/penguincoldcaps.com\/es\/user-stories\/la-historia-de-cheryl\/\">\n                                        Leer el testimonio de Cheryl                                    <\/a>\n\n                                                            <\/div>\n                        <\/div>\n                    <\/div>\n                <\/div>\n            <\/div>\n        <\/div>\n    <\/div>\n<\/section>\n\n\n<section id=\"block_af839932df42776671c417afb8c6c4b4\" \n    class=\"py-2 py-md-4 \n    bg-\">\n    <div class=\"container\">\n        <div class=\"row\">\n            <div class=\"col-12 headings-primary\">\n                <h2>Estamos aqu\u00ed para ayudarle<\/h2>\n            <\/div>\n        <\/div>\n    <\/div>\n<\/section>\n\n\n\n\n<section id=\"block_71cf4c9b26c4df09844102de93127257\" \n    class=\"py-2 py-md-4\"\n>\n    <div class=\"container\">\n    \n        <div class=\"row m-0 justify-content-center flex-row-reverse flex-md-nowrap\">\n        \n            <div class=\"col-md-6 d-flex flex-column align-items-center\">\n                <img loading=\"lazy\" decoding=\"async\" width=\"540\" height=\"334\" src=\"https:\/\/penguincoldcaps.com\/wp-content\/uploads\/2023\/03\/penguin-cold-cap-patient.png\" class=\"img-fluid\" alt=\"Penguin Cold Cap Patient\" srcset=\"https:\/\/penguincoldcaps.com\/wp-content\/uploads\/2023\/03\/penguin-cold-cap-patient.png 540w, https:\/\/penguincoldcaps.com\/wp-content\/uploads\/2023\/03\/penguin-cold-cap-patient-300x186.png 300w, https:\/\/penguincoldcaps.com\/wp-content\/uploads\/2023\/03\/penguin-cold-cap-patient-160x99.png 160w\" sizes=\"auto, (max-width: 540px) 100vw, 540px\" \/> \n            <\/div>            \n            \n            <div class=\"col-md-6 d-flex pt-3 pt-md-0 bg-white \">\n        \n                <article class=\"mw-560 headings-primary\">\n                \n                    <h3 style=\"text-align: left;\">Realizar su pedido<\/h3>\n<p style=\"text-align: left;\">En cuanto haga su pedido, su representante local se pondr\u00e1 en contacto con usted. E incluso antes de realizar el pedido, si necesita ayuda para rellenar el formulario, <a href=\"https:\/\/penguincoldcaps.com\/es\/solicitar-una-devolucion-de-llamada\/\">solicite una llamada<\/a> y nos encargaremos de que su representante le llame directamente y se siente con usted mientras rellena el formulario.<\/p>\n                \n                <\/article>\n\n            <\/div>        \n\n        <\/div>\n    \n    <\/div>\n\n<\/section>\n\n\n<section id=\"block_7ced8ce8abdfbe618b229cc1af372292\" \n    class=\"py-2 py-md-4\"\n>\n    <div class=\"container\">\n    \n        <div class=\"row m-0\">\n\n            <div class=\"col-md-6\">\n            \n                <article class=\"headings-primary\">\n                \n                    <h3>Asesoramiento y apoyo<\/h3>\n<p>Su representante ha ayudado a muchos pacientes a conservar su cabello utilizando Penguin Cold Caps. Le proporcionar\u00e1n informaci\u00f3n sobre el cuidado del cabello, el uso de los gorros, qu\u00e9 llevar a las sesiones de quimioterapia y la mejor manera de cuidar su salud f\u00edsica y mental.<\/p>\n<p>Un diagn\u00f3stico de c\u00e1ncer es una experiencia traum\u00e1tica, y hacer frente a los efectos secundarios de la quimioterapia es un reto incluso para la persona m\u00e1s fuerte. Su representante es un pilar de apoyo, amable y bien informado, alguien a quien puede pedir consejo y orientaci\u00f3n.<\/p>\n                \n                <\/article>\n\n            <\/div>\n\n            <div class=\"col-md-6\">\n        \n                <article class=\"headings-primary\">\n                \n                    <h3>Consulta personal<\/h3>\n<p>La primera fase es una consulta completa. Esto se har\u00e1 en persona o por tel\u00e9fono, dependiendo de lo lejos que est\u00e9 de su representante. Le preguntar\u00e1n por su r\u00e9gimen farmacol\u00f3gico, su tipo de cabello, su estilo de vida y su estado de salud actual. A continuaci\u00f3n, recibir\u00e1 un programa personalizado de enfriamiento capilar que le proporcionar\u00e1 las mayores probabilidades de \u00e9xito.<\/p>\n                \n                <\/article>\n\n            <\/div>        \n\n        <\/div>\n    \n    <\/div>\n\n<\/section>\n\n\n<section id=\"block_1e58878ec1a0e276385634c6c4c0134f\" \n    class=\"py-2 py-md-4\"\n>\n    <div class=\"container\">\n    \n        <div class=\"row m-0\">\n\n            <div class=\"col-md-6\">\n            \n                <article class=\"headings-primary\">\n                \n                    <h3>Hielo seco<\/h3>\n<p>Tendr\u00e1 que encargar previamente hielo seco para enfriar los gorros. Pero no se preocupe; su representante de Penguin tendr\u00e1 los datos de los proveedores de hielo seco de su zona y le dir\u00e1 exactamente qu\u00e9 pedir.<\/p>\n<p>Algunas cl\u00ednicas disponen de un congelador biom\u00e9dico para enfriar los gorros, en cuyo caso basta con llevarlas 2 d\u00edas antes de la sesi\u00f3n para que alcancen la temperatura adecuada.<\/p>\n                \n                <\/article>\n\n            <\/div>\n\n            <div class=\"col-md-6\">\n        \n                <article class=\"headings-primary\">\n                \n                    <h3>Formaci\u00f3n<\/h3>\n<p>Si va a colocarse el gorro usted mismo o cuenta con la ayuda de un amigo o familiar, su representante organizar\u00e1 una capacitaci\u00f3n sobre el uso de los gorros. Dependiendo de su ubicaci\u00f3n y presupuesto, puede realizarse a distancia mediante videollamada o en persona.<\/p>\n<p>Tambi\u00e9n pueden ofrecer un servicio de asistencia para la colocaci\u00f3n de los gorros, tambi\u00e9n conocido como \u00abwhite glove service\u00bb (servicio de guante blanco). Donde no tendr\u00e1 que mover un solo dedo durante todo el tratamiento.<\/p>\n                \n                <\/article>\n\n            <\/div>        \n\n        <\/div>\n    \n    <\/div>\n\n<\/section>\n\n\n<section id=\"block_eac22b180b56c7db72f1d53a0aa8276f\" \n    class=\"bg-white my-4\"\n>\n\n    <div class=\"container\">\n        <div class=\"row py-2 py-md-4 align-items-center\">\n            \n            <div class=\"col-md-7\">\n                <h2 class=\"mb-0\">\u00bfListo para conservar su cabello?<\/h2>\n<h2 class=\"text-primary ps-4\">No se demore, haga su pedido hoy mismo<\/h2>\n            <\/div>\n            \n            <div class=\"col-md-5 pt-4 pt-md-0\">\n                <div class=\"row align-items-center\">\n                                            <div class=\"col-md-10 offset-md-1\">\n                            <a\n                                href=\"https:\/\/order.penguincoldcaps.com\/shop\"\n                                target=\"\"\n                                class=\"btn btn-primary \n                                w-100 shadow-lg rounded-pill text-uppercase mt-2 mt-md-0\n                                                                py-2\"\n                            >\n                            Order Now                            <\/a>\n                        <\/div>\n                                        \n                <\/div>\n            <\/div>\n        <\/div>\n    <\/div>\n<\/section>\n\n\n<section id=\"block_bfa62f1da64f671eff57bdbea8bff403\" \n    class=\"my-md-4 my-2 card border-0 bg-img\"\n    style=\"background-image: url('https:\/\/penguincoldcaps.com\/wp-content\/uploads\/2023\/03\/banner-bg-lens-flare-left.png');\"\n>\n    <div class=\"container\">\n        <div class=\"row py-3 align-items-center \">\n            <div class=\"col-md-3\">\n                <img loading=\"lazy\" decoding=\"async\" width=\"360\" height=\"436\" src=\"https:\/\/penguincoldcaps.com\/wp-content\/uploads\/2023\/03\/Marcia-pic-2-360x480-1-e1688478565731.jpeg\" class=\"img-fluid shodow-lg rounded-4\" alt=\"\" srcset=\"https:\/\/penguincoldcaps.com\/wp-content\/uploads\/2023\/03\/Marcia-pic-2-360x480-1-e1688478565731.jpeg 360w, https:\/\/penguincoldcaps.com\/wp-content\/uploads\/2023\/03\/Marcia-pic-2-360x480-1-e1688478565731-248x300.jpeg 248w, https:\/\/penguincoldcaps.com\/wp-content\/uploads\/2023\/03\/Marcia-pic-2-360x480-1-e1688478565731-160x194.jpeg 160w\" sizes=\"auto, (max-width: 360px) 100vw, 360px\" \/>            <\/div>\n            \n            <div class=\"col-md-9 pt-md-0 pt-5 text-center\">\n\n                <h3 class=\"fw-bold\"><em><span class=\"quote-open\">\u00ab<\/span>Yo era la primera persona a la que mi equipo m\u00e9dico ve\u00eda utilizar la terapia de enfriamiento capilar, y estaban asombrados&#8230; <span class=\"span-closed\">\u00ab<\/span><\/em><\/h3>\n\n                <cite>\n                                                <p class=\"fs-5 mb-0\">&#8211; Marcia<\/p>\n                    \n                                           \n                    \n                <\/cite>\n            <\/div>\n        <\/div>\n    <\/div>\n<\/section>\n\n\n<section id=\"block_ac9fd7541647064ac80ef5d97e7d2b4c\" \n    class=\"bg-white my-4\"\n>\n\n    <div class=\"container\">\n        <div class=\"row py-2 py-md-4 align-items-center\">\n            \n            <div class=\"col-md-7\">\n                <h2 class=\"mb-0\">\u00bfA\u00fan no est\u00e1 seguro?<\/h2>\n<h2 class=\"text-primary mb-0\">Hable hoy mismo con un especialista<\/h2>\n            <\/div>\n            \n            <div class=\"col-md-5 pt-4 pt-md-0\">\n                <div class=\"row align-items-center\">\n                                            <div class=\"col-md-10 offset-md-1\">\n                            <a\n                                href=\"https:\/\/penguincoldcaps.com\/es\/solicitar-una-devolucion-de-llamada\/\"\n                                target=\"\"\n                                class=\"btn btn-primary \n                                w-100 shadow-lg rounded-pill text-uppercase mt-2 mt-md-0\n                                                                py-2\"\n                            >\n                            REQUEST A FREE CONSULTATION                            <\/a>\n                        <\/div>\n                                        \n                <\/div>\n            <\/div>\n        <\/div>\n    <\/div>\n<\/section>\n","protected":false},"excerpt":{"rendered":"","protected":false},"author":1,"featured_media":0,"parent":2539,"menu_order":1,"comment_status":"closed","ping_status":"closed","template":"","meta":{"_acf_changed":true,"inline_featured_image":false,"footnotes":""},"class_list":["post-2521","page","type-page","status-publish","hentry"],"acf":[],"yoast_head":"<!-- This site is optimized with the Yoast SEO plugin v27.5 - https:\/\/yoast.com\/product\/yoast-seo-wordpress\/ -->\n<title>Su representante de Penguin Cold Caps - Penguin Cold Caps<\/title>\n<meta name=\"robots\" content=\"index, follow, max-snippet:-1, max-image-preview:large, max-video-preview:-1\" \/>\n<link rel=\"canonical\" href=\"https:\/\/penguincoldcaps.com\/es\/servicios\/su-representante-de-penguin\/\" \/>\n<meta property=\"og:locale\" content=\"es_ES\" \/>\n<meta property=\"og:type\" content=\"article\" \/>\n<meta property=\"og:title\" content=\"Su representante de Penguin Cold Caps - Penguin Cold Caps\" \/>\n<meta property=\"og:url\" content=\"https:\/\/penguincoldcaps.com\/es\/servicios\/su-representante-de-penguin\/\" \/>\n<meta property=\"og:site_name\" content=\"Penguin Cold Caps\" \/>\n<meta property=\"article:publisher\" content=\"https:\/\/www.facebook.com\/penguincoldcaps\/\" \/>\n<meta property=\"article:modified_time\" content=\"2025-06-16T09:48:11+00:00\" \/>\n<meta name=\"twitter:card\" content=\"summary_large_image\" \/>\n<meta name=\"twitter:site\" content=\"@penguincoldcaps\" \/>\n<script type=\"application\/ld+json\" class=\"yoast-schema-graph\">{\"@context\":\"https:\\\/\\\/schema.org\",\"@graph\":[{\"@type\":\"WebPage\",\"@id\":\"https:\\\/\\\/penguincoldcaps.com\\\/es\\\/servicios\\\/su-representante-de-penguin\\\/\",\"url\":\"https:\\\/\\\/penguincoldcaps.com\\\/es\\\/servicios\\\/su-representante-de-penguin\\\/\",\"name\":\"Su representante de Penguin Cold Caps - Penguin Cold Caps\",\"isPartOf\":{\"@id\":\"https:\\\/\\\/penguincoldcaps.com\\\/es\\\/#website\"},\"datePublished\":\"2023-03-01T17:38:14+00:00\",\"dateModified\":\"2025-06-16T09:48:11+00:00\",\"breadcrumb\":{\"@id\":\"https:\\\/\\\/penguincoldcaps.com\\\/es\\\/servicios\\\/su-representante-de-penguin\\\/#breadcrumb\"},\"inLanguage\":\"es\",\"potentialAction\":[{\"@type\":\"ReadAction\",\"target\":[\"https:\\\/\\\/penguincoldcaps.com\\\/es\\\/servicios\\\/su-representante-de-penguin\\\/\"]}]},{\"@type\":\"BreadcrumbList\",\"@id\":\"https:\\\/\\\/penguincoldcaps.com\\\/es\\\/servicios\\\/su-representante-de-penguin\\\/#breadcrumb\",\"itemListElement\":[{\"@type\":\"ListItem\",\"position\":1,\"name\":\"Home\",\"item\":\"https:\\\/\\\/penguincoldcaps.com\\\/es\\\/\"},{\"@type\":\"ListItem\",\"position\":2,\"name\":\"Servicios\",\"item\":\"https:\\\/\\\/penguincoldcaps.com\\\/es\\\/servicios\\\/\"},{\"@type\":\"ListItem\",\"position\":3,\"name\":\"Su representante de Penguin Cold Caps\"}]},{\"@type\":\"WebSite\",\"@id\":\"https:\\\/\\\/penguincoldcaps.com\\\/es\\\/#website\",\"url\":\"https:\\\/\\\/penguincoldcaps.com\\\/es\\\/\",\"name\":\"Penguin Cold Caps\",\"description\":\"\",\"publisher\":{\"@id\":\"https:\\\/\\\/penguincoldcaps.com\\\/es\\\/#organization\"},\"potentialAction\":[{\"@type\":\"SearchAction\",\"target\":{\"@type\":\"EntryPoint\",\"urlTemplate\":\"https:\\\/\\\/penguincoldcaps.com\\\/es\\\/?s={search_term_string}\"},\"query-input\":{\"@type\":\"PropertyValueSpecification\",\"valueRequired\":true,\"valueName\":\"search_term_string\"}}],\"inLanguage\":\"es\"},{\"@type\":\"Organization\",\"@id\":\"https:\\\/\\\/penguincoldcaps.com\\\/es\\\/#organization\",\"name\":\"Penguin Cold Caps\",\"url\":\"https:\\\/\\\/penguincoldcaps.com\\\/es\\\/\",\"logo\":{\"@type\":\"ImageObject\",\"inLanguage\":\"es\",\"@id\":\"https:\\\/\\\/penguincoldcaps.com\\\/es\\\/#\\\/schema\\\/logo\\\/image\\\/\",\"url\":\"https:\\\/\\\/penguincoldcaps.com\\\/wp-content\\\/uploads\\\/2023\\\/08\\\/Penguin-logo-2022-v2-transparent-background-.png\",\"contentUrl\":\"https:\\\/\\\/penguincoldcaps.com\\\/wp-content\\\/uploads\\\/2023\\\/08\\\/Penguin-logo-2022-v2-transparent-background-.png\",\"width\":898,\"height\":174,\"caption\":\"Penguin Cold Caps\"},\"image\":{\"@id\":\"https:\\\/\\\/penguincoldcaps.com\\\/es\\\/#\\\/schema\\\/logo\\\/image\\\/\"},\"sameAs\":[\"https:\\\/\\\/www.facebook.com\\\/penguincoldcaps\\\/\",\"https:\\\/\\\/x.com\\\/penguincoldcaps\",\"https:\\\/\\\/www.instagram.com\\\/penguincoldcapsglobal\\\/\"]}]}<\/script>\n<!-- \/ Yoast SEO plugin. -->","yoast_head_json":{"title":"Su representante de Penguin Cold Caps - Penguin Cold Caps","robots":{"index":"index","follow":"follow","max-snippet":"max-snippet:-1","max-image-preview":"max-image-preview:large","max-video-preview":"max-video-preview:-1"},"canonical":"https:\/\/penguincoldcaps.com\/es\/servicios\/su-representante-de-penguin\/","og_locale":"es_ES","og_type":"article","og_title":"Su representante de Penguin Cold Caps - Penguin Cold Caps","og_url":"https:\/\/penguincoldcaps.com\/es\/servicios\/su-representante-de-penguin\/","og_site_name":"Penguin Cold Caps","article_publisher":"https:\/\/www.facebook.com\/penguincoldcaps\/","article_modified_time":"2025-06-16T09:48:11+00:00","twitter_card":"summary_large_image","twitter_site":"@penguincoldcaps","schema":{"@context":"https:\/\/schema.org","@graph":[{"@type":"WebPage","@id":"https:\/\/penguincoldcaps.com\/es\/servicios\/su-representante-de-penguin\/","url":"https:\/\/penguincoldcaps.com\/es\/servicios\/su-representante-de-penguin\/","name":"Su representante de Penguin Cold Caps - Penguin Cold Caps","isPartOf":{"@id":"https:\/\/penguincoldcaps.com\/es\/#website"},"datePublished":"2023-03-01T17:38:14+00:00","dateModified":"2025-06-16T09:48:11+00:00","breadcrumb":{"@id":"https:\/\/penguincoldcaps.com\/es\/servicios\/su-representante-de-penguin\/#breadcrumb"},"inLanguage":"es","potentialAction":[{"@type":"ReadAction","target":["https:\/\/penguincoldcaps.com\/es\/servicios\/su-representante-de-penguin\/"]}]},{"@type":"BreadcrumbList","@id":"https:\/\/penguincoldcaps.com\/es\/servicios\/su-representante-de-penguin\/#breadcrumb","itemListElement":[{"@type":"ListItem","position":1,"name":"Home","item":"https:\/\/penguincoldcaps.com\/es\/"},{"@type":"ListItem","position":2,"name":"Servicios","item":"https:\/\/penguincoldcaps.com\/es\/servicios\/"},{"@type":"ListItem","position":3,"name":"Su representante de Penguin Cold Caps"}]},{"@type":"WebSite","@id":"https:\/\/penguincoldcaps.com\/es\/#website","url":"https:\/\/penguincoldcaps.com\/es\/","name":"Penguin Cold Caps","description":"","publisher":{"@id":"https:\/\/penguincoldcaps.com\/es\/#organization"},"potentialAction":[{"@type":"SearchAction","target":{"@type":"EntryPoint","urlTemplate":"https:\/\/penguincoldcaps.com\/es\/?s={search_term_string}"},"query-input":{"@type":"PropertyValueSpecification","valueRequired":true,"valueName":"search_term_string"}}],"inLanguage":"es"},{"@type":"Organization","@id":"https:\/\/penguincoldcaps.com\/es\/#organization","name":"Penguin Cold Caps","url":"https:\/\/penguincoldcaps.com\/es\/","logo":{"@type":"ImageObject","inLanguage":"es","@id":"https:\/\/penguincoldcaps.com\/es\/#\/schema\/logo\/image\/","url":"https:\/\/penguincoldcaps.com\/wp-content\/uploads\/2023\/08\/Penguin-logo-2022-v2-transparent-background-.png","contentUrl":"https:\/\/penguincoldcaps.com\/wp-content\/uploads\/2023\/08\/Penguin-logo-2022-v2-transparent-background-.png","width":898,"height":174,"caption":"Penguin Cold Caps"},"image":{"@id":"https:\/\/penguincoldcaps.com\/es\/#\/schema\/logo\/image\/"},"sameAs":["https:\/\/www.facebook.com\/penguincoldcaps\/","https:\/\/x.com\/penguincoldcaps","https:\/\/www.instagram.com\/penguincoldcapsglobal\/"]}]}},"_links":{"self":[{"href":"https:\/\/penguincoldcaps.com\/es\/wp-json\/wp\/v2\/pages\/2521","targetHints":{"allow":["GET"]}}],"collection":[{"href":"https:\/\/penguincoldcaps.com\/es\/wp-json\/wp\/v2\/pages"}],"about":[{"href":"https:\/\/penguincoldcaps.com\/es\/wp-json\/wp\/v2\/types\/page"}],"author":[{"embeddable":true,"href":"https:\/\/penguincoldcaps.com\/es\/wp-json\/wp\/v2\/users\/1"}],"replies":[{"embeddable":true,"href":"https:\/\/penguincoldcaps.com\/es\/wp-json\/wp\/v2\/comments?post=2521"}],"version-history":[{"count":0,"href":"https:\/\/penguincoldcaps.com\/es\/wp-json\/wp\/v2\/pages\/2521\/revisions"}],"up":[{"embeddable":true,"href":"https:\/\/penguincoldcaps.com\/es\/wp-json\/wp\/v2\/pages\/2539"}],"wp:attachment":[{"href":"https:\/\/penguincoldcaps.com\/es\/wp-json\/wp\/v2\/media?parent=2521"}],"curies":[{"name":"wp","href":"https:\/\/api.w.org\/{rel}","templated":true}]}}