{"id":2537,"date":"2023-02-17T15:40:38","date_gmt":"2023-02-17T15:40:38","guid":{"rendered":"https:\/\/penguincoldcaps.com\/nuestra-historia\/"},"modified":"2025-06-17T17:36:46","modified_gmt":"2025-06-17T17:36:46","slug":"nuestra-historia","status":"publish","type":"page","link":"https:\/\/penguincoldcaps.com\/es\/nuestra-historia\/","title":{"rendered":"Nuestra historia"},"content":{"rendered":"\n<section id=\"block_3618685672926904d0f411194864b6e2\" \n    class=\"py-2 py-md-4\"\n>\n    <div class=\"container\">\n    \n        <div class=\"row m-0\">\n\n            <div class=\"col-md-6\">\n            \n                <article class=\"headings-primary\">\n                \n                    <h1 class=\"mb-4\">La historia de Penguin Cold Caps<\/h1>\n<h2><\/h2>\n<h2>Nuestra misi\u00f3n<\/h2>\n<p>Nuestra misi\u00f3n es poner a su disposici\u00f3n una opci\u00f3n eficaz para minimizar la p\u00e9rdida del cabello inducida por productos qu\u00edmicos. Con ello esperamos eliminar las barreras que existen en el tratamiento de afecciones subyacentes causadas por el estigma de la p\u00e9rdida del cabello.<\/p>\n                \n                <\/article>\n\n            <\/div>\n\n            <div class=\"col-md-6\">\n        \n                <article class=\"headings-primary\">\n                \n                    <h2><\/h2>\n<h2><\/h2>\n<p>&nbsp;<\/p>\n<p>&nbsp;<\/p>\n<p>&nbsp;<\/p>\n<h2>Innovaci\u00f3n de productos<\/h2>\n<p>Desde aquellos primeros d\u00edas, Frank y el equipo de ingenieros de Penguin Cold Caps siguen probando nuevos materiales y dise\u00f1os innovadores.<\/p>\n<p>Los gorros de enfriamiento m\u00e1s recientes contienen un gel Crylon patentado que los hace m\u00e1s maleables y les permite mantenerse fr\u00edos durante m\u00e1s tiempo. Facilitando a los pacientes y a los asistentes a mantener la temperatura adecuada, adem\u00e1s de moldearlos al contorno exacto del cuero cabelludo, de esta manera produce resultados a\u00fan mejores.<\/p>\n                \n                <\/article>\n\n            <\/div>        \n\n        <\/div>\n    \n    <\/div>\n\n<\/section>\n\n\n<section id=\"block_43e23826eee2d2d1df0bcf383017a09f\" \n    class=\"py-2 py-md-4\"\n>\n    <div class=\"container\">\n    \n        <div class=\"row m-0 justify-content-center flex-row-reverse flex-md-nowrap\">\n        \n            <div class=\"col-md-6 \">\n                <img loading=\"lazy\" decoding=\"async\" width=\"2560\" height=\"1729\" src=\"https:\/\/penguincoldcaps.com\/wp-content\/uploads\/2023\/07\/2022-06-15-Final-1-of-11-scaled.jpg\" class=\"img-fluid\" alt=\"\" srcset=\"https:\/\/penguincoldcaps.com\/wp-content\/uploads\/2023\/07\/2022-06-15-Final-1-of-11-scaled.jpg 2560w, https:\/\/penguincoldcaps.com\/wp-content\/uploads\/2023\/07\/2022-06-15-Final-1-of-11-300x203.jpg 300w, https:\/\/penguincoldcaps.com\/wp-content\/uploads\/2023\/07\/2022-06-15-Final-1-of-11-1024x692.jpg 1024w, https:\/\/penguincoldcaps.com\/wp-content\/uploads\/2023\/07\/2022-06-15-Final-1-of-11-768x519.jpg 768w, https:\/\/penguincoldcaps.com\/wp-content\/uploads\/2023\/07\/2022-06-15-Final-1-of-11-1536x1038.jpg 1536w, https:\/\/penguincoldcaps.com\/wp-content\/uploads\/2023\/07\/2022-06-15-Final-1-of-11-2048x1383.jpg 2048w, https:\/\/penguincoldcaps.com\/wp-content\/uploads\/2023\/07\/2022-06-15-Final-1-of-11-160x108.jpg 160w, https:\/\/penguincoldcaps.com\/wp-content\/uploads\/2023\/07\/2022-06-15-Final-1-of-11-640x432.jpg 640w\" sizes=\"auto, (max-width: 2560px) 100vw, 2560px\" \/> \n            <\/div>            \n            \n            <div class=\"col-md-6 d-flex pt-3 pt-md-0 bg-white \">\n        \n                <article class=\"mw-560 headings-primary\">\n                \n                    <h2>Nuestra historia<\/h2>\n<p>En 1996, Frank Fronda, ingeniero y empresario, tom\u00f3 conciencia de los efectos devastadores de la ca\u00edda del cabello causada por el tratamiento de quimioterapia. Se propuso investigar y desarrollar una soluci\u00f3n que permitiera a los enfermos de c\u00e1ncer conservar su cabello tras la quimioterapia.<\/p>\n<p>Frank consult\u00f3 con algunos de los mejores tric\u00f3logos del mundo para comprender las causas de la alopecia inducida por la quimioterapia. Y entonces, aprovechando su formaci\u00f3n en ingenier\u00eda, desarroll\u00f3 una terapia pionera que llegar\u00eda a la \u00abra\u00edz\u00bb del problema.<\/p>\n<p>Su investigaci\u00f3n y desarrollo condujeron al dise\u00f1o y lanzamiento de la terapia Penguin Cold Cap.<\/p>\n<p>Los ensayos iniciales en centros de investigaci\u00f3n m\u00e9dica brit\u00e1nicos condujeron al primer uso de la terapia de enfriamiento capilar de Penguin Cold Caps en los hospitales de Londres y, posteriormente, en todo el Reino Unido. Pronto surgieron solicitudes de pacientes extranjeros, y Cold Caps estableci\u00f3 su primer centro de distribuci\u00f3n en EE.UU. en 2006.<\/p>\n<p>Los gorros Penguin Cold Caps se utilizan actualmente en m\u00e1s de 1,400 hospitales de 56 pa\u00edses y han ayudado a conservar el cabello a m\u00e1s de 25,000 pacientes con c\u00e1ncer.<\/p>\n                \n                <\/article>\n\n            <\/div>        \n\n        <\/div>\n    \n    <\/div>\n\n<\/section>\n\n\n<section id=\"block_d9dbe97a50c1cc1097dc8ebde4f3c211\" \n    class=\"bg-img py-lg-5 text-center px-5 px-lg-3\n    \"\n    style=\"background-image: url('https:\/\/penguincoldcaps.com\/wp-content\/uploads\/2023\/02\/white-pattern.jpg');\"\n>\n    <div class=\"container\">\n        \n        <div class=\"row justify-content-center py-5\">\n\n                        \n                    <article class=\"col-lg-4 mb-5 mb-lg-0\">\n\n                        <img loading=\"lazy\" decoding=\"async\" width=\"59\" height=\"52\" src=\"https:\/\/penguincoldcaps.com\/wp-content\/uploads\/2023\/02\/pink-diamond.png\" class=\"img-fluid mb-3\" alt=\"\" \/> \n                        \n                                                    <h3 class=\"text-teal-darker fw-normal\">Penguin Cold Caps.<\/h3>\n                                                <p>M\u00e1s de 23 a\u00f1os de investigaci\u00f3n y desarrollo.<br class=\"d-none d-lg-block\">La terapia de Penguin Cold Caps constantemente<br class=\"d-none d-lg-block\">evoluciona escuchando a los pacientes<br class=\"d-none d-lg-block\">y a los profesionales m\u00e9dicos.<\/p>\n\n                    <\/article>\n\n                        \n                    <article class=\"col-lg-4 mb-5 mb-lg-0\">\n\n                        <img loading=\"lazy\" decoding=\"async\" width=\"59\" height=\"52\" src=\"https:\/\/penguincoldcaps.com\/wp-content\/uploads\/2023\/02\/pink-smiley.png\" class=\"img-fluid mb-3\" alt=\"\" \/> \n                        \n                                                    <h3 class=\"text-teal-darker fw-normal\">Resultados superiores para minimizar la ca\u00edda del cabello.<\/h3>\n                                                <p>Penguin Cold Caps es recomendado por<br class=\"d-none d-lg-block\">el \u00abRapunzel Project\u00bb y por muchos hospitales<br class=\"d-none d-lg-block\">y m\u00e9dicos de todo Estados Unidos.<\/p>\n\n                    <\/article>\n\n                        \n                    <article class=\"col-lg-4 mb-5 mb-lg-0\">\n\n                        <img loading=\"lazy\" decoding=\"async\" width=\"59\" height=\"52\" src=\"https:\/\/penguincoldcaps.com\/wp-content\/uploads\/2023\/02\/pink-hand-heart.png\" class=\"img-fluid mb-3\" alt=\"\" \/> \n                        \n                                                    <h3 class=\"text-teal-darker fw-normal\">Apoyamos. Ll\u00e1menos.<\/h3>\n                                                <p>Muchos de nuestros representantes han<br class=\"d-none d-lg-block\">utilizado con \u00e9xito Penguin Cold Caps<br class=\"d-none d-lg-block\">y pueden aconsejar en base a<br class=\"d-none d-lg-block\">su experiencia personal.<\/p>\n\n                    <\/article>\n\n                        \n        <\/div>\n        \n                  \n                        <a\n                            href=\"https:\/\/penguincoldcaps.com\/es\/solicitar-una-devolucion-de-llamada\/\"\n                            target=\"\"\n                            class=\"btn btn-primary \n                            shadow-lg rounded-pill\n                            text-center text-uppercase me-lg-1 flex-align-center d-block d-lg-inline-block mr-lg-2 px-3 mb-3 mb-lg-0 \n                                                        \"\n                        >\n                            Request a Call-back                        <\/a>\n                    \n                  \n                        <a\n                            href=\"https:\/\/order.penguincoldcaps.com\/shop\"\n                            target=\"\"\n                            class=\"btn btn-primary \n                            shadow-lg rounded-pill\n                            text-center text-uppercase me-lg-1 flex-align-center d-block d-lg-inline-block mr-lg-2 px-3 mb-3 mb-lg-0 \n                                                        \"\n                        >\n                            Order Now                        <\/a>\n                    \n            <\/div>\n    \n<\/section>\n\n\n\n\n\n\n<section id=\"block_6ec81dd16e5044e07b6555b64ec81a86\" \n    class=\"my-2 my-md-4 py-4 bg-light-pink text-primary\"\n>\n\n    <div class=\"container\">\n        <div class=\"row\">\n            <div class=\"col-12 text-center align-self-center fw-light headings-mb-0\">\n                <h4>Muchos de nuestros representantes han utilizado con \u00e9xito Penguin Cold Caps<br \/>\ny pueden dar consejos en base a su experiencia y conocimientos personales.<\/h4>\n            <\/div>\n        <\/div>\n    <\/div>\n<\/section>","protected":false},"excerpt":{"rendered":"","protected":false},"author":1,"featured_media":0,"parent":0,"menu_order":0,"comment_status":"closed","ping_status":"closed","template":"","meta":{"_acf_changed":true,"inline_featured_image":false,"footnotes":""},"class_list":["post-2537","page","type-page","status-publish","hentry"],"acf":[],"yoast_head":"<!-- This site is optimized with the Yoast SEO plugin v27.4 - https:\/\/yoast.com\/product\/yoast-seo-wordpress\/ -->\n<title>Nuestra historia - Penguin Cold Caps<\/title>\n<meta name=\"robots\" content=\"index, follow, max-snippet:-1, max-image-preview:large, max-video-preview:-1\" \/>\n<link rel=\"canonical\" href=\"https:\/\/penguincoldcaps.com\/es\/nuestra-historia\/\" \/>\n<meta property=\"og:locale\" content=\"es_ES\" \/>\n<meta property=\"og:type\" content=\"article\" \/>\n<meta property=\"og:title\" content=\"Nuestra historia - Penguin Cold Caps\" \/>\n<meta property=\"og:url\" content=\"https:\/\/penguincoldcaps.com\/es\/nuestra-historia\/\" \/>\n<meta property=\"og:site_name\" content=\"Penguin Cold Caps\" \/>\n<meta property=\"article:publisher\" content=\"https:\/\/www.facebook.com\/penguincoldcaps\/\" \/>\n<meta property=\"article:modified_time\" content=\"2025-06-17T17:36:46+00:00\" \/>\n<meta name=\"twitter:card\" content=\"summary_large_image\" \/>\n<meta name=\"twitter:site\" content=\"@penguincoldcaps\" \/>\n<script type=\"application\/ld+json\" class=\"yoast-schema-graph\">{\"@context\":\"https:\\\/\\\/schema.org\",\"@graph\":[{\"@type\":\"WebPage\",\"@id\":\"https:\\\/\\\/penguincoldcaps.com\\\/es\\\/nuestra-historia\\\/\",\"url\":\"https:\\\/\\\/penguincoldcaps.com\\\/es\\\/nuestra-historia\\\/\",\"name\":\"Nuestra historia - Penguin Cold Caps\",\"isPartOf\":{\"@id\":\"https:\\\/\\\/penguincoldcaps.com\\\/es\\\/#website\"},\"datePublished\":\"2023-02-17T15:40:38+00:00\",\"dateModified\":\"2025-06-17T17:36:46+00:00\",\"breadcrumb\":{\"@id\":\"https:\\\/\\\/penguincoldcaps.com\\\/es\\\/nuestra-historia\\\/#breadcrumb\"},\"inLanguage\":\"es\",\"potentialAction\":[{\"@type\":\"ReadAction\",\"target\":[\"https:\\\/\\\/penguincoldcaps.com\\\/es\\\/nuestra-historia\\\/\"]}]},{\"@type\":\"BreadcrumbList\",\"@id\":\"https:\\\/\\\/penguincoldcaps.com\\\/es\\\/nuestra-historia\\\/#breadcrumb\",\"itemListElement\":[{\"@type\":\"ListItem\",\"position\":1,\"name\":\"Home\",\"item\":\"https:\\\/\\\/penguincoldcaps.com\\\/es\\\/\"},{\"@type\":\"ListItem\",\"position\":2,\"name\":\"Nuestra historia\"}]},{\"@type\":\"WebSite\",\"@id\":\"https:\\\/\\\/penguincoldcaps.com\\\/es\\\/#website\",\"url\":\"https:\\\/\\\/penguincoldcaps.com\\\/es\\\/\",\"name\":\"Penguin Cold Caps\",\"description\":\"\",\"publisher\":{\"@id\":\"https:\\\/\\\/penguincoldcaps.com\\\/es\\\/#organization\"},\"potentialAction\":[{\"@type\":\"SearchAction\",\"target\":{\"@type\":\"EntryPoint\",\"urlTemplate\":\"https:\\\/\\\/penguincoldcaps.com\\\/es\\\/?s={search_term_string}\"},\"query-input\":{\"@type\":\"PropertyValueSpecification\",\"valueRequired\":true,\"valueName\":\"search_term_string\"}}],\"inLanguage\":\"es\"},{\"@type\":\"Organization\",\"@id\":\"https:\\\/\\\/penguincoldcaps.com\\\/es\\\/#organization\",\"name\":\"Penguin Cold Caps\",\"url\":\"https:\\\/\\\/penguincoldcaps.com\\\/es\\\/\",\"logo\":{\"@type\":\"ImageObject\",\"inLanguage\":\"es\",\"@id\":\"https:\\\/\\\/penguincoldcaps.com\\\/es\\\/#\\\/schema\\\/logo\\\/image\\\/\",\"url\":\"https:\\\/\\\/penguincoldcaps.com\\\/wp-content\\\/uploads\\\/2023\\\/08\\\/Penguin-logo-2022-v2-transparent-background-.png\",\"contentUrl\":\"https:\\\/\\\/penguincoldcaps.com\\\/wp-content\\\/uploads\\\/2023\\\/08\\\/Penguin-logo-2022-v2-transparent-background-.png\",\"width\":898,\"height\":174,\"caption\":\"Penguin Cold Caps\"},\"image\":{\"@id\":\"https:\\\/\\\/penguincoldcaps.com\\\/es\\\/#\\\/schema\\\/logo\\\/image\\\/\"},\"sameAs\":[\"https:\\\/\\\/www.facebook.com\\\/penguincoldcaps\\\/\",\"https:\\\/\\\/x.com\\\/penguincoldcaps\",\"https:\\\/\\\/www.instagram.com\\\/penguincoldcapsglobal\\\/\"]}]}<\/script>\n<!-- \/ Yoast SEO plugin. -->","yoast_head_json":{"title":"Nuestra historia - Penguin Cold Caps","robots":{"index":"index","follow":"follow","max-snippet":"max-snippet:-1","max-image-preview":"max-image-preview:large","max-video-preview":"max-video-preview:-1"},"canonical":"https:\/\/penguincoldcaps.com\/es\/nuestra-historia\/","og_locale":"es_ES","og_type":"article","og_title":"Nuestra historia - Penguin Cold Caps","og_url":"https:\/\/penguincoldcaps.com\/es\/nuestra-historia\/","og_site_name":"Penguin Cold Caps","article_publisher":"https:\/\/www.facebook.com\/penguincoldcaps\/","article_modified_time":"2025-06-17T17:36:46+00:00","twitter_card":"summary_large_image","twitter_site":"@penguincoldcaps","schema":{"@context":"https:\/\/schema.org","@graph":[{"@type":"WebPage","@id":"https:\/\/penguincoldcaps.com\/es\/nuestra-historia\/","url":"https:\/\/penguincoldcaps.com\/es\/nuestra-historia\/","name":"Nuestra historia - Penguin Cold Caps","isPartOf":{"@id":"https:\/\/penguincoldcaps.com\/es\/#website"},"datePublished":"2023-02-17T15:40:38+00:00","dateModified":"2025-06-17T17:36:46+00:00","breadcrumb":{"@id":"https:\/\/penguincoldcaps.com\/es\/nuestra-historia\/#breadcrumb"},"inLanguage":"es","potentialAction":[{"@type":"ReadAction","target":["https:\/\/penguincoldcaps.com\/es\/nuestra-historia\/"]}]},{"@type":"BreadcrumbList","@id":"https:\/\/penguincoldcaps.com\/es\/nuestra-historia\/#breadcrumb","itemListElement":[{"@type":"ListItem","position":1,"name":"Home","item":"https:\/\/penguincoldcaps.com\/es\/"},{"@type":"ListItem","position":2,"name":"Nuestra historia"}]},{"@type":"WebSite","@id":"https:\/\/penguincoldcaps.com\/es\/#website","url":"https:\/\/penguincoldcaps.com\/es\/","name":"Penguin Cold Caps","description":"","publisher":{"@id":"https:\/\/penguincoldcaps.com\/es\/#organization"},"potentialAction":[{"@type":"SearchAction","target":{"@type":"EntryPoint","urlTemplate":"https:\/\/penguincoldcaps.com\/es\/?s={search_term_string}"},"query-input":{"@type":"PropertyValueSpecification","valueRequired":true,"valueName":"search_term_string"}}],"inLanguage":"es"},{"@type":"Organization","@id":"https:\/\/penguincoldcaps.com\/es\/#organization","name":"Penguin Cold Caps","url":"https:\/\/penguincoldcaps.com\/es\/","logo":{"@type":"ImageObject","inLanguage":"es","@id":"https:\/\/penguincoldcaps.com\/es\/#\/schema\/logo\/image\/","url":"https:\/\/penguincoldcaps.com\/wp-content\/uploads\/2023\/08\/Penguin-logo-2022-v2-transparent-background-.png","contentUrl":"https:\/\/penguincoldcaps.com\/wp-content\/uploads\/2023\/08\/Penguin-logo-2022-v2-transparent-background-.png","width":898,"height":174,"caption":"Penguin Cold Caps"},"image":{"@id":"https:\/\/penguincoldcaps.com\/es\/#\/schema\/logo\/image\/"},"sameAs":["https:\/\/www.facebook.com\/penguincoldcaps\/","https:\/\/x.com\/penguincoldcaps","https:\/\/www.instagram.com\/penguincoldcapsglobal\/"]}]}},"_links":{"self":[{"href":"https:\/\/penguincoldcaps.com\/es\/wp-json\/wp\/v2\/pages\/2537","targetHints":{"allow":["GET"]}}],"collection":[{"href":"https:\/\/penguincoldcaps.com\/es\/wp-json\/wp\/v2\/pages"}],"about":[{"href":"https:\/\/penguincoldcaps.com\/es\/wp-json\/wp\/v2\/types\/page"}],"author":[{"embeddable":true,"href":"https:\/\/penguincoldcaps.com\/es\/wp-json\/wp\/v2\/users\/1"}],"replies":[{"embeddable":true,"href":"https:\/\/penguincoldcaps.com\/es\/wp-json\/wp\/v2\/comments?post=2537"}],"version-history":[{"count":0,"href":"https:\/\/penguincoldcaps.com\/es\/wp-json\/wp\/v2\/pages\/2537\/revisions"}],"wp:attachment":[{"href":"https:\/\/penguincoldcaps.com\/es\/wp-json\/wp\/v2\/media?parent=2537"}],"curies":[{"name":"wp","href":"https:\/\/api.w.org\/{rel}","templated":true}]}}