{"id":2481,"date":"2023-03-02T12:19:25","date_gmt":"2023-03-02T12:19:25","guid":{"rendered":"https:\/\/penguincoldcaps.com\/contenu-du-kit\/"},"modified":"2025-06-16T09:44:29","modified_gmt":"2025-06-16T09:44:29","slug":"contenu-du-kit","status":"publish","type":"page","link":"https:\/\/penguincoldcaps.com\/fr\/refroidissement-du-cuir-chevelu\/contenu-du-kit\/","title":{"rendered":"Contenu du kit"},"content":{"rendered":"\n<section class=\"d-flex align-items-center justify-content-center flex-column \n    bg-white     pt-4\" id=\"\" style=\"\"\n>\n\n        <div class=\"higher-index text-center\">\n        \n            <img decoding=\"async\" src=\"https:\/\/penguincoldcaps.com\/wp-content\/uploads\/2023\/02\/banner-logo.png\" width=\"240\" height=\"54\" alt=\"Penguin Cold Caps\" class=\"img-fluid mb-2 mb-lg-4\" loading=\"lazy\" \/>\n\n                        <h1 class=\"text-primary fs-2 mb-0\">Que contient votre kit ?<\/h1>\n\n                                <p class=\"fw-bold mt-2 mt-lg-3\">Votre kit Penguin contient tout ce dont vous avez besoin pour sauver vos cheveux pendant la chimio.<\/p>\n                    <\/div>\n<\/section>\n\n\n<section id=\"block_784331fe2e9792f95e2abd5a984aada5\" \n    class=\"py-2 py-md-4\"\n>\n    <div class=\"container\">\n    \n        <div class=\"row m-0 justify-content-center flex-row-reverse flex-md-nowrap\">\n        \n            <div class=\"col-md-6 \">\n                <img loading=\"lazy\" decoding=\"async\" width=\"640\" height=\"480\" src=\"https:\/\/penguincoldcaps.com\/wp-content\/uploads\/2023\/03\/penguin-cold-cap-user-grey-bg.png\" class=\"img-fluid\" alt=\"\" srcset=\"https:\/\/penguincoldcaps.com\/wp-content\/uploads\/2023\/03\/penguin-cold-cap-user-grey-bg.png 640w, https:\/\/penguincoldcaps.com\/wp-content\/uploads\/2023\/03\/penguin-cold-cap-user-grey-bg-300x225.png 300w, https:\/\/penguincoldcaps.com\/wp-content\/uploads\/2023\/03\/penguin-cold-cap-user-grey-bg-160x120.png 160w\" sizes=\"auto, (max-width: 640px) 100vw, 640px\" \/> \n            <\/div>            \n            \n            <div class=\"col-md-6 d-flex pt-3 pt-md-0 bg-white align-items-center\">\n        \n                <article class=\"mw-560 headings-primary\">\n                \n                    <h2>Votre kit Penguin contient<\/h2>\n<h3>3 bonnets r\u00e9frig\u00e9rants Penguin<\/h3>\n<p>Les bonnets r\u00e9frig\u00e9rants Penguin ont une surface conductrice efficace qui refroidit la surface de votre cuir chevelu tout en gardant les cheveux secs. Les bonnets sont remplis d&rsquo;un gel Crylon sp\u00e9cialement adapt\u00e9, qui permet aux bonnets de conserver leur temp\u00e9rature plus longtemps et les rend souples et flexibles, de sorte qu&rsquo;ils s&rsquo;adaptent confortablement \u00e0 votre cuir chevelu.<\/p>\n                \n                <\/article>\n\n            <\/div>        \n\n        <\/div>\n    \n    <\/div>\n\n<\/section>\n\n\n<section id=\"block_b3ab5feb1c78bee3c4ebedb420815d30\" \n    class=\"py-2 py-md-4\"\n>\n    <div class=\"container\">\n    \n        <div class=\"row m-0 justify-content-center   flex-md-nowrap\">\n        \n            <div class=\"col-md-6 \">\n                <img loading=\"lazy\" decoding=\"async\" width=\"640\" height=\"480\" src=\"https:\/\/penguincoldcaps.com\/wp-content\/uploads\/2023\/03\/penguin-cold-cap-headbands.jpeg\" class=\"img-fluid\" alt=\"\" srcset=\"https:\/\/penguincoldcaps.com\/wp-content\/uploads\/2023\/03\/penguin-cold-cap-headbands.jpeg 640w, https:\/\/penguincoldcaps.com\/wp-content\/uploads\/2023\/03\/penguin-cold-cap-headbands-300x225.jpeg 300w, https:\/\/penguincoldcaps.com\/wp-content\/uploads\/2023\/03\/penguin-cold-cap-headbands-160x120.jpeg 160w\" sizes=\"auto, (max-width: 640px) 100vw, 640px\" \/> \n            <\/div>            \n            \n            <div class=\"col-md-6 d-flex pt-3 pt-md-0 bg-white align-items-center\">\n        \n                <article class=\"mw-560 headings-primary\">\n                \n                    <h3>3 protecteurs avec gel de la racine des cheveux<\/h3>\n<p>Tirez sur les bandeaux en gel refroidis pour que le bonnet \u00e9pouse parfaitement l&rsquo;arri\u00e8re et les c\u00f4t\u00e9s de votre t\u00eate et fournisse une protection suppl\u00e9mentaire \u00e0 la racine des cheveux. Penguin est le seul syst\u00e8me de bonnets r\u00e9frig\u00e9rants offrant ce niveau suppl\u00e9mentaire de puissance de refroidissement pour prot\u00e9ger les \u00ab zones difficiles \u00e0 atteindre \u00bb de votre cuir chevelu.<\/p>\n                \n                <\/article>\n\n            <\/div>        \n\n        <\/div>\n    \n    <\/div>\n\n<\/section>\n\n\n<section id=\"block_a481171f8eaae6843c320ba089f21982\" \n    class=\"py-2 py-md-4 bg-light\"\n>\n<div class=\"container\">\n        \n        <div class=\"row\">\n        \n            <div class=\"col-md-3 text-center\">\n                <img loading=\"lazy\" decoding=\"async\" width=\"229\" height=\"74\" src=\"https:\/\/penguincoldcaps.com\/wp-content\/uploads\/2023\/03\/abc-news-logo.png\" class=\"img-fluid shodow-lg rounded-4\" alt=\"\" srcset=\"https:\/\/penguincoldcaps.com\/wp-content\/uploads\/2023\/03\/abc-news-logo.png 229w, https:\/\/penguincoldcaps.com\/wp-content\/uploads\/2023\/03\/abc-news-logo-160x52.png 160w\" sizes=\"auto, (max-width: 229px) 100vw, 229px\" \/>            <\/div>\n            \n            <div class=\"col-md-9 pt-2 pt-md-0 text-center align-self-center text-primary text-uppercase fst-italic\">\n                <p class=\"fs-4 mb-0\"><q>LA TH\u00c9RAPIE PAR BONNETS REFRIGERANTS PEUT AIDER LES FEMMES EN CHIMIOTH\u00c9RAPIE \u00c0 CONSERVER LEURS CHEVEUX<\/q><\/p>\n            <\/div>\n\n        <\/div>\n\n    <\/div>\n\n<\/section>\n\n\n<section id=\"block_1d10c75d89f5cf5c28f53c04e8e09fd9\" \n    class=\"py-2 py-md-4\"\n>\n    <div class=\"container\">\n    \n        <div class=\"row m-0 justify-content-center flex-row-reverse flex-md-nowrap\">\n        \n            <div class=\"col-md-6 \">\n                <img loading=\"lazy\" decoding=\"async\" width=\"480\" height=\"365\" src=\"https:\/\/penguincoldcaps.com\/wp-content\/uploads\/2023\/03\/Penguin-Cold-Cap-Fitting-image-480x365-1.png\" class=\"img-fluid\" alt=\"\" srcset=\"https:\/\/penguincoldcaps.com\/wp-content\/uploads\/2023\/03\/Penguin-Cold-Cap-Fitting-image-480x365-1.png 480w, https:\/\/penguincoldcaps.com\/wp-content\/uploads\/2023\/03\/Penguin-Cold-Cap-Fitting-image-480x365-1-300x228.png 300w, https:\/\/penguincoldcaps.com\/wp-content\/uploads\/2023\/03\/Penguin-Cold-Cap-Fitting-image-480x365-1-160x122.png 160w\" sizes=\"auto, (max-width: 480px) 100vw, 480px\" \/> \n            <\/div>            \n            \n            <div class=\"col-md-6 d-flex pt-3 pt-md-0 bg-white align-items-center\">\n        \n                <article class=\"mw-560 headings-primary\">\n                \n                    <h3>2 sangles noires<\/h3>\n<p>Les bandes \u00e9lastiques en velcro rapprochent les bonnets de votre cuir chevelu pour un ajustement parfait.<\/p>\n<h3>1 sangle jaune (si n\u00e9cessaire)<\/h3>\n<p>Le bandeau dor\u00e9 est le dernier rempart pour les cheveux \u00e9pais. Vous pouvez ainsi personnaliser l&rsquo;ajustement \u00e0 votre t\u00eate. Vous n&rsquo;avez pas besoin de l&rsquo;utiliser si vous sentez que les bonnets \u00e9pousent d\u00e9j\u00e0 bien votre cuir chevelu. Mais il est l\u00e0 pour \u00eatre utilis\u00e9 au cas o\u00f9.<\/p>\n                \n                <\/article>\n\n            <\/div>        \n\n        <\/div>\n    \n    <\/div>\n\n<\/section>\n\n\n<section id=\"block_420af1755156ac2ccad485ab53faa6ac\" \n    class=\"py-2 py-md-4\"\n>\n    <div class=\"container\">\n    \n        <div class=\"row m-0 justify-content-center   flex-md-nowrap\">\n        \n            <div class=\"col-md-6 \">\n                <img loading=\"lazy\" decoding=\"async\" width=\"640\" height=\"480\" src=\"https:\/\/penguincoldcaps.com\/wp-content\/uploads\/2023\/03\/penguin-cold-cap-thermometer.png\" class=\"img-fluid\" alt=\"\" srcset=\"https:\/\/penguincoldcaps.com\/wp-content\/uploads\/2023\/03\/penguin-cold-cap-thermometer.png 640w, https:\/\/penguincoldcaps.com\/wp-content\/uploads\/2023\/03\/penguin-cold-cap-thermometer-300x225.png 300w, https:\/\/penguincoldcaps.com\/wp-content\/uploads\/2023\/03\/penguin-cold-cap-thermometer-160x120.png 160w\" sizes=\"auto, (max-width: 640px) 100vw, 640px\" \/> \n            <\/div>            \n            \n            <div class=\"col-md-6 d-flex pt-3 pt-md-0 bg-white align-items-center\">\n        \n                <article class=\"mw-560 headings-primary\">\n                \n                    <h3>1 thermom\u00e8tre<\/h3>\n<p>Chaque kit est accompagn\u00e9 d&rsquo;un thermom\u00e8tre permettant de s&rsquo;assurer que les bonnets ont atteint la bonne temp\u00e9rature avant utilisation.<\/p>\n                \n                <\/article>\n\n            <\/div>        \n\n        <\/div>\n    \n    <\/div>\n\n<\/section>\n\n\n<section id=\"block_6cc4bfc9cfd2c85ea2e0f416c013d46a\" \n    class=\"my-2 my-md-4 py-4 bg-dark-grey text-primary\"\n>\n\n    <div class=\"container\">\n        <div class=\"row\">\n            <div class=\"col-12 text-center align-self-center fw-light headings-mb-0\">\n                <h3>\u00ab Ma deuxi\u00e8me plus grande peur \u00e9tait l&rsquo;id\u00e9e de devenir chauve.<\/h3>\n<h3>Je suis si satisfaite d&rsquo;avoir utilis\u00e9 la m\u00e9thode Penguin \u00bb.<\/h3>\n            <\/div>\n        <\/div>\n    <\/div>\n<\/section>\n\n\n<section id=\"block_cd1c95f7afe8adeac47ef188398fca49\" \n    class=\"py-2 py-md-4\"\n>\n    <div class=\"container\">\n    \n        <div class=\"row m-0 justify-content-center flex-row-reverse flex-md-nowrap\">\n        \n            <div class=\"col-md-6 \">\n                <img loading=\"lazy\" decoding=\"async\" width=\"640\" height=\"480\" src=\"https:\/\/penguincoldcaps.com\/wp-content\/uploads\/2023\/03\/penguin-cold-cap-user-grey-bg.png\" class=\"img-fluid\" alt=\"\" srcset=\"https:\/\/penguincoldcaps.com\/wp-content\/uploads\/2023\/03\/penguin-cold-cap-user-grey-bg.png 640w, https:\/\/penguincoldcaps.com\/wp-content\/uploads\/2023\/03\/penguin-cold-cap-user-grey-bg-300x225.png 300w, https:\/\/penguincoldcaps.com\/wp-content\/uploads\/2023\/03\/penguin-cold-cap-user-grey-bg-160x120.png 160w\" sizes=\"auto, (max-width: 640px) 100vw, 640px\" \/> \n            <\/div>            \n            \n            <div class=\"col-md-6 d-flex pt-3 pt-md-0 bg-white align-items-center\">\n        \n                <article class=\"mw-560 headings-primary\">\n                \n                    <h3>1 bo\u00eete r\u00e9frig\u00e9rante (kit sup\u00e9rieur uniquement)<\/h3>\n<p>Si votre clinique dispose d&rsquo;un cong\u00e9lateur biom\u00e9dical que vous pouvez utiliser pour refroidir les bonnets, vous n&rsquo;aurez pas besoin d&rsquo;une glaci\u00e8re. Si ce n&rsquo;est pas le cas, la glaci\u00e8re \u00e0 glace s\u00e8che sp\u00e9cialement con\u00e7ue \u00e0 cet effet maintiendra la temp\u00e9rature de vos bonnets pendant toute la dur\u00e9e du traitement.<\/p>\n<div class=\"d-flex\">\n            <a\n                class=\"btn btn-outline-primary text-uppercase shadow-lg my-3 mx-auto rounded-pill py-1 px-3\"\n                href=\"https:\/\/penguincoldcaps.com\/fr\/refroidissement-du-cuir-chevelu\/prix-et-expedition\/\"\n            >Prix et exp\u00e9dition<\/a>\n        <\/div>\n                \n                <\/article>\n\n            <\/div>        \n\n        <\/div>\n    \n    <\/div>\n\n<\/section>\n\n\n<section id=\"block_bd39dcfafcd540ae2d8d190975e3b4e0\" \n    class=\"bg-white my-4\"\n>\n\n    <div class=\"container\">\n        <div class=\"row py-2 py-md-4 align-items-center\">\n            \n            <div class=\"col-md-7\">\n                <h2>Pr\u00eate \u00e0 sauver vos cheveux ?<\/h2>\n<h2 class=\"ps-4 text-primary\">Ne tardez pas, commandez d\u00e8s aujourd&rsquo;hui<\/h2>\n            <\/div>\n            \n            <div class=\"col-md-5 pt-4 pt-md-0\">\n                <div class=\"row align-items-center\">\n                                            <div class=\"col-md-6\">\n                            <a\n                                href=\"https:\/\/order.penguincoldcaps.com\/shop\"\n                                target=\"\"\n                                class=\"btn btn-primary \n                                w-100 shadow-lg rounded-pill text-uppercase mt-2 mt-md-0\n                                                                \"\n                            >\n                            ORDER NOW                            <\/a>\n                        <\/div>\n                                            <div class=\"col-md-6\">\n                            <a\n                                href=\"https:\/\/penguincoldcaps.com\/fr\/demande-de-rappel\/\"\n                                target=\"\"\n                                class=\"btn btn-secondary \n                                w-100 shadow-lg rounded-pill text-uppercase mt-2 mt-md-0\n                                text-primary                                \"\n                            >\n                            DEMANDEZ UNE CONSULTATION <b>gratuite<\/b>                            <\/a>\n                        <\/div>\n                                        \n                <\/div>\n            <\/div>\n        <\/div>\n    <\/div>\n<\/section>\n\n\n<section id=\"block_66215099fb85d7c54065e1166a36a818\" \n    class=\"my-md-4 my-2 card border-0 bg-img\"\n    style=\"background-image: url('https:\/\/penguincoldcaps.com\/wp-content\/uploads\/2023\/03\/banner-bg-lens-flare-left.png');\"\n>\n    <div class=\"container\">\n        <div class=\"row py-3 align-items-center \">\n            <div class=\"col-md-3\">\n                <img loading=\"lazy\" decoding=\"async\" width=\"508\" height=\"581\" src=\"https:\/\/penguincoldcaps.com\/wp-content\/uploads\/2023\/02\/example.jpg\" class=\"img-fluid shodow-lg rounded-4\" alt=\"\" srcset=\"https:\/\/penguincoldcaps.com\/wp-content\/uploads\/2023\/02\/example.jpg 508w, https:\/\/penguincoldcaps.com\/wp-content\/uploads\/2023\/02\/example-262x300.jpg 262w\" sizes=\"auto, (max-width: 508px) 100vw, 508px\" \/>            <\/div>\n            \n            <div class=\"col-md-9 pt-md-0 pt-5 text-center\">\n\n                <h3 class=\"fw-bold\"><em><span class=\"quote-open\">\u00ab\u00a0<\/span>Mes enfants n&rsquo;ont pas \u00e9t\u00e9 affect\u00e9s par ma maladie parce que j&rsquo;ai pu garder mes cheveux. Je suis toujours rest\u00e9e la m\u00eame physiquement.<span class=\"span-closed\">\u00ab\u00a0<\/span><\/em><\/h3>\n\n                <cite>\n                                                <p class=\"fs-5 mb-0\">&#8211; Leila<\/p>\n                    \n                                                <p class=\"fs-6 mb-0\">Californie<\/p>\n                                           \n                    \n                <\/cite>\n            <\/div>\n        <\/div>\n    <\/div>\n<\/section>\n\n\n<section id=\"block_8af22f5bcf3f895d84f8893ba4d5537e\" \n    class=\"bg-white my-4\"\n>\n\n    <div class=\"container\">\n        <div class=\"row py-2 py-md-4 align-items-center\">\n            \n            <div class=\"col-md-7\">\n                <h2 class=\"mb-0\">Vous n&rsquo;\u00eates toujours pas s\u00fbre ?<\/h2>\n<h2 class=\"text-primary mb-0\">Parlez \u00e0 un sp\u00e9cialiste d\u00e8s aujourd&rsquo;hui<\/h2>\n            <\/div>\n            \n            <div class=\"col-md-5 pt-4 pt-md-0\">\n                <div class=\"row align-items-center\">\n                                            <div class=\"col-md-10 offset-md-1\">\n                            <a\n                                href=\"https:\/\/penguincoldcaps.com\/fr\/demande-de-rappel\/\"\n                                target=\"\"\n                                class=\"btn btn-primary \n                                w-100 shadow-lg rounded-pill text-uppercase mt-2 mt-md-0\n                                                                py-2\"\n                            >\n                            DEMANDER UNE CONSULTATION <b>GRATUITE<\/b>                             <\/a>\n                        <\/div>\n                                        \n                <\/div>\n            <\/div>\n        <\/div>\n    <\/div>\n<\/section>\n","protected":false},"excerpt":{"rendered":"","protected":false},"author":1,"featured_media":0,"parent":5227,"menu_order":5,"comment_status":"closed","ping_status":"closed","template":"","meta":{"_acf_changed":true,"inline_featured_image":false,"footnotes":""},"class_list":["post-2481","page","type-page","status-publish","hentry"],"acf":[],"yoast_head":"<!-- This site is optimized with the Yoast SEO plugin v27.3 - https:\/\/yoast.com\/product\/yoast-seo-wordpress\/ -->\n<title>Contenu du kit - Penguin Cold Caps<\/title>\n<meta name=\"robots\" content=\"index, follow, max-snippet:-1, max-image-preview:large, max-video-preview:-1\" \/>\n<link rel=\"canonical\" href=\"https:\/\/penguincoldcaps.com\/fr\/refroidissement-du-cuir-chevelu\/contenu-du-kit\/\" \/>\n<meta property=\"og:locale\" content=\"fr_FR\" \/>\n<meta property=\"og:type\" content=\"article\" \/>\n<meta property=\"og:title\" content=\"Contenu du kit - Penguin Cold Caps\" \/>\n<meta property=\"og:url\" content=\"https:\/\/penguincoldcaps.com\/fr\/refroidissement-du-cuir-chevelu\/contenu-du-kit\/\" \/>\n<meta property=\"og:site_name\" content=\"Penguin Cold Caps\" \/>\n<meta property=\"article:publisher\" content=\"https:\/\/www.facebook.com\/penguincoldcaps\/\" \/>\n<meta property=\"article:modified_time\" content=\"2025-06-16T09:44:29+00:00\" \/>\n<meta name=\"twitter:card\" content=\"summary_large_image\" \/>\n<meta name=\"twitter:site\" content=\"@penguincoldcaps\" \/>\n<script type=\"application\/ld+json\" class=\"yoast-schema-graph\">{\"@context\":\"https:\\\/\\\/schema.org\",\"@graph\":[{\"@type\":\"WebPage\",\"@id\":\"https:\\\/\\\/penguincoldcaps.com\\\/fr\\\/refroidissement-du-cuir-chevelu\\\/contenu-du-kit\\\/\",\"url\":\"https:\\\/\\\/penguincoldcaps.com\\\/fr\\\/refroidissement-du-cuir-chevelu\\\/contenu-du-kit\\\/\",\"name\":\"Contenu du kit - Penguin Cold Caps\",\"isPartOf\":{\"@id\":\"https:\\\/\\\/penguincoldcaps.com\\\/fr\\\/#website\"},\"datePublished\":\"2023-03-02T12:19:25+00:00\",\"dateModified\":\"2025-06-16T09:44:29+00:00\",\"breadcrumb\":{\"@id\":\"https:\\\/\\\/penguincoldcaps.com\\\/fr\\\/refroidissement-du-cuir-chevelu\\\/contenu-du-kit\\\/#breadcrumb\"},\"inLanguage\":\"fr-FR\",\"potentialAction\":[{\"@type\":\"ReadAction\",\"target\":[\"https:\\\/\\\/penguincoldcaps.com\\\/fr\\\/refroidissement-du-cuir-chevelu\\\/contenu-du-kit\\\/\"]}]},{\"@type\":\"BreadcrumbList\",\"@id\":\"https:\\\/\\\/penguincoldcaps.com\\\/fr\\\/refroidissement-du-cuir-chevelu\\\/contenu-du-kit\\\/#breadcrumb\",\"itemListElement\":[{\"@type\":\"ListItem\",\"position\":1,\"name\":\"Home\",\"item\":\"https:\\\/\\\/penguincoldcaps.com\\\/fr\\\/\"},{\"@type\":\"ListItem\",\"position\":2,\"name\":\"Refroidissement du cuir chevelu\",\"item\":\"https:\\\/\\\/fr.penguincoldcaps.com\\\/fr\\\/refroidissement-du-cuir-chevelu\\\/\"},{\"@type\":\"ListItem\",\"position\":3,\"name\":\"Contenu du kit\"}]},{\"@type\":\"WebSite\",\"@id\":\"https:\\\/\\\/penguincoldcaps.com\\\/fr\\\/#website\",\"url\":\"https:\\\/\\\/penguincoldcaps.com\\\/fr\\\/\",\"name\":\"Penguin Cold Caps\",\"description\":\"\",\"publisher\":{\"@id\":\"https:\\\/\\\/penguincoldcaps.com\\\/fr\\\/#organization\"},\"potentialAction\":[{\"@type\":\"SearchAction\",\"target\":{\"@type\":\"EntryPoint\",\"urlTemplate\":\"https:\\\/\\\/penguincoldcaps.com\\\/fr\\\/?s={search_term_string}\"},\"query-input\":{\"@type\":\"PropertyValueSpecification\",\"valueRequired\":true,\"valueName\":\"search_term_string\"}}],\"inLanguage\":\"fr-FR\"},{\"@type\":\"Organization\",\"@id\":\"https:\\\/\\\/penguincoldcaps.com\\\/fr\\\/#organization\",\"name\":\"Penguin Cold Caps\",\"url\":\"https:\\\/\\\/penguincoldcaps.com\\\/fr\\\/\",\"logo\":{\"@type\":\"ImageObject\",\"inLanguage\":\"fr-FR\",\"@id\":\"https:\\\/\\\/penguincoldcaps.com\\\/fr\\\/#\\\/schema\\\/logo\\\/image\\\/\",\"url\":\"https:\\\/\\\/penguincoldcaps.com\\\/wp-content\\\/uploads\\\/2023\\\/08\\\/Penguin-logo-2022-v2-transparent-background-.png\",\"contentUrl\":\"https:\\\/\\\/penguincoldcaps.com\\\/wp-content\\\/uploads\\\/2023\\\/08\\\/Penguin-logo-2022-v2-transparent-background-.png\",\"width\":898,\"height\":174,\"caption\":\"Penguin Cold Caps\"},\"image\":{\"@id\":\"https:\\\/\\\/penguincoldcaps.com\\\/fr\\\/#\\\/schema\\\/logo\\\/image\\\/\"},\"sameAs\":[\"https:\\\/\\\/www.facebook.com\\\/penguincoldcaps\\\/\",\"https:\\\/\\\/x.com\\\/penguincoldcaps\",\"https:\\\/\\\/www.instagram.com\\\/penguincoldcapsglobal\\\/\"]}]}<\/script>\n<!-- \/ Yoast SEO plugin. -->","yoast_head_json":{"title":"Contenu du kit - Penguin Cold Caps","robots":{"index":"index","follow":"follow","max-snippet":"max-snippet:-1","max-image-preview":"max-image-preview:large","max-video-preview":"max-video-preview:-1"},"canonical":"https:\/\/penguincoldcaps.com\/fr\/refroidissement-du-cuir-chevelu\/contenu-du-kit\/","og_locale":"fr_FR","og_type":"article","og_title":"Contenu du kit - Penguin Cold Caps","og_url":"https:\/\/penguincoldcaps.com\/fr\/refroidissement-du-cuir-chevelu\/contenu-du-kit\/","og_site_name":"Penguin Cold Caps","article_publisher":"https:\/\/www.facebook.com\/penguincoldcaps\/","article_modified_time":"2025-06-16T09:44:29+00:00","twitter_card":"summary_large_image","twitter_site":"@penguincoldcaps","schema":{"@context":"https:\/\/schema.org","@graph":[{"@type":"WebPage","@id":"https:\/\/penguincoldcaps.com\/fr\/refroidissement-du-cuir-chevelu\/contenu-du-kit\/","url":"https:\/\/penguincoldcaps.com\/fr\/refroidissement-du-cuir-chevelu\/contenu-du-kit\/","name":"Contenu du kit - Penguin Cold Caps","isPartOf":{"@id":"https:\/\/penguincoldcaps.com\/fr\/#website"},"datePublished":"2023-03-02T12:19:25+00:00","dateModified":"2025-06-16T09:44:29+00:00","breadcrumb":{"@id":"https:\/\/penguincoldcaps.com\/fr\/refroidissement-du-cuir-chevelu\/contenu-du-kit\/#breadcrumb"},"inLanguage":"fr-FR","potentialAction":[{"@type":"ReadAction","target":["https:\/\/penguincoldcaps.com\/fr\/refroidissement-du-cuir-chevelu\/contenu-du-kit\/"]}]},{"@type":"BreadcrumbList","@id":"https:\/\/penguincoldcaps.com\/fr\/refroidissement-du-cuir-chevelu\/contenu-du-kit\/#breadcrumb","itemListElement":[{"@type":"ListItem","position":1,"name":"Home","item":"https:\/\/penguincoldcaps.com\/fr\/"},{"@type":"ListItem","position":2,"name":"Refroidissement du cuir chevelu","item":"https:\/\/fr.penguincoldcaps.com\/fr\/refroidissement-du-cuir-chevelu\/"},{"@type":"ListItem","position":3,"name":"Contenu du kit"}]},{"@type":"WebSite","@id":"https:\/\/penguincoldcaps.com\/fr\/#website","url":"https:\/\/penguincoldcaps.com\/fr\/","name":"Penguin Cold Caps","description":"","publisher":{"@id":"https:\/\/penguincoldcaps.com\/fr\/#organization"},"potentialAction":[{"@type":"SearchAction","target":{"@type":"EntryPoint","urlTemplate":"https:\/\/penguincoldcaps.com\/fr\/?s={search_term_string}"},"query-input":{"@type":"PropertyValueSpecification","valueRequired":true,"valueName":"search_term_string"}}],"inLanguage":"fr-FR"},{"@type":"Organization","@id":"https:\/\/penguincoldcaps.com\/fr\/#organization","name":"Penguin Cold Caps","url":"https:\/\/penguincoldcaps.com\/fr\/","logo":{"@type":"ImageObject","inLanguage":"fr-FR","@id":"https:\/\/penguincoldcaps.com\/fr\/#\/schema\/logo\/image\/","url":"https:\/\/penguincoldcaps.com\/wp-content\/uploads\/2023\/08\/Penguin-logo-2022-v2-transparent-background-.png","contentUrl":"https:\/\/penguincoldcaps.com\/wp-content\/uploads\/2023\/08\/Penguin-logo-2022-v2-transparent-background-.png","width":898,"height":174,"caption":"Penguin Cold Caps"},"image":{"@id":"https:\/\/penguincoldcaps.com\/fr\/#\/schema\/logo\/image\/"},"sameAs":["https:\/\/www.facebook.com\/penguincoldcaps\/","https:\/\/x.com\/penguincoldcaps","https:\/\/www.instagram.com\/penguincoldcapsglobal\/"]}]}},"_links":{"self":[{"href":"https:\/\/penguincoldcaps.com\/fr\/wp-json\/wp\/v2\/pages\/2481","targetHints":{"allow":["GET"]}}],"collection":[{"href":"https:\/\/penguincoldcaps.com\/fr\/wp-json\/wp\/v2\/pages"}],"about":[{"href":"https:\/\/penguincoldcaps.com\/fr\/wp-json\/wp\/v2\/types\/page"}],"author":[{"embeddable":true,"href":"https:\/\/penguincoldcaps.com\/fr\/wp-json\/wp\/v2\/users\/1"}],"replies":[{"embeddable":true,"href":"https:\/\/penguincoldcaps.com\/fr\/wp-json\/wp\/v2\/comments?post=2481"}],"version-history":[{"count":0,"href":"https:\/\/penguincoldcaps.com\/fr\/wp-json\/wp\/v2\/pages\/2481\/revisions"}],"up":[{"embeddable":true,"href":"https:\/\/penguincoldcaps.com\/fr\/wp-json\/wp\/v2\/pages\/5227"}],"wp:attachment":[{"href":"https:\/\/penguincoldcaps.com\/fr\/wp-json\/wp\/v2\/media?parent=2481"}],"curies":[{"name":"wp","href":"https:\/\/api.w.org\/{rel}","templated":true}]}}