{"id":2483,"date":"2023-03-01T17:38:14","date_gmt":"2023-03-01T17:38:14","guid":{"rendered":"https:\/\/penguincoldcaps.com\/votre-representant-pour-le-pingouin\/"},"modified":"2025-06-16T09:48:08","modified_gmt":"2025-06-16T09:48:08","slug":"votre-representant-pour-le-pingouin","status":"publish","type":"page","link":"https:\/\/penguincoldcaps.com\/fr\/services\/votre-representant-pour-le-pingouin\/","title":{"rendered":"Votre conseiller Penguin"},"content":{"rendered":"\n<section class=\"d-flex align-items-center justify-content-center flex-column \n    bg-white     pt-4\" id=\"\" style=\"\"\n>\n\n        <div class=\"higher-index text-center\">\n        \n            <img decoding=\"async\" src=\"https:\/\/penguincoldcaps.com\/wp-content\/uploads\/2023\/02\/banner-logo.png\" width=\"240\" height=\"54\" alt=\"Penguin Cold Caps\" class=\"img-fluid mb-2 mb-lg-4\" loading=\"lazy\" \/>\n\n                        <h1 class=\"text-primary fs-2 mb-0\">Votre conseiller Penguin<\/h1>\n\n                    <\/div>\n<\/section>\n\n \n\n<section id=\"block_d4e159aa3dcd856cfda9aa19ac7dc090\" \n    class=\"py-2 py-md-4\"\n>\n    <div class=\"container\">\n        <div class=\"row\">\n            \n            <div class=\"col-lg-6 headings-primary\">\n                <div class=\"mw-560 headings-primary\">\n                    <h2>Votre conseiller Penguin<\/h2>\n<p><strong>Tous nos conseillers Penguin sont passionn\u00e9s par ce qu&rsquo;ils font et se donnent pour mission d&rsquo;obtenir les meilleurs r\u00e9sultats pour vous.<\/strong><\/p>\n<p>Nos patients nous ont dit \u00e0 maintes reprises que leur conseiller Penguin a constitu\u00e9 une bou\u00e9e de sauvetage pour eux, tout au long de leur traitement de chimioth\u00e9rapie. Nous pensons que c&rsquo;est parce que 75 % de nos conseillers ont sauv\u00e9 leurs propres cheveux gr\u00e2ce aux bonnets r\u00e9frig\u00e9r\u00e9s Penguin. Ils savent ce que c&rsquo;est que de recevoir un diagnostic de cancer et de subir un traitement de chimioth\u00e9rapie. Ils comprennent votre d\u00e9sir de sauver vos cheveux et feront tout ce qui est en leur pouvoir pour y parvenir.<\/p>\n<p>Cheryl est une conseill\u00e8re Penguin \u00e0 qui l&rsquo;on a diagnostiqu\u00e9 un cancer du sein en 2015. Elle a utilis\u00e9 les bonnets r\u00e9frig\u00e9r\u00e9s Penguin pour sauver ses cheveux et guide maintenant d&rsquo;autres personnes pour qu&rsquo;elles fassent de m\u00eame.<\/p>\n                <\/div>\n            <\/div>\n            \n            <div class=\"col-lg-6\">\n            \n                <div class=\"card border-0 bg-img my-4\" \n                    style=\"background-image: url('https:\/\/penguincoldcaps.com\/wp-content\/uploads\/2023\/03\/banner-lens-flare-center-e1688478374382.png');\"\n                >\n                    <div class=\"container\">\n                        <div\n                            class=\"row py-3 px-4 align-items-center flex-row-reverse\"\n                        >\n                            <div class=\"col-md-6 text-center\">\n                                <img loading=\"lazy\" decoding=\"async\" width=\"676\" height=\"768\" src=\"https:\/\/penguincoldcaps.com\/wp-content\/uploads\/2023\/07\/Cheryl.jpeg\" class=\"img-fluid shadow-lg rounded-4&quot;\" alt=\"Photo of Rep\" srcset=\"https:\/\/penguincoldcaps.com\/wp-content\/uploads\/2023\/07\/Cheryl.jpeg 676w, https:\/\/penguincoldcaps.com\/wp-content\/uploads\/2023\/07\/Cheryl-264x300.jpeg 264w, https:\/\/penguincoldcaps.com\/wp-content\/uploads\/2023\/07\/Cheryl-160x182.jpeg 160w, https:\/\/penguincoldcaps.com\/wp-content\/uploads\/2023\/07\/Cheryl-526x598.jpeg 526w\" sizes=\"auto, (max-width: 676px) 100vw, 676px\" \/> \n                            <\/div>\n                            <div class=\"col-md-6 pt-md-0 pt-5 text-center fst-italic fw-semibold\">\n                                <p class=\"position-relative\">\n                                    <span class=\"fs-2\">&ldquo;<\/span>\n                                    Les bonnets sont vraiment froids et les cinq premi\u00e8res minutes sont les plus difficiles. Mais une fois les premi\u00e8res minutes pass\u00e9es, le cuir chevelu s&rsquo;engourdit et c&rsquo;est beaucoup plus supportable.                                    <span class=\"position-absolute end-0 fs-2\">&rdquo;<\/span>\n                                <\/p>\n\n                                                                    <a href=\"https:\/\/penguincoldcaps.com\/fr\/user-stories\/lhistoire-de-cheryl\/\">\n                                        Lire le t\u00e9moignage de Cheryl                                    <\/a>\n\n                                                            <\/div>\n                        <\/div>\n                    <\/div>\n                <\/div>\n            <\/div>\n        <\/div>\n    <\/div>\n<\/section>\n\n\n<section id=\"block_79296b41281081af478cfd0c2e95333a\" \n    class=\"py-2 py-md-4 \n    bg-\">\n    <div class=\"container\">\n        <div class=\"row\">\n            <div class=\"col-12 headings-primary\">\n                <h2>Nous sommes l\u00e0 pour vous aider<\/h2>\n            <\/div>\n        <\/div>\n    <\/div>\n<\/section>\n\n\n\n\n<section id=\"block_e054cfa630d1e96b1f1c9741fe087943\" \n    class=\"py-2 py-md-4\"\n>\n    <div class=\"container\">\n    \n        <div class=\"row m-0 justify-content-center flex-row-reverse flex-md-nowrap\">\n        \n            <div class=\"col-md-6 d-flex flex-column align-items-center\">\n                <img loading=\"lazy\" decoding=\"async\" width=\"540\" height=\"334\" src=\"https:\/\/penguincoldcaps.com\/wp-content\/uploads\/2023\/03\/penguin-cold-cap-patient.png\" class=\"img-fluid\" alt=\"\" srcset=\"https:\/\/penguincoldcaps.com\/wp-content\/uploads\/2023\/03\/penguin-cold-cap-patient.png 540w, https:\/\/penguincoldcaps.com\/wp-content\/uploads\/2023\/03\/penguin-cold-cap-patient-300x186.png 300w, https:\/\/penguincoldcaps.com\/wp-content\/uploads\/2023\/03\/penguin-cold-cap-patient-160x99.png 160w\" sizes=\"auto, (max-width: 540px) 100vw, 540px\" \/> \n            <\/div>            \n            \n            <div class=\"col-md-6 d-flex pt-3 pt-md-0 bg-white \">\n        \n                <article class=\"mw-560 headings-primary\">\n                \n                    <h3 style=\"text-align: left;\">Passer votre commande<\/h3>\n<p style=\"text-align: left;\">D\u00e8s que vous passez votre commande, votre conseiller local vous contacte. Et avant m\u00eame de passer votre commande, si vous avez besoin d&rsquo;aide pour remplir le formulaire, <a href=\"https:\/\/fr.penguincoldcaps.com\/demande-de-rappel\/\">demandez \u00e0 \u00eatre rappel\u00e9<\/a> et nous ferons en sorte que votre conseiller vous appelle directement et vous accompagne pendant que vous remplissez le formulaire.<\/p>\n                \n                <\/article>\n\n            <\/div>        \n\n        <\/div>\n    \n    <\/div>\n\n<\/section>\n\n\n<section id=\"block_c3ea7c5b6816a1b5540ae9343a14a9c3\" \n    class=\"py-2 py-md-4\"\n>\n    <div class=\"container\">\n    \n        <div class=\"row m-0\">\n\n            <div class=\"col-md-6\">\n            \n                <article class=\"headings-primary\">\n                \n                    <h3>Conseils et soutien<\/h3>\n<p>Votre conseiller a aid\u00e9 de nombreux patients \u00e0 sauver leurs cheveux en utilisant les bonnets r\u00e9frig\u00e9r\u00e9s Penguin. Ils vous fourniront des informations sur les soins \u00e0 apporter aux cheveux, le port des bonnets, ce qu&rsquo;il faut emporter lors de vos s\u00e9ances de chimioth\u00e9rapie et la meilleure fa\u00e7on de prendre soin de votre sant\u00e9 physique et mentale.<\/p>\n<p>Un diagnostic de cancer est une exp\u00e9rience traumatisante, et faire face aux effets secondaires de la chimioth\u00e9rapie est un d\u00e9fi, m\u00eame pour les personnes les plus fortes. Votre conseiller est un pilier de soutien amical et comp\u00e9tent, une personne que vous pouvez <a href=\"https:\/\/fr.penguincoldcaps.com\/nous-contacter\/\">appeler<\/a> pour obtenir avis et conseils.<\/p>\n                \n                <\/article>\n\n            <\/div>\n\n            <div class=\"col-md-6\">\n        \n                <article class=\"headings-primary\">\n                \n                    <h3>Consultation personnelle<\/h3>\n<p>La premi\u00e8re \u00e9tape est une <a href=\"https:\/\/fr.penguincoldcaps.com\/demande-de-rappel\/\">consultation gratuite<\/a>. Cet entretien se d\u00e9roulera par t\u00e9l\u00e9phone ou en personne, selon la distance qui vous s\u00e9pare de votre conseiller. Il vous posera des questions sur votre r\u00e9gime m\u00e9dicamenteux, votre type de cheveux, votre mode de vie et votre \u00e9tat de sant\u00e9 actuel. Vous recevrez ensuite un programme personnalis\u00e9 qui vous donnera les meilleures chances de r\u00e9ussite.<\/p>\n                \n                <\/article>\n\n            <\/div>        \n\n        <\/div>\n    \n    <\/div>\n\n<\/section>\n\n\n<section id=\"block_8c86e1e1ad879e58ff20968436a26b3a\" \n    class=\"py-2 py-md-4\"\n>\n    <div class=\"container\">\n    \n        <div class=\"row m-0\">\n\n            <div class=\"col-md-6\">\n            \n                <article class=\"headings-primary\">\n                \n                    <h3>Glace s\u00e8che<\/h3>\n<p>Vous devrez prendre des dispositions pour commander \u00e0 l&rsquo;avance de la glace s\u00e8che afin de refroidir les bonnets. Mais ne vous inqui\u00e9tez pas, votre conseiller Penguin conna\u00eetra les coordonn\u00e9es des <a href=\"https:\/\/penguincoldcaps.com\/support\/buy-dry-ice-near-me\/\">fournisseurs de glace carbonique<\/a> de votre r\u00e9gion et vous dira exactement ce qu&rsquo;il faut demander.<\/p>\n<p>Certaines cliniques disposent d&rsquo;un cong\u00e9lateur biom\u00e9dical que vous pouvez utiliser pour refroidir les bonnets. Dans ce cas, il vous suffit de les apporter deux jours avant la s\u00e9ance pour qu&rsquo;ils atteignent la bonne temp\u00e9rature.<\/p>\n                \n                <\/article>\n\n            <\/div>\n\n            <div class=\"col-md-6\">\n        \n                <article class=\"headings-primary\">\n                \n                    <h3>Formation<\/h3>\n<p>Si vous vous coiffez vous-m\u00eame ou si un ami ou un membre de votre famille vous aide, vous pouvez organiser une formation sur l&rsquo;utilisation des bonnets. En fonction de votre situation g\u00e9ographique et de votre budget, cette r\u00e9union peut se d\u00e9rouler \u00e0 distance par appel vid\u00e9o ou en personne.<\/p>\n<p>Nous pouvons \u00e9galement proposer un service de pose des bonnets, \u00e9galement connu sous le nom de service cinq \u00e9toiles. Vous n&rsquo;aurez pas \u00e0 lever le petit doigt pendant toute la dur\u00e9e de votre traitement. Consultez nos services <a href=\"https:\/\/fr.penguincoldcaps.com\/services\/#services\">ici<\/a>.<\/p>\n                \n                <\/article>\n\n            <\/div>        \n\n        <\/div>\n    \n    <\/div>\n\n<\/section>\n\n\n<section id=\"block_ca078729c3a1b239b5e6b5dfab29ddef\" \n    class=\"bg-white my-4\"\n>\n\n    <div class=\"container\">\n        <div class=\"row py-2 py-md-4 align-items-center\">\n            \n            <div class=\"col-md-7\">\n                <h2 class=\"mb-0\">Pr\u00eat \u00e0 sauver vos cheveux ?<\/h2>\n<h2 class=\"text-primary ps-4\">Ne tardez pas, commandez d\u00e8s aujourd&rsquo;hui<\/h2>\n            <\/div>\n            \n            <div class=\"col-md-5 pt-4 pt-md-0\">\n                <div class=\"row align-items-center\">\n                                            <div class=\"col-md-10 offset-md-1\">\n                            <a\n                                href=\"https:\/\/order.penguincoldcaps.com\/shop\"\n                                target=\"\"\n                                class=\"btn btn-primary \n                                w-100 shadow-lg rounded-pill text-uppercase mt-2 mt-md-0\n                                                                py-2\"\n                            >\n                            Order Now                            <\/a>\n                        <\/div>\n                                        \n                <\/div>\n            <\/div>\n        <\/div>\n    <\/div>\n<\/section>\n\n\n<section id=\"block_2596a84940d1475b63bee5a75ffb5e8a\" \n    class=\"my-md-4 my-2 card border-0 bg-img\"\n    style=\"background-image: url('https:\/\/penguincoldcaps.com\/wp-content\/uploads\/2023\/03\/banner-bg-lens-flare-left.png');\"\n>\n    <div class=\"container\">\n        <div class=\"row py-3 align-items-center \">\n            <div class=\"col-md-3\">\n                <img loading=\"lazy\" decoding=\"async\" width=\"360\" height=\"480\" src=\"https:\/\/penguincoldcaps.com\/wp-content\/uploads\/2023\/03\/Marcia-pic-2-360x480-1-e1688478565731.jpeg\" class=\"img-fluid shodow-lg rounded-4\" alt=\"\" \/>            <\/div>\n            \n            <div class=\"col-md-9 pt-md-0 pt-5 text-center\">\n\n                <h3 class=\"fw-bold\"><em><span class=\"quote-open\">\u00ab\u00a0<\/span>J&rsquo;\u00e9tais la premi\u00e8re personne que mon \u00e9quipe m\u00e9dicale voyait coiff\u00e9e d&rsquo;un bonnet r\u00e9frig\u00e9r\u00e9, et ils ont \u00e9t\u00e9 impressionn\u00e9s <span class=\"span-closed\">\u00ab\u00a0<\/span><\/em><\/h3>\n\n                <cite>\n                                                <p class=\"fs-5 mb-0\">&#8211; Marcia<\/p>\n                    \n                                           \n                    \n                <\/cite>\n            <\/div>\n        <\/div>\n    <\/div>\n<\/section>\n\n\n<section id=\"block_4a9f2da3379c292253e7aec1ef520849\" \n    class=\"bg-white my-4\"\n>\n\n    <div class=\"container\">\n        <div class=\"row py-2 py-md-4 align-items-center\">\n            \n            <div class=\"col-md-7\">\n                <h2 class=\"mb-0\">Vous n&rsquo;\u00eates toujours pas s\u00fbr ou s\u00fbre ?<\/h2>\n<h2 class=\"text-primary mb-0\">Parlez \u00e0 un sp\u00e9cialiste d\u00e8s aujourd&rsquo;hui<\/h2>\n            <\/div>\n            \n            <div class=\"col-md-5 pt-4 pt-md-0\">\n                <div class=\"row align-items-center\">\n                                            <div class=\"col-md-10 offset-md-1\">\n                            <a\n                                href=\"https:\/\/penguincoldcaps.com\/fr\/demande-de-rappel\/\"\n                                target=\"\"\n                                class=\"btn btn-primary \n                                w-100 shadow-lg rounded-pill text-uppercase mt-2 mt-md-0\n                                                                py-2\"\n                            >\n                            REQUEST A FREE CONSULTATION                            <\/a>\n                        <\/div>\n                                        \n                <\/div>\n            <\/div>\n        <\/div>\n    <\/div>\n<\/section>\n","protected":false},"excerpt":{"rendered":"","protected":false},"author":1,"featured_media":0,"parent":2489,"menu_order":1,"comment_status":"closed","ping_status":"closed","template":"","meta":{"_acf_changed":true,"inline_featured_image":false,"footnotes":""},"class_list":["post-2483","page","type-page","status-publish","hentry"],"acf":[],"yoast_head":"<!-- This site is optimized with the Yoast SEO plugin v27.5 - https:\/\/yoast.com\/product\/yoast-seo-wordpress\/ -->\n<title>Votre conseiller Penguin - Penguin Cold Caps<\/title>\n<meta name=\"robots\" content=\"index, follow, max-snippet:-1, max-image-preview:large, max-video-preview:-1\" \/>\n<link rel=\"canonical\" href=\"https:\/\/penguincoldcaps.com\/fr\/services\/votre-representant-pour-le-pingouin\/\" \/>\n<meta property=\"og:locale\" content=\"fr_FR\" \/>\n<meta property=\"og:type\" content=\"article\" \/>\n<meta property=\"og:title\" content=\"Votre conseiller Penguin - Penguin Cold Caps\" \/>\n<meta property=\"og:url\" content=\"https:\/\/penguincoldcaps.com\/fr\/services\/votre-representant-pour-le-pingouin\/\" \/>\n<meta property=\"og:site_name\" content=\"Penguin Cold Caps\" \/>\n<meta property=\"article:publisher\" content=\"https:\/\/www.facebook.com\/penguincoldcaps\/\" \/>\n<meta property=\"article:modified_time\" content=\"2025-06-16T09:48:08+00:00\" \/>\n<meta name=\"twitter:card\" content=\"summary_large_image\" \/>\n<meta name=\"twitter:site\" content=\"@penguincoldcaps\" \/>\n<script type=\"application\/ld+json\" class=\"yoast-schema-graph\">{\"@context\":\"https:\\\/\\\/schema.org\",\"@graph\":[{\"@type\":\"WebPage\",\"@id\":\"https:\\\/\\\/penguincoldcaps.com\\\/fr\\\/services\\\/votre-representant-pour-le-pingouin\\\/\",\"url\":\"https:\\\/\\\/penguincoldcaps.com\\\/fr\\\/services\\\/votre-representant-pour-le-pingouin\\\/\",\"name\":\"Votre conseiller Penguin - Penguin Cold Caps\",\"isPartOf\":{\"@id\":\"https:\\\/\\\/penguincoldcaps.com\\\/fr\\\/#website\"},\"datePublished\":\"2023-03-01T17:38:14+00:00\",\"dateModified\":\"2025-06-16T09:48:08+00:00\",\"breadcrumb\":{\"@id\":\"https:\\\/\\\/penguincoldcaps.com\\\/fr\\\/services\\\/votre-representant-pour-le-pingouin\\\/#breadcrumb\"},\"inLanguage\":\"fr-FR\",\"potentialAction\":[{\"@type\":\"ReadAction\",\"target\":[\"https:\\\/\\\/penguincoldcaps.com\\\/fr\\\/services\\\/votre-representant-pour-le-pingouin\\\/\"]}]},{\"@type\":\"BreadcrumbList\",\"@id\":\"https:\\\/\\\/penguincoldcaps.com\\\/fr\\\/services\\\/votre-representant-pour-le-pingouin\\\/#breadcrumb\",\"itemListElement\":[{\"@type\":\"ListItem\",\"position\":1,\"name\":\"Home\",\"item\":\"https:\\\/\\\/penguincoldcaps.com\\\/fr\\\/\"},{\"@type\":\"ListItem\",\"position\":2,\"name\":\"Services\",\"item\":\"https:\\\/\\\/penguincoldcaps.com\\\/fr\\\/services\\\/\"},{\"@type\":\"ListItem\",\"position\":3,\"name\":\"Votre conseiller Penguin\"}]},{\"@type\":\"WebSite\",\"@id\":\"https:\\\/\\\/penguincoldcaps.com\\\/fr\\\/#website\",\"url\":\"https:\\\/\\\/penguincoldcaps.com\\\/fr\\\/\",\"name\":\"Penguin Cold Caps\",\"description\":\"\",\"publisher\":{\"@id\":\"https:\\\/\\\/penguincoldcaps.com\\\/fr\\\/#organization\"},\"potentialAction\":[{\"@type\":\"SearchAction\",\"target\":{\"@type\":\"EntryPoint\",\"urlTemplate\":\"https:\\\/\\\/penguincoldcaps.com\\\/fr\\\/?s={search_term_string}\"},\"query-input\":{\"@type\":\"PropertyValueSpecification\",\"valueRequired\":true,\"valueName\":\"search_term_string\"}}],\"inLanguage\":\"fr-FR\"},{\"@type\":\"Organization\",\"@id\":\"https:\\\/\\\/penguincoldcaps.com\\\/fr\\\/#organization\",\"name\":\"Penguin Cold Caps\",\"url\":\"https:\\\/\\\/penguincoldcaps.com\\\/fr\\\/\",\"logo\":{\"@type\":\"ImageObject\",\"inLanguage\":\"fr-FR\",\"@id\":\"https:\\\/\\\/penguincoldcaps.com\\\/fr\\\/#\\\/schema\\\/logo\\\/image\\\/\",\"url\":\"https:\\\/\\\/penguincoldcaps.com\\\/wp-content\\\/uploads\\\/2023\\\/08\\\/Penguin-logo-2022-v2-transparent-background-.png\",\"contentUrl\":\"https:\\\/\\\/penguincoldcaps.com\\\/wp-content\\\/uploads\\\/2023\\\/08\\\/Penguin-logo-2022-v2-transparent-background-.png\",\"width\":898,\"height\":174,\"caption\":\"Penguin Cold Caps\"},\"image\":{\"@id\":\"https:\\\/\\\/penguincoldcaps.com\\\/fr\\\/#\\\/schema\\\/logo\\\/image\\\/\"},\"sameAs\":[\"https:\\\/\\\/www.facebook.com\\\/penguincoldcaps\\\/\",\"https:\\\/\\\/x.com\\\/penguincoldcaps\",\"https:\\\/\\\/www.instagram.com\\\/penguincoldcapsglobal\\\/\"]}]}<\/script>\n<!-- \/ Yoast SEO plugin. -->","yoast_head_json":{"title":"Votre conseiller Penguin - Penguin Cold Caps","robots":{"index":"index","follow":"follow","max-snippet":"max-snippet:-1","max-image-preview":"max-image-preview:large","max-video-preview":"max-video-preview:-1"},"canonical":"https:\/\/penguincoldcaps.com\/fr\/services\/votre-representant-pour-le-pingouin\/","og_locale":"fr_FR","og_type":"article","og_title":"Votre conseiller Penguin - Penguin Cold Caps","og_url":"https:\/\/penguincoldcaps.com\/fr\/services\/votre-representant-pour-le-pingouin\/","og_site_name":"Penguin Cold Caps","article_publisher":"https:\/\/www.facebook.com\/penguincoldcaps\/","article_modified_time":"2025-06-16T09:48:08+00:00","twitter_card":"summary_large_image","twitter_site":"@penguincoldcaps","schema":{"@context":"https:\/\/schema.org","@graph":[{"@type":"WebPage","@id":"https:\/\/penguincoldcaps.com\/fr\/services\/votre-representant-pour-le-pingouin\/","url":"https:\/\/penguincoldcaps.com\/fr\/services\/votre-representant-pour-le-pingouin\/","name":"Votre conseiller Penguin - Penguin Cold Caps","isPartOf":{"@id":"https:\/\/penguincoldcaps.com\/fr\/#website"},"datePublished":"2023-03-01T17:38:14+00:00","dateModified":"2025-06-16T09:48:08+00:00","breadcrumb":{"@id":"https:\/\/penguincoldcaps.com\/fr\/services\/votre-representant-pour-le-pingouin\/#breadcrumb"},"inLanguage":"fr-FR","potentialAction":[{"@type":"ReadAction","target":["https:\/\/penguincoldcaps.com\/fr\/services\/votre-representant-pour-le-pingouin\/"]}]},{"@type":"BreadcrumbList","@id":"https:\/\/penguincoldcaps.com\/fr\/services\/votre-representant-pour-le-pingouin\/#breadcrumb","itemListElement":[{"@type":"ListItem","position":1,"name":"Home","item":"https:\/\/penguincoldcaps.com\/fr\/"},{"@type":"ListItem","position":2,"name":"Services","item":"https:\/\/penguincoldcaps.com\/fr\/services\/"},{"@type":"ListItem","position":3,"name":"Votre conseiller Penguin"}]},{"@type":"WebSite","@id":"https:\/\/penguincoldcaps.com\/fr\/#website","url":"https:\/\/penguincoldcaps.com\/fr\/","name":"Penguin Cold Caps","description":"","publisher":{"@id":"https:\/\/penguincoldcaps.com\/fr\/#organization"},"potentialAction":[{"@type":"SearchAction","target":{"@type":"EntryPoint","urlTemplate":"https:\/\/penguincoldcaps.com\/fr\/?s={search_term_string}"},"query-input":{"@type":"PropertyValueSpecification","valueRequired":true,"valueName":"search_term_string"}}],"inLanguage":"fr-FR"},{"@type":"Organization","@id":"https:\/\/penguincoldcaps.com\/fr\/#organization","name":"Penguin Cold Caps","url":"https:\/\/penguincoldcaps.com\/fr\/","logo":{"@type":"ImageObject","inLanguage":"fr-FR","@id":"https:\/\/penguincoldcaps.com\/fr\/#\/schema\/logo\/image\/","url":"https:\/\/penguincoldcaps.com\/wp-content\/uploads\/2023\/08\/Penguin-logo-2022-v2-transparent-background-.png","contentUrl":"https:\/\/penguincoldcaps.com\/wp-content\/uploads\/2023\/08\/Penguin-logo-2022-v2-transparent-background-.png","width":898,"height":174,"caption":"Penguin Cold Caps"},"image":{"@id":"https:\/\/penguincoldcaps.com\/fr\/#\/schema\/logo\/image\/"},"sameAs":["https:\/\/www.facebook.com\/penguincoldcaps\/","https:\/\/x.com\/penguincoldcaps","https:\/\/www.instagram.com\/penguincoldcapsglobal\/"]}]}},"_links":{"self":[{"href":"https:\/\/penguincoldcaps.com\/fr\/wp-json\/wp\/v2\/pages\/2483","targetHints":{"allow":["GET"]}}],"collection":[{"href":"https:\/\/penguincoldcaps.com\/fr\/wp-json\/wp\/v2\/pages"}],"about":[{"href":"https:\/\/penguincoldcaps.com\/fr\/wp-json\/wp\/v2\/types\/page"}],"author":[{"embeddable":true,"href":"https:\/\/penguincoldcaps.com\/fr\/wp-json\/wp\/v2\/users\/1"}],"replies":[{"embeddable":true,"href":"https:\/\/penguincoldcaps.com\/fr\/wp-json\/wp\/v2\/comments?post=2483"}],"version-history":[{"count":0,"href":"https:\/\/penguincoldcaps.com\/fr\/wp-json\/wp\/v2\/pages\/2483\/revisions"}],"up":[{"embeddable":true,"href":"https:\/\/penguincoldcaps.com\/fr\/wp-json\/wp\/v2\/pages\/2489"}],"wp:attachment":[{"href":"https:\/\/penguincoldcaps.com\/fr\/wp-json\/wp\/v2\/media?parent=2483"}],"curies":[{"name":"wp","href":"https:\/\/api.w.org\/{rel}","templated":true}]}}