{"id":2485,"date":"2023-04-18T13:17:20","date_gmt":"2023-04-18T13:17:20","guid":{"rendered":"https:\/\/penguincoldcaps.com\/vie-privee\/"},"modified":"2023-09-29T03:38:32","modified_gmt":"2023-09-29T03:38:32","slug":"vie-privee","status":"publish","type":"page","link":"https:\/\/penguincoldcaps.com\/fr\/vie-privee\/","title":{"rendered":"Confidentialit\u00e9"},"content":{"rendered":"\n<section class=\"d-flex align-items-center justify-content-center flex-column bg-img \n    bg-white     mb-4\" id=\"page-banner\" style=\"background-image: url(https:\/\/penguincoldcaps.com\/wp-content\/uploads\/2023\/04\/contact-us.jpg);\"\n>\n\n        <div class=\"higher-index text-center\">\n        \n            <img decoding=\"async\" src=\"https:\/\/penguincoldcaps.com\/wp-content\/uploads\/2023\/02\/banner-logo.png\" width=\"240\" height=\"54\" alt=\"Penguin Cold Caps\" class=\"img-fluid mb-2 mb-lg-4\" loading=\"lazy\" \/>\n\n                        <h1 class=\"text-primary fs-2 mb-0\">Politique en mati\u00e8re de confidentialit\u00e9 et de cookies<\/h1>\n\n                    <\/div>\n<\/section>\n<section id=\"block_c76d5cbd967feda79dde4b4c401e12ff\" \n    class=\"py-2 py-md-4 \n    bg-\">\n    <div class=\"container\">\n        <div class=\"row\">\n            <div class=\"col-12 headings-primary\">\n                <p>Cette politique de confidentialit\u00e9 d\u00e9finit la mani\u00e8re dont Medical Specialities of California UK Ltd utilise et prot\u00e8ge les informations que vous fournissez \u00e0 Medical Specialities of California UK Ltd lorsque vous utilisez ce site Web.<\/p>\n<p>Medical Specialities of California UK Ltd s&rsquo;engage \u00e0 assurer la protection de votre vie priv\u00e9e. Si nous vous demandons de fournir certaines informations permettant de vous identifier lors de l&rsquo;utilisation de ce site Web, vous pouvez \u00eatre assur\u00e9 qu&rsquo;elles ne seront utilis\u00e9es que conform\u00e9ment \u00e0 la pr\u00e9sente d\u00e9claration de confidentialit\u00e9.<\/p>\n<p>Medical Specialities of California UK Ltd peut modifier cette politique de temps \u00e0 autre en mettant \u00e0 jour cette page. Vous devriez consulter cette page de temps en temps pour vous assurer que vous \u00eates satisfait des changements. Cette politique entre en vigueur le 10 ao\u00fbt 2012.<br \/>\n&nbsp;<\/p>\n<h5>Ce que nous collectons<\/h5>\n<p>Nous pouvons recueillir les informations suivantes :<\/p>\n<ul>\n<li>nom et fonction<\/li>\n<li>les informations de contact, y compris l&rsquo;adresse \u00e9lectronique<\/li>\n<li>des informations d\u00e9mographiques telles que le code postal, les pr\u00e9f\u00e9rences et les int\u00e9r\u00eats<\/li>\n<li>d&rsquo;autres informations relatives aux enqu\u00eates et\/ou aux offres destin\u00e9es aux clients<\/li>\n<\/ul>\n<p>&nbsp;<\/p>\n<h5>Ce que nous faisons des informations que nous recueillons<\/h5>\n<p>Nous avons besoin de ces informations pour comprendre vos besoins et vous fournir un meilleur service, notamment pour les raisons suivantes :<\/p>\n<ul>\n<li>Tenue de registres internes.<\/li>\n<li>Nous pouvons utiliser ces informations pour am\u00e9liorer nos produits et services.<\/li>\n<li>Nous pouvons agr\u00e9ger des donn\u00e9es \u00e0 des fins statistiques, mais sans compromettre l&rsquo;identit\u00e9 d&rsquo;un client.<\/li>\n<li>Nous pouvons p\u00e9riodiquement envoyer des e-mails promotionnels concernant de nouveaux produits, des offres sp\u00e9ciales ou d&rsquo;autres informations que nous pensons susceptibles de vous int\u00e9resser en utilisant l&rsquo;adresse \u00e9lectronique que vous nous avez fournie.<\/li>\n<li>De temps \u00e0 autre, nous pouvons \u00e9galement utiliser vos informations pour vous contacter \u00e0 des fins d&rsquo;\u00e9tude de march\u00e9. Nous pouvons vous contacter par e-mail, par t\u00e9l\u00e9phone, par t\u00e9l\u00e9copie ou par courrier. Nous pouvons utiliser ces informations pour personnaliser le site Web en fonction de vos int\u00e9r\u00eats.<\/li>\n<\/ul>\n<p>&nbsp;<\/p>\n<h5>S\u00e9curit\u00e9<\/h5>\n<p>Nous nous engageons \u00e0 garantir la s\u00e9curit\u00e9 de vos informations. Afin d&#8217;emp\u00eacher tout acc\u00e8s ou toute divulgation non autoris\u00e9s, nous avons mis en place des proc\u00e9dures physiques, \u00e9lectroniques et de gestion appropri\u00e9es pour sauvegarder et s\u00e9curiser les informations que nous recueillons en ligne.<br \/>\n&nbsp;<\/p>\n<h5>Comment nous utilisons les cookies<\/h5>\n<p>Un cookie est un petit fichier qui demande la permission d&rsquo;\u00eatre plac\u00e9 sur le disque dur de votre ordinateur. Une fois que vous avez donn\u00e9 votre accord, le fichier est ajout\u00e9 et le cookie aide \u00e0 analyser le trafic Web ou vous permet de savoir quand vous visitez un site particulier. Les cookies permettent aux applications Web de vous r\u00e9pondre en tant qu&rsquo;individu. L&rsquo;application Web peut adapter ses op\u00e9rations \u00e0 vos besoins, \u00e0 vos go\u00fbts et \u00e0 vos aversions en recueillant et en m\u00e9morisant des informations sur vos pr\u00e9f\u00e9rences. Nous utilisons des cookies de suivi du trafic pour identifier les pages utilis\u00e9es. Cela nous permet d&rsquo;analyser les donn\u00e9es relatives au trafic des pages Web et d&rsquo;am\u00e9liorer notre site Web afin de l&rsquo;adapter aux besoins des clients. Nous n&rsquo;utilisons ces informations qu&rsquo;\u00e0 des fins d&rsquo;analyse statistique.<\/p>\n<p>Dans l&rsquo;ensemble, les cookies nous aident \u00e0 vous fournir un meilleur site Web, en nous permettant de surveiller les pages que vous trouvez utiles et celles qui ne le sont pas. Un cookie ne nous donne en aucun cas acc\u00e8s \u00e0 votre ordinateur ou \u00e0 toute autre information vous concernant, \u00e0 l&rsquo;exception des donn\u00e9es que vous choisissez de partager avec nous.<\/p>\n<p>Vous pouvez choisir d&rsquo;accepter ou de refuser les cookies. La plupart des navigateurs Web acceptent automatiquement les cookies, mais vous pouvez g\u00e9n\u00e9ralement modifier les param\u00e8tres de votre navigateur pour refuser les cookies si vous le souhaitez. Cela peut vous emp\u00eacher de profiter pleinement du site Web.<br \/>\n&nbsp;<\/p>\n<h5>Liens vers d&rsquo;autres sites Web<\/h5>\n<p>Notre site Web peut contenir des liens vers d&rsquo;autres sites Web int\u00e9ressants. Cependant, une fois que vous avez utilis\u00e9 ces liens pour quitter notre site, vous devez savoir que nous n&rsquo;avons aucun contr\u00f4le sur cet autre site Web. Par cons\u00e9quent, nous ne pouvons \u00eatre tenus responsables de la protection et de la confidentialit\u00e9 des informations que vous fournissez lorsque vous visitez ces sites et ces sites ne sont pas r\u00e9gis par la pr\u00e9sente d\u00e9claration de confidentialit\u00e9. Vous devez faire preuve de prudence et consulter la d\u00e9claration de confidentialit\u00e9 applicable au site Web en question. Contr\u00f4le de vos donn\u00e9es personnelles<\/p>\n<p>Vous pouvez choisir de restreindre la collecte ou l&rsquo;utilisation de vos informations personnelles de la mani\u00e8re suivante :<\/p>\n<ul>\n<li>Chaque fois qu&rsquo;il vous est demand\u00e9 de remplir un formulaire sur le site Web, recherchez la case que vous pouvez cliquer pour indiquer que vous ne souhaitez pas que les informations soient utilis\u00e9es par qui que ce soit \u00e0 des fins de marketing direct.<\/li>\n<\/ul>\n<p>Nous ne vendrons pas, ne distribuerons pas et ne louerons pas vos informations personnelles \u00e0 des tiers, sauf si nous avons votre autorisation ou si nous sommes tenus par la loi de le faire. Nous pouvons utiliser vos informations personnelles pour vous envoyer des informations promotionnelles sur des tiers que nous pensons susceptibles de vous int\u00e9resser, si vous nous en donnez l&rsquo;autorisation.<\/p>\n<p>Vous pouvez demander des d\u00e9tails sur les informations personnelles que nous d\u00e9tenons \u00e0 votre sujet en vertu de la loi sur la protection des donn\u00e9es de 1998. Une redevance modique sera exig\u00e9e. Si vous souhaitez obtenir une copie des informations d\u00e9tenues sur vous, veuillez envoyer un courrier \u00e9lectronique \u00e0 l&rsquo;adresse suivante : <a href=\"mailto:support@penguincoldcaps.com\">support@penguincoldcaps.com<\/a>. Si vous pensez que les informations que nous d\u00e9tenons sur vous sont incorrectes ou incompl\u00e8tes, veuillez nous \u00e9crire ou nous envoyer un courrier \u00e9lectronique dans les plus brefs d\u00e9lais \u00e0 l&rsquo;adresse ci-dessus. Nous corrigerons rapidement toute information jug\u00e9e inexacte.<br \/>\n&nbsp;<\/p>\n<h5>Contr\u00f4le de vos donn\u00e9es personnelles<\/h5>\n<p>Vous pouvez choisir de restreindre la collecte ou l&rsquo;utilisation de vos informations personnelles de la mani\u00e8re suivante :<\/p>\n<ul>\n<li>Chaque fois qu&rsquo;il vous est demand\u00e9 de remplir un formulaire sur le site Web, recherchez la case que vous pouvez cliquer pour indiquer que vous ne souhaitez pas que les informations soient utilis\u00e9es par qui que ce soit \u00e0 des fins de marketing direct.<\/li>\n<li>Si vous avez d\u00e9j\u00e0 accept\u00e9 que nous utilisions vos informations personnelles \u00e0 des fins de marketing direct, vous pouvez changer d&rsquo;avis \u00e0 tout moment en nous \u00e9crivant ou en nous envoyant un courrier \u00e9lectronique \u00e0 l&rsquo;adresse suivante <a href=\"mailto:accounts@penguincoldcaps.com\">: accounts@penguincoldcaps.com<\/a>.<\/li>\n<li>Nous ne vendrons pas, ne distribuerons pas et ne louerons pas vos informations personnelles \u00e0 des tiers, sauf si nous avons votre autorisation ou si nous sommes tenus par la loi de le faire. Nous pouvons utiliser vos informations personnelles pour vous envoyer des informations promotionnelles sur des tiers que nous pensons susceptibles de vous int\u00e9resser, si vous nous en donnez l&rsquo;autorisation.<\/li>\n<li>Vous pouvez demander des d\u00e9tails sur les informations personnelles que nous d\u00e9tenons \u00e0 votre sujet en vertu de la loi sur la protection des donn\u00e9es de 1998. Une redevance modique sera exig\u00e9e. Si vous souhaitez obtenir une copie des informations d\u00e9tenues sur vous, veuillez envoyer un courrier \u00e9lectronique \u00e0 l&rsquo;adresse suivante : <a href=\"mailto:support@penguincoldcaps.com\">support@penguincoldcaps.com<\/a>. Si vous pensez que les informations que nous d\u00e9tenons sur vous sont inexactes ou incompl\u00e8tes, veuillez nous \u00e9crire ou nous envoyer un courrier \u00e9lectronique dans les plus brefs d\u00e9lais \u00e0 l&rsquo;adresse ci-dessus. Nous corrigerons rapidement toute information jug\u00e9e inexacte.<\/li>\n<\/ul>\n            <\/div>\n        <\/div>\n    <\/div>\n<\/section>\n\n","protected":false},"excerpt":{"rendered":"","protected":false},"author":1,"featured_media":0,"parent":0,"menu_order":0,"comment_status":"closed","ping_status":"closed","template":"","meta":{"_acf_changed":false,"inline_featured_image":false,"footnotes":""},"class_list":["post-2485","page","type-page","status-publish","hentry"],"acf":[],"yoast_head":"<!-- This site is optimized with the Yoast SEO plugin v27.3 - https:\/\/yoast.com\/product\/yoast-seo-wordpress\/ -->\n<title>Confidentialit\u00e9 - Penguin Cold Caps<\/title>\n<meta name=\"robots\" content=\"index, follow, max-snippet:-1, max-image-preview:large, max-video-preview:-1\" \/>\n<link rel=\"canonical\" href=\"https:\/\/penguincoldcaps.com\/fr\/vie-privee\/\" \/>\n<meta property=\"og:locale\" content=\"fr_FR\" \/>\n<meta property=\"og:type\" content=\"article\" \/>\n<meta property=\"og:title\" content=\"Confidentialit\u00e9 - Penguin Cold Caps\" \/>\n<meta property=\"og:url\" content=\"https:\/\/penguincoldcaps.com\/fr\/vie-privee\/\" \/>\n<meta property=\"og:site_name\" content=\"Penguin Cold Caps\" \/>\n<meta property=\"article:publisher\" content=\"https:\/\/www.facebook.com\/penguincoldcaps\/\" \/>\n<meta property=\"article:modified_time\" content=\"2023-09-29T03:38:32+00:00\" \/>\n<meta name=\"twitter:card\" content=\"summary_large_image\" \/>\n<meta name=\"twitter:site\" content=\"@penguincoldcaps\" \/>\n<script type=\"application\/ld+json\" class=\"yoast-schema-graph\">{\"@context\":\"https:\\\/\\\/schema.org\",\"@graph\":[{\"@type\":\"WebPage\",\"@id\":\"https:\\\/\\\/penguincoldcaps.com\\\/fr\\\/vie-privee\\\/\",\"url\":\"https:\\\/\\\/penguincoldcaps.com\\\/fr\\\/vie-privee\\\/\",\"name\":\"Confidentialit\u00e9 - Penguin Cold Caps\",\"isPartOf\":{\"@id\":\"https:\\\/\\\/penguincoldcaps.com\\\/fr\\\/#website\"},\"datePublished\":\"2023-04-18T13:17:20+00:00\",\"dateModified\":\"2023-09-29T03:38:32+00:00\",\"breadcrumb\":{\"@id\":\"https:\\\/\\\/penguincoldcaps.com\\\/fr\\\/vie-privee\\\/#breadcrumb\"},\"inLanguage\":\"fr-FR\",\"potentialAction\":[{\"@type\":\"ReadAction\",\"target\":[\"https:\\\/\\\/penguincoldcaps.com\\\/fr\\\/vie-privee\\\/\"]}]},{\"@type\":\"BreadcrumbList\",\"@id\":\"https:\\\/\\\/penguincoldcaps.com\\\/fr\\\/vie-privee\\\/#breadcrumb\",\"itemListElement\":[{\"@type\":\"ListItem\",\"position\":1,\"name\":\"Home\",\"item\":\"https:\\\/\\\/penguincoldcaps.com\\\/fr\\\/\"},{\"@type\":\"ListItem\",\"position\":2,\"name\":\"Confidentialit\u00e9\"}]},{\"@type\":\"WebSite\",\"@id\":\"https:\\\/\\\/penguincoldcaps.com\\\/fr\\\/#website\",\"url\":\"https:\\\/\\\/penguincoldcaps.com\\\/fr\\\/\",\"name\":\"Penguin Cold Caps\",\"description\":\"\",\"publisher\":{\"@id\":\"https:\\\/\\\/penguincoldcaps.com\\\/fr\\\/#organization\"},\"potentialAction\":[{\"@type\":\"SearchAction\",\"target\":{\"@type\":\"EntryPoint\",\"urlTemplate\":\"https:\\\/\\\/penguincoldcaps.com\\\/fr\\\/?s={search_term_string}\"},\"query-input\":{\"@type\":\"PropertyValueSpecification\",\"valueRequired\":true,\"valueName\":\"search_term_string\"}}],\"inLanguage\":\"fr-FR\"},{\"@type\":\"Organization\",\"@id\":\"https:\\\/\\\/penguincoldcaps.com\\\/fr\\\/#organization\",\"name\":\"Penguin Cold Caps\",\"url\":\"https:\\\/\\\/penguincoldcaps.com\\\/fr\\\/\",\"logo\":{\"@type\":\"ImageObject\",\"inLanguage\":\"fr-FR\",\"@id\":\"https:\\\/\\\/penguincoldcaps.com\\\/fr\\\/#\\\/schema\\\/logo\\\/image\\\/\",\"url\":\"https:\\\/\\\/penguincoldcaps.com\\\/wp-content\\\/uploads\\\/2023\\\/08\\\/Penguin-logo-2022-v2-transparent-background-.png\",\"contentUrl\":\"https:\\\/\\\/penguincoldcaps.com\\\/wp-content\\\/uploads\\\/2023\\\/08\\\/Penguin-logo-2022-v2-transparent-background-.png\",\"width\":898,\"height\":174,\"caption\":\"Penguin Cold Caps\"},\"image\":{\"@id\":\"https:\\\/\\\/penguincoldcaps.com\\\/fr\\\/#\\\/schema\\\/logo\\\/image\\\/\"},\"sameAs\":[\"https:\\\/\\\/www.facebook.com\\\/penguincoldcaps\\\/\",\"https:\\\/\\\/x.com\\\/penguincoldcaps\",\"https:\\\/\\\/www.instagram.com\\\/penguincoldcapsglobal\\\/\"]}]}<\/script>\n<!-- \/ Yoast SEO plugin. -->","yoast_head_json":{"title":"Confidentialit\u00e9 - Penguin Cold Caps","robots":{"index":"index","follow":"follow","max-snippet":"max-snippet:-1","max-image-preview":"max-image-preview:large","max-video-preview":"max-video-preview:-1"},"canonical":"https:\/\/penguincoldcaps.com\/fr\/vie-privee\/","og_locale":"fr_FR","og_type":"article","og_title":"Confidentialit\u00e9 - Penguin Cold Caps","og_url":"https:\/\/penguincoldcaps.com\/fr\/vie-privee\/","og_site_name":"Penguin Cold Caps","article_publisher":"https:\/\/www.facebook.com\/penguincoldcaps\/","article_modified_time":"2023-09-29T03:38:32+00:00","twitter_card":"summary_large_image","twitter_site":"@penguincoldcaps","schema":{"@context":"https:\/\/schema.org","@graph":[{"@type":"WebPage","@id":"https:\/\/penguincoldcaps.com\/fr\/vie-privee\/","url":"https:\/\/penguincoldcaps.com\/fr\/vie-privee\/","name":"Confidentialit\u00e9 - Penguin Cold Caps","isPartOf":{"@id":"https:\/\/penguincoldcaps.com\/fr\/#website"},"datePublished":"2023-04-18T13:17:20+00:00","dateModified":"2023-09-29T03:38:32+00:00","breadcrumb":{"@id":"https:\/\/penguincoldcaps.com\/fr\/vie-privee\/#breadcrumb"},"inLanguage":"fr-FR","potentialAction":[{"@type":"ReadAction","target":["https:\/\/penguincoldcaps.com\/fr\/vie-privee\/"]}]},{"@type":"BreadcrumbList","@id":"https:\/\/penguincoldcaps.com\/fr\/vie-privee\/#breadcrumb","itemListElement":[{"@type":"ListItem","position":1,"name":"Home","item":"https:\/\/penguincoldcaps.com\/fr\/"},{"@type":"ListItem","position":2,"name":"Confidentialit\u00e9"}]},{"@type":"WebSite","@id":"https:\/\/penguincoldcaps.com\/fr\/#website","url":"https:\/\/penguincoldcaps.com\/fr\/","name":"Penguin Cold Caps","description":"","publisher":{"@id":"https:\/\/penguincoldcaps.com\/fr\/#organization"},"potentialAction":[{"@type":"SearchAction","target":{"@type":"EntryPoint","urlTemplate":"https:\/\/penguincoldcaps.com\/fr\/?s={search_term_string}"},"query-input":{"@type":"PropertyValueSpecification","valueRequired":true,"valueName":"search_term_string"}}],"inLanguage":"fr-FR"},{"@type":"Organization","@id":"https:\/\/penguincoldcaps.com\/fr\/#organization","name":"Penguin Cold Caps","url":"https:\/\/penguincoldcaps.com\/fr\/","logo":{"@type":"ImageObject","inLanguage":"fr-FR","@id":"https:\/\/penguincoldcaps.com\/fr\/#\/schema\/logo\/image\/","url":"https:\/\/penguincoldcaps.com\/wp-content\/uploads\/2023\/08\/Penguin-logo-2022-v2-transparent-background-.png","contentUrl":"https:\/\/penguincoldcaps.com\/wp-content\/uploads\/2023\/08\/Penguin-logo-2022-v2-transparent-background-.png","width":898,"height":174,"caption":"Penguin Cold Caps"},"image":{"@id":"https:\/\/penguincoldcaps.com\/fr\/#\/schema\/logo\/image\/"},"sameAs":["https:\/\/www.facebook.com\/penguincoldcaps\/","https:\/\/x.com\/penguincoldcaps","https:\/\/www.instagram.com\/penguincoldcapsglobal\/"]}]}},"_links":{"self":[{"href":"https:\/\/penguincoldcaps.com\/fr\/wp-json\/wp\/v2\/pages\/2485","targetHints":{"allow":["GET"]}}],"collection":[{"href":"https:\/\/penguincoldcaps.com\/fr\/wp-json\/wp\/v2\/pages"}],"about":[{"href":"https:\/\/penguincoldcaps.com\/fr\/wp-json\/wp\/v2\/types\/page"}],"author":[{"embeddable":true,"href":"https:\/\/penguincoldcaps.com\/fr\/wp-json\/wp\/v2\/users\/1"}],"replies":[{"embeddable":true,"href":"https:\/\/penguincoldcaps.com\/fr\/wp-json\/wp\/v2\/comments?post=2485"}],"version-history":[{"count":0,"href":"https:\/\/penguincoldcaps.com\/fr\/wp-json\/wp\/v2\/pages\/2485\/revisions"}],"wp:attachment":[{"href":"https:\/\/penguincoldcaps.com\/fr\/wp-json\/wp\/v2\/media?parent=2485"}],"curies":[{"name":"wp","href":"https:\/\/api.w.org\/{rel}","templated":true}]}}