{"id":2488,"date":"2023-03-02T11:22:07","date_gmt":"2023-03-02T11:22:07","guid":{"rendered":"https:\/\/penguincoldcaps.com\/a-quoi-sattendre-le-jour-j\/"},"modified":"2025-06-16T09:45:47","modified_gmt":"2025-06-16T09:45:47","slug":"a-quoi-sattendre-le-jour-j","status":"publish","type":"page","link":"https:\/\/penguincoldcaps.com\/fr\/a-quoi-sattendre-le-jour-j\/","title":{"rendered":"A quoi s&rsquo;attendre le jour J"},"content":{"rendered":"\n<section class=\"d-flex align-items-center justify-content-center flex-column \n    bg-white     pt-4\" id=\"\" style=\"\"\n>\n\n        <div class=\"higher-index text-center\">\n        \n            <img decoding=\"async\" src=\"https:\/\/penguincoldcaps.com\/wp-content\/uploads\/2023\/02\/banner-logo.png\" width=\"240\" height=\"54\" alt=\"Penguin Cold Caps\" class=\"img-fluid mb-2 mb-lg-4\" loading=\"lazy\" \/>\n\n                        <h1 class=\"text-primary fs-2 mb-0\">A quoi s&rsquo;attendre le jour J<\/h1>\n\n                                <p class=\"fw-bold mt-2 mt-lg-3\">La plupart des patients consid\u00e8rent leur premi\u00e8re s\u00e9ance de chimioth\u00e9rapie comme une perspective tr\u00e8s intimidante, mais n&rsquo;oubliez pas que votre repr\u00e9sentant Penguin est \u00e0 votre disposition et que vous arrivez donc parfaitement pr\u00e9par\u00e9. <\/p>\n                    <\/div>\n<\/section>\n\n\n<section id=\"block_76297e299f111590eda7e53fd6d61259\" \n    class=\"py-2 py-md-4\"\n>\n    <div class=\"container\">\n    \n        <div class=\"row m-0 justify-content-center flex-row-reverse flex-md-nowrap\">\n        \n            <div class=\"col-md-6 \">\n                <img loading=\"lazy\" decoding=\"async\" width=\"960\" height=\"640\" src=\"https:\/\/penguincoldcaps.com\/wp-content\/uploads\/2023\/02\/cold-capping-treatment.jpg\" class=\"img-fluid\" alt=\"\" srcset=\"https:\/\/penguincoldcaps.com\/wp-content\/uploads\/2023\/02\/cold-capping-treatment.jpg 960w, https:\/\/penguincoldcaps.com\/wp-content\/uploads\/2023\/02\/cold-capping-treatment-300x200.jpg 300w, https:\/\/penguincoldcaps.com\/wp-content\/uploads\/2023\/02\/cold-capping-treatment-768x512.jpg 768w\" sizes=\"auto, (max-width: 960px) 100vw, 960px\" \/> \n            <\/div>            \n            \n            <div class=\"col-md-6 d-flex pt-3 pt-md-0 bg-white \">\n        \n                <article class=\"mw-560 headings-primary\">\n                \n                    <h2>Avant votre arriv\u00e9e<\/h2>\n<p><strong>Refroidir les bonnets <\/strong><\/p>\n<p>Si vous utilisez de la glace s\u00e8che pour refroidir les bonnets, vous devrez les placer \u00e0 l&rsquo;avance dans la glaci\u00e8re Penguin. Votre repr\u00e9sentant Penguin vous dira exactement comment et quand vous devez le faire.<\/p>\n<p>Si vous utilisez les cong\u00e9lateurs biom\u00e9dicaux de la clinique pour refroidir vos bonnets, vous devrez prendre des dispositions pour les apporter au centre 48 heures avant votre s\u00e9ance afin qu&rsquo;ils aient le temps de refroidir.<\/p>\n<p>Si vous avez r\u00e9serv\u00e9 <a href=\"https:\/\/fr.penguincoldcaps.com\/services\/#services\">un ou une professionnelle<\/a>, la personne s&rsquo;en chargera pour vous.<\/p>\n<div class=\"d-flex\">\n            <a\n                class=\"btn btn-outline-primary text-uppercase shadow-lg my-3 mx-auto rounded-pill py-1 px-3\"\n                href=\"https:\/\/penguincoldcaps.com\/fr\/refroidissement-du-cuir-chevelu\/contenu-du-kit\/\"\n            >Contenu du kit<\/a>\n        <\/div>\n                \n                <\/article>\n\n            <\/div>        \n\n        <\/div>\n    \n    <\/div>\n\n<\/section>\n\n\n<section id=\"block_ac57fdf596b9bee37b17239c36094b50\" \n    class=\"py-md-4 py-2\"\n>\n    <article class=\"container mw-612 headings-primary\">\n        <h2>Que faut-il emporter ?<\/h2>\n<p>Vous devez vous assurer d&rsquo;\u00eatre aussi \u00e0 l&rsquo;aise que possible pendant toute la dur\u00e9e du traitement, qui peut durer plusieurs heures.<\/p>\n<p>Voici quelques suggestions sur ce qu&rsquo;il faut emporter :<\/p>\n<ul>\n<li>Une couverture chaude, une \u00e9charpe et des chaussettes<\/li>\n<li>Soulagement des naus\u00e9es, comme l&rsquo;huile essentielle de menthe poivr\u00e9e ou le th\u00e9 au gingembre<\/li>\n<li>Un journal pour \u00e9crire ce que vous ressentez<\/li>\n<li>T\u00e9l\u00e9charger un film ou une s\u00e9rie t\u00e9l\u00e9<\/li>\n<li>Casque pour la musique ou la m\u00e9ditation<\/li>\n<li>Eau, jus et tisanes<\/li>\n<li>Casse-t\u00eate ou recueil de mots crois\u00e9s<\/li>\n<li>En-cas sains<\/li>\n<li>Baume pour les l\u00e8vres et cr\u00e8me hydratante sans parfum, la chimioth\u00e9rapie pouvant dess\u00e9cher la peau.<\/li>\n<\/ul>\n<div class=\"d-flex\">\n            <a\n                class=\"btn btn-outline-primary text-uppercase shadow-lg my-3 mx-auto rounded-pill py-1 px-3\"\n                href=\"https:\/\/penguincoldcaps.com\/fr\/cold-cap-info\/que-faut-il-emporter-lors-de-la-seance-de-chimiotherapie-de-refroidissement\/\"\n            >En savoir plus sur ce qu&rsquo;il faut emporter<\/a>\n        <\/div>\n    <\/article>\n<\/section>\n\n\n<section id=\"block_6410588fde81298daec7f4d7d7518568\" \n    class=\"py-2 py-md-4 bg-light\"\n>\n<div class=\"container\">\n        \n        <div class=\"row\">\n        \n            <div class=\"col-md-3 text-center\">\n                <img loading=\"lazy\" decoding=\"async\" width=\"229\" height=\"74\" src=\"https:\/\/penguincoldcaps.com\/wp-content\/uploads\/2023\/03\/abc-news-logo.png\" class=\"img-fluid shodow-lg rounded-4\" alt=\"\" srcset=\"https:\/\/penguincoldcaps.com\/wp-content\/uploads\/2023\/03\/abc-news-logo.png 229w, https:\/\/penguincoldcaps.com\/wp-content\/uploads\/2023\/03\/abc-news-logo-160x52.png 160w\" sizes=\"auto, (max-width: 229px) 100vw, 229px\" \/>            <\/div>\n            \n            <div class=\"col-md-9 pt-2 pt-md-0 text-center align-self-center text-primary text-uppercase fst-italic\">\n                <p class=\"fs-4 mb-0\"><q>LA TH\u00c9RAPIE PAR BONNETS REFRIGERANTS PEUT AIDER LES FEMMES EN CHIMIOTH\u00c9RAPIE \u00c0 CONSERVER LEURS CHEVEUX<\/q><\/p>\n            <\/div>\n\n        <\/div>\n\n    <\/div>\n\n<\/section>\n\n\n<section id=\"block_4ad8253f7221d4c8f8ef3c76cbfbe0b2\" \n    class=\"py-md-4 py-2\"\n>\n    <article class=\"container mw-612 headings-primary\">\n        <h2>Le jour m\u00eame<\/h2>\n<p>Vous devez commencer \u00e0 porter les bonnets environ 50 \u00e0 60 minutes avant votre premi\u00e8re perfusion de chimioth\u00e9rapie, alors arrivez t\u00f4t et coiffez imm\u00e9diatement le premier bonnet. La clinique vous demandera probablement d&rsquo;arriver \u00e0 l&rsquo;avance pour que l&rsquo;on puisse vous faire des prises de sang, v\u00e9rifier vos signes vitaux et vous administrer d&rsquo;\u00e9ventuels m\u00e9dicaments pr\u00e9ventifs. Le personnel m\u00e9dical est g\u00e9n\u00e9ralement plus qu&rsquo;heureux de vous permettre de vous coiffer des bonnets pendant qu&rsquo;il vous pr\u00e9pare pour votre perfusion. Il faut donc se donner le temps d&rsquo;ajuster le bonnet avant qu&rsquo;ils ne commencent.<\/p>\n<p>En fonction de votre programmation personnelle, vous devrez changer les bonnets toutes les 20 \u00e0 25 minutes pour maintenir la bonne temp\u00e9rature. Si vous disposez d&rsquo;un assistant personnel, il s&rsquo;en chargera pour vous. Si un ami ou un membre de la famille vous aide, vous pouvez organiser une formation avec votre conseiller Penguin afin que votre proche sache ce qu&rsquo;il faut faire le jour J.<\/p>\n<p>Suivez les instructions de votre conseiller Penguin. En plus de veiller \u00e0 ce que les bonnets soient \u00e0 la bonne temp\u00e9rature et bien ajust\u00e9s \u00e0 votre t\u00eate, vous devez vous assurer que vous restez hydrat\u00e9 pendant toute la dur\u00e9e de l&rsquo;op\u00e9ration. Buvez beaucoup de liquide, mais \u00e9vitez les sodas et la caf\u00e9ine.<\/p>\n    <\/article>\n<\/section>\n\n \n\n<section id=\"block_ee1964e2c322fffffa79efb47e2dae81\" \n    class=\"py-2 py-md-4\"\n>\n    <div class=\"container\">\n        <div class=\"row\">\n            \n            <div class=\"col-lg-6 headings-primary\">\n                <div class=\"mw-560 headings-primary\">\n                    <h2>Quel est l&rsquo;effet ressenti ?<\/h2>\n<p>Les premiers bonnets sont tr\u00e8s froids, mais les terminaisons nerveuses de votre cuir chevelu s&rsquo;engourdissent apr\u00e8s les 30 \u00e0 60 premi\u00e8res minutes. Les bonnets deviennent ensuite beaucoup plus supportables. De nombreux patients disent qu&rsquo;ils s&rsquo;attendaient au pire et qu&rsquo;ils ont \u00e9t\u00e9 surpris de constater que l&rsquo;exp\u00e9rience n&rsquo;\u00e9tait pas aussi mauvaise qu&rsquo;ils le craignaient.<\/p>\n<p>Si vous \u00eates inquiet, demandez \u00e0 votre conseiller s&rsquo;il peut vous mettre en contact avec d&rsquo;autres patients afin que vous puissiez leur demander comment ils ont v\u00e9cu cette exp\u00e9rience.<\/p>\n<p>Vous pouvez \u00e9galement lire <a href=\"https:\/\/fr.penguincoldcaps.com\/histoires-dutilisateurs\/\">les t\u00e9moignages de patients<\/a> qui, comme Leila, ont r\u00e9ussi \u00e0 sauver leurs cheveux gr\u00e2ce aux bonnets r\u00e9frig\u00e9rants Penguin.<\/p>\n                <\/div>\n            <\/div>\n            \n            <div class=\"col-lg-6\">\n            \n                <div class=\"card border-0 bg-img my-4\" \n                    style=\"background-image: url('https:\/\/penguincoldcaps.com\/wp-content\/uploads\/2023\/03\/banner-lens-flare-center-e1688478374382.png');\"\n                >\n                    <div class=\"container\">\n                        <div\n                            class=\"row py-3 px-4 align-items-center flex-row-reverse\"\n                        >\n                            <div class=\"col-md-6 text-center\">\n                                <img loading=\"lazy\" decoding=\"async\" width=\"508\" height=\"581\" src=\"https:\/\/penguincoldcaps.com\/wp-content\/uploads\/2023\/02\/example.jpg\" class=\"img-fluid shadow-lg rounded-4&quot;\" alt=\"\" srcset=\"https:\/\/penguincoldcaps.com\/wp-content\/uploads\/2023\/02\/example.jpg 508w, https:\/\/penguincoldcaps.com\/wp-content\/uploads\/2023\/02\/example-262x300.jpg 262w\" sizes=\"auto, (max-width: 508px) 100vw, 508px\" \/> \n                            <\/div>\n                            <div class=\"col-md-6 pt-md-0 pt-5 text-center fst-italic fw-semibold\">\n                                <p class=\"position-relative\">\n                                    <span class=\"fs-2\">&ldquo;<\/span>\n                                    M\u00eame si ce n&rsquo;\u00e9tait pas une sensation agr\u00e9able, c&rsquo;\u00e9tait tout \u00e0 fait faisable et les r\u00e9sultats en valaient la peine. C&rsquo;\u00e9tait aussi une tr\u00e8s bonne distraction, qui m&rsquo;a permis de m&rsquo;occuper pendant la chimioth\u00e9rapie                                    <span class=\"position-absolute end-0 fs-2\">&rdquo;<\/span>\n                                <\/p>\n\n                                                            <\/div>\n                        <\/div>\n                    <\/div>\n                <\/div>\n            <\/div>\n        <\/div>\n    <\/div>\n<\/section>\n\n\n<section id=\"block_e52d59aa9254479f810e3190c1e49947\" \n    class=\"py-2 py-md-4 \n    bg-\">\n    <div class=\"container\">\n        <div class=\"row\">\n            <div class=\"col-12 headings-primary\">\n                <h2>Apr\u00e8s la chimioth\u00e9rapie<\/h2>\n<p>Lorsque votre perfusion de chimio est termin\u00e9e, vous devez continuer \u00e0 vous coiffer de bonnets r\u00e9frig\u00e9r\u00e9s pour donner au corps le temps de diluer et de nettoyer les toxines de la chimio. Si vous enlevez le bonnet trop t\u00f4t, la chimio attaquera les follicules pileux \u00e0 mesure qu&rsquo;ils se r\u00e9chauffent, ce qui entra\u00eenera une nouvelle perte de cheveux.<\/p>\n<p>Veillez \u00e0 boire beaucoup. Vous serez \u00e9tonn\u00e9 de voir \u00e0 quel point vous vous sentirez mieux. Vous aiderez ainsi votre foie \u00e0 \u00e9liminer les toxines de votre organisme le plus rapidement possible.<\/p>\n            <\/div>\n        <\/div>\n    <\/div>\n<\/section>\n\n\n\n\n<section id=\"block_03566f2d2dc2907235b9250008252c54\" \n    class=\"bg-white my-4\"\n>\n\n    <div class=\"container\">\n        <div class=\"row py-2 py-md-4 align-items-center\">\n            \n            <div class=\"col-md-7\">\n                <h3 class=\"fw-semibold mb-0\">Vous n&rsquo;\u00eates toujours pas s\u00fbr ou s\u00fbre ?<\/h3>\n<h3 class=\"text-primary\">Parlez \u00e0 un sp\u00e9cialiste d\u00e8s aujourd&rsquo;hui.<\/h3>\n            <\/div>\n            \n            <div class=\"col-md-5 pt-4 pt-md-0\">\n                <div class=\"row align-items-center\">\n                                            <div class=\"col-md-6\">\n                            <a\n                                href=\"https:\/\/penguincoldcaps.com\/fr\/demande-de-rappel\/\"\n                                target=\"\"\n                                class=\"btn btn-primary \n                                w-100 shadow-lg rounded-pill text-uppercase mt-2 mt-md-0\n                                                                \"\n                            >\n                            Demander une consultation <b>gratuite<\/b>                             <\/a>\n                        <\/div>\n                                            <div class=\"col-md-6\">\n                            <a\n                                href=\"https:\/\/order.penguincoldcaps.com\/shop\"\n                                target=\"\"\n                                class=\"btn btn-secondary \n                                w-100 shadow-lg rounded-pill text-uppercase mt-2 mt-md-0\n                                text-primary                                \"\n                            >\n                            ORDER NOW                            <\/a>\n                        <\/div>\n                                        \n                <\/div>\n            <\/div>\n        <\/div>\n    <\/div>\n<\/section>\n\n\n<section id=\"block_6a9d53e03bdb0037b639d19b248fe508\" \n    class=\"my-md-4 my-2 card border-0 bg-img\"\n    style=\"background-image: url('https:\/\/penguincoldcaps.com\/wp-content\/uploads\/2023\/03\/banner-bg-lens-flare-left.png');\"\n>\n    <div class=\"container\">\n        <div\n            class=\"row py-3 align-items-center \"\n        >\n            <div class=\"col-md-6\">\n                <img loading=\"lazy\" decoding=\"async\" width=\"480\" height=\"352\" src=\"https:\/\/penguincoldcaps.com\/wp-content\/uploads\/2023\/03\/Rachel-double-480x352-1.jpg\" class=\"img-fluid shodow-lg rounded-4\" alt=\"\" srcset=\"https:\/\/penguincoldcaps.com\/wp-content\/uploads\/2023\/03\/Rachel-double-480x352-1.jpg 480w, https:\/\/penguincoldcaps.com\/wp-content\/uploads\/2023\/03\/Rachel-double-480x352-1-300x220.jpg 300w, https:\/\/penguincoldcaps.com\/wp-content\/uploads\/2023\/03\/Rachel-double-480x352-1-160x117.jpg 160w\" sizes=\"auto, (max-width: 480px) 100vw, 480px\" \/>            <\/div>\n            \n            <div class=\"col-md-6 pt-md-0 pt-7 text-center\">\n\n                <h3 class=\"fw-bold\"><em><span class=\"quote-open\">\u00ab\u00a0<\/span>Nous avons pens\u00e9 qu&rsquo;il \u00e9tait tr\u00e8s facile d&rsquo;utiliser les bonnets, et ce gr\u00e2ce \u00e0 l&rsquo;aide et au soutien que nous avons re\u00e7us de notre conseiller. Je n&rsquo;ai perdu qu&rsquo;une infime partie de mes cheveux. C&rsquo;est incroyable !<span class=\"span-closed\">\u00ab\u00a0<\/span><\/em><\/h3>\n\n                <cite>\n                                                <p class=\"fs-5 mb-0\">&#8211; Rachel<\/p>\n                    \n                                                <p class=\"fs-6 mb-0\">Californie<\/p>\n                                           \n                    \n                <\/cite>\n            <\/div>\n        <\/div>\n    <\/div>\n<\/section>\n\n\n<section id=\"block_ea03c2e95c9dfa3287d455524ec7781c\" \n    class=\"bg-white my-4\"\n>\n\n    <div class=\"container\">\n        <div class=\"row py-2 py-md-4 align-items-center\">\n            \n            <div class=\"col-md-7\">\n                <h2>Vous n&rsquo;\u00eates toujours pas s\u00fbr ou s\u00fbre ?<\/h2>\n<h2 class=\"text-primary\">Parlez \u00e0 un sp\u00e9cialiste d\u00e8s aujourd&rsquo;hui<\/h2>\n            <\/div>\n            \n            <div class=\"col-md-5 pt-4 pt-md-0\">\n                <div class=\"row align-items-center\">\n                                            <div class=\"col-md-10 offset-md-1\">\n                            <a\n                                href=\"https:\/\/penguincoldcaps.com\/fr\/demande-de-rappel\/\"\n                                target=\"\"\n                                class=\"btn btn-secondary \n                                w-100 shadow-lg rounded-pill text-uppercase mt-2 mt-md-0\n                                text-primary                                py-2\"\n                            >\n                            Demander une consultation <b>gratuite<\/b>                             <\/a>\n                        <\/div>\n                                        \n                <\/div>\n            <\/div>\n        <\/div>\n    <\/div>\n<\/section>\n","protected":false},"excerpt":{"rendered":"","protected":false},"author":1,"featured_media":0,"parent":0,"menu_order":0,"comment_status":"closed","ping_status":"closed","template":"","meta":{"_acf_changed":true,"inline_featured_image":false,"footnotes":""},"class_list":["post-2488","page","type-page","status-publish","hentry"],"acf":[],"yoast_head":"<!-- This site is optimized with the Yoast SEO plugin v27.3 - https:\/\/yoast.com\/product\/yoast-seo-wordpress\/ -->\n<title>A quoi s&#039;attendre le jour J - Penguin Cold Caps<\/title>\n<meta name=\"robots\" content=\"index, follow, max-snippet:-1, max-image-preview:large, max-video-preview:-1\" \/>\n<link rel=\"canonical\" href=\"https:\/\/penguincoldcaps.com\/fr\/a-quoi-sattendre-le-jour-j\/\" \/>\n<meta property=\"og:locale\" content=\"fr_FR\" \/>\n<meta property=\"og:type\" content=\"article\" \/>\n<meta property=\"og:title\" content=\"A quoi s&#039;attendre le jour J - Penguin Cold Caps\" \/>\n<meta property=\"og:url\" content=\"https:\/\/penguincoldcaps.com\/fr\/a-quoi-sattendre-le-jour-j\/\" \/>\n<meta property=\"og:site_name\" content=\"Penguin Cold Caps\" \/>\n<meta property=\"article:publisher\" content=\"https:\/\/www.facebook.com\/penguincoldcaps\/\" \/>\n<meta property=\"article:modified_time\" content=\"2025-06-16T09:45:47+00:00\" \/>\n<meta name=\"twitter:card\" content=\"summary_large_image\" \/>\n<meta name=\"twitter:site\" content=\"@penguincoldcaps\" \/>\n<script type=\"application\/ld+json\" class=\"yoast-schema-graph\">{\"@context\":\"https:\\\/\\\/schema.org\",\"@graph\":[{\"@type\":\"WebPage\",\"@id\":\"https:\\\/\\\/penguincoldcaps.com\\\/fr\\\/a-quoi-sattendre-le-jour-j\\\/\",\"url\":\"https:\\\/\\\/penguincoldcaps.com\\\/fr\\\/a-quoi-sattendre-le-jour-j\\\/\",\"name\":\"A quoi s'attendre le jour J - Penguin Cold Caps\",\"isPartOf\":{\"@id\":\"https:\\\/\\\/penguincoldcaps.com\\\/fr\\\/#website\"},\"datePublished\":\"2023-03-02T11:22:07+00:00\",\"dateModified\":\"2025-06-16T09:45:47+00:00\",\"breadcrumb\":{\"@id\":\"https:\\\/\\\/penguincoldcaps.com\\\/fr\\\/a-quoi-sattendre-le-jour-j\\\/#breadcrumb\"},\"inLanguage\":\"fr-FR\",\"potentialAction\":[{\"@type\":\"ReadAction\",\"target\":[\"https:\\\/\\\/penguincoldcaps.com\\\/fr\\\/a-quoi-sattendre-le-jour-j\\\/\"]}]},{\"@type\":\"BreadcrumbList\",\"@id\":\"https:\\\/\\\/penguincoldcaps.com\\\/fr\\\/a-quoi-sattendre-le-jour-j\\\/#breadcrumb\",\"itemListElement\":[{\"@type\":\"ListItem\",\"position\":1,\"name\":\"Home\",\"item\":\"https:\\\/\\\/penguincoldcaps.com\\\/fr\\\/\"},{\"@type\":\"ListItem\",\"position\":2,\"name\":\"A quoi s&#8217;attendre le jour J\"}]},{\"@type\":\"WebSite\",\"@id\":\"https:\\\/\\\/penguincoldcaps.com\\\/fr\\\/#website\",\"url\":\"https:\\\/\\\/penguincoldcaps.com\\\/fr\\\/\",\"name\":\"Penguin Cold Caps\",\"description\":\"\",\"publisher\":{\"@id\":\"https:\\\/\\\/penguincoldcaps.com\\\/fr\\\/#organization\"},\"potentialAction\":[{\"@type\":\"SearchAction\",\"target\":{\"@type\":\"EntryPoint\",\"urlTemplate\":\"https:\\\/\\\/penguincoldcaps.com\\\/fr\\\/?s={search_term_string}\"},\"query-input\":{\"@type\":\"PropertyValueSpecification\",\"valueRequired\":true,\"valueName\":\"search_term_string\"}}],\"inLanguage\":\"fr-FR\"},{\"@type\":\"Organization\",\"@id\":\"https:\\\/\\\/penguincoldcaps.com\\\/fr\\\/#organization\",\"name\":\"Penguin Cold Caps\",\"url\":\"https:\\\/\\\/penguincoldcaps.com\\\/fr\\\/\",\"logo\":{\"@type\":\"ImageObject\",\"inLanguage\":\"fr-FR\",\"@id\":\"https:\\\/\\\/penguincoldcaps.com\\\/fr\\\/#\\\/schema\\\/logo\\\/image\\\/\",\"url\":\"https:\\\/\\\/penguincoldcaps.com\\\/wp-content\\\/uploads\\\/2023\\\/08\\\/Penguin-logo-2022-v2-transparent-background-.png\",\"contentUrl\":\"https:\\\/\\\/penguincoldcaps.com\\\/wp-content\\\/uploads\\\/2023\\\/08\\\/Penguin-logo-2022-v2-transparent-background-.png\",\"width\":898,\"height\":174,\"caption\":\"Penguin Cold Caps\"},\"image\":{\"@id\":\"https:\\\/\\\/penguincoldcaps.com\\\/fr\\\/#\\\/schema\\\/logo\\\/image\\\/\"},\"sameAs\":[\"https:\\\/\\\/www.facebook.com\\\/penguincoldcaps\\\/\",\"https:\\\/\\\/x.com\\\/penguincoldcaps\",\"https:\\\/\\\/www.instagram.com\\\/penguincoldcapsglobal\\\/\"]}]}<\/script>\n<!-- \/ Yoast SEO plugin. -->","yoast_head_json":{"title":"A quoi s'attendre le jour J - Penguin Cold Caps","robots":{"index":"index","follow":"follow","max-snippet":"max-snippet:-1","max-image-preview":"max-image-preview:large","max-video-preview":"max-video-preview:-1"},"canonical":"https:\/\/penguincoldcaps.com\/fr\/a-quoi-sattendre-le-jour-j\/","og_locale":"fr_FR","og_type":"article","og_title":"A quoi s'attendre le jour J - Penguin Cold Caps","og_url":"https:\/\/penguincoldcaps.com\/fr\/a-quoi-sattendre-le-jour-j\/","og_site_name":"Penguin Cold Caps","article_publisher":"https:\/\/www.facebook.com\/penguincoldcaps\/","article_modified_time":"2025-06-16T09:45:47+00:00","twitter_card":"summary_large_image","twitter_site":"@penguincoldcaps","schema":{"@context":"https:\/\/schema.org","@graph":[{"@type":"WebPage","@id":"https:\/\/penguincoldcaps.com\/fr\/a-quoi-sattendre-le-jour-j\/","url":"https:\/\/penguincoldcaps.com\/fr\/a-quoi-sattendre-le-jour-j\/","name":"A quoi s'attendre le jour J - Penguin Cold Caps","isPartOf":{"@id":"https:\/\/penguincoldcaps.com\/fr\/#website"},"datePublished":"2023-03-02T11:22:07+00:00","dateModified":"2025-06-16T09:45:47+00:00","breadcrumb":{"@id":"https:\/\/penguincoldcaps.com\/fr\/a-quoi-sattendre-le-jour-j\/#breadcrumb"},"inLanguage":"fr-FR","potentialAction":[{"@type":"ReadAction","target":["https:\/\/penguincoldcaps.com\/fr\/a-quoi-sattendre-le-jour-j\/"]}]},{"@type":"BreadcrumbList","@id":"https:\/\/penguincoldcaps.com\/fr\/a-quoi-sattendre-le-jour-j\/#breadcrumb","itemListElement":[{"@type":"ListItem","position":1,"name":"Home","item":"https:\/\/penguincoldcaps.com\/fr\/"},{"@type":"ListItem","position":2,"name":"A quoi s&#8217;attendre le jour J"}]},{"@type":"WebSite","@id":"https:\/\/penguincoldcaps.com\/fr\/#website","url":"https:\/\/penguincoldcaps.com\/fr\/","name":"Penguin Cold Caps","description":"","publisher":{"@id":"https:\/\/penguincoldcaps.com\/fr\/#organization"},"potentialAction":[{"@type":"SearchAction","target":{"@type":"EntryPoint","urlTemplate":"https:\/\/penguincoldcaps.com\/fr\/?s={search_term_string}"},"query-input":{"@type":"PropertyValueSpecification","valueRequired":true,"valueName":"search_term_string"}}],"inLanguage":"fr-FR"},{"@type":"Organization","@id":"https:\/\/penguincoldcaps.com\/fr\/#organization","name":"Penguin Cold Caps","url":"https:\/\/penguincoldcaps.com\/fr\/","logo":{"@type":"ImageObject","inLanguage":"fr-FR","@id":"https:\/\/penguincoldcaps.com\/fr\/#\/schema\/logo\/image\/","url":"https:\/\/penguincoldcaps.com\/wp-content\/uploads\/2023\/08\/Penguin-logo-2022-v2-transparent-background-.png","contentUrl":"https:\/\/penguincoldcaps.com\/wp-content\/uploads\/2023\/08\/Penguin-logo-2022-v2-transparent-background-.png","width":898,"height":174,"caption":"Penguin Cold Caps"},"image":{"@id":"https:\/\/penguincoldcaps.com\/fr\/#\/schema\/logo\/image\/"},"sameAs":["https:\/\/www.facebook.com\/penguincoldcaps\/","https:\/\/x.com\/penguincoldcaps","https:\/\/www.instagram.com\/penguincoldcapsglobal\/"]}]}},"_links":{"self":[{"href":"https:\/\/penguincoldcaps.com\/fr\/wp-json\/wp\/v2\/pages\/2488","targetHints":{"allow":["GET"]}}],"collection":[{"href":"https:\/\/penguincoldcaps.com\/fr\/wp-json\/wp\/v2\/pages"}],"about":[{"href":"https:\/\/penguincoldcaps.com\/fr\/wp-json\/wp\/v2\/types\/page"}],"author":[{"embeddable":true,"href":"https:\/\/penguincoldcaps.com\/fr\/wp-json\/wp\/v2\/users\/1"}],"replies":[{"embeddable":true,"href":"https:\/\/penguincoldcaps.com\/fr\/wp-json\/wp\/v2\/comments?post=2488"}],"version-history":[{"count":0,"href":"https:\/\/penguincoldcaps.com\/fr\/wp-json\/wp\/v2\/pages\/2488\/revisions"}],"wp:attachment":[{"href":"https:\/\/penguincoldcaps.com\/fr\/wp-json\/wp\/v2\/media?parent=2488"}],"curies":[{"name":"wp","href":"https:\/\/api.w.org\/{rel}","templated":true}]}}