{"id":2495,"date":"2023-02-17T15:40:38","date_gmt":"2023-02-17T15:40:38","guid":{"rendered":"https:\/\/penguincoldcaps.com\/notre-histoire\/"},"modified":"2025-06-17T17:36:08","modified_gmt":"2025-06-17T17:36:08","slug":"notre-histoire","status":"publish","type":"page","link":"https:\/\/penguincoldcaps.com\/fr\/notre-histoire\/","title":{"rendered":"Notre histoire"},"content":{"rendered":"\n<section id=\"block_b922e71eddb25317d523919e8f92fa68\" \n    class=\"py-2 py-md-4\"\n>\n    <div class=\"container\">\n    \n        <div class=\"row m-0\">\n\n            <div class=\"col-md-6\">\n            \n                <article class=\"headings-primary\">\n                \n                    <h1 class=\"mb-4\">L&rsquo;histoire des bonnets r\u00e9frig\u00e9rants Pingouin<\/h1>\n<h2><\/h2>\n<h2>Notre mission<\/h2>\n<p>Notre mission est de mettre \u00e0 disposition une option efficace pour minimiser la perte de cheveux induite par les produits chimiques. Nous esp\u00e9rons ainsi lever les obstacles au traitement des affections sous-jacentes caus\u00e9es par la stigmatisation de la perte de cheveux.<\/p>\n                \n                <\/article>\n\n            <\/div>\n\n            <div class=\"col-md-6\">\n        \n                <article class=\"headings-primary\">\n                \n                    <h2><\/h2>\n<h2><\/h2>\n<p>&nbsp;<\/p>\n<p>&nbsp;<\/p>\n<p>&nbsp;<\/p>\n<h2>Innovation des produits<\/h2>\n<p>Depuis les premiers jours, Frank et l&rsquo;\u00e9quipe d&rsquo;ing\u00e9nieurs de Penguin Cold Caps continuent de tester de nouveaux mat\u00e9riaux et des conceptions innovantes.<\/p>\n<p>Les derniers bonnets r\u00e9frig\u00e9r\u00e9s contiennent un gel Crylon exclusif qui les rend plus mall\u00e9ables et leur permet de rester froides plus longtemps. Il est ainsi plus facile pour les patients et les assistants de maintenir la bonne temp\u00e9rature et de mouler les bonnets aux contours exacts du cuir chevelu, ce qui permet d&rsquo;obtenir des r\u00e9sultats encore meilleurs.<\/p>\n                \n                <\/article>\n\n            <\/div>        \n\n        <\/div>\n    \n    <\/div>\n\n<\/section>\n\n\n<section id=\"block_5cf7212ac874e8ed101ae3df334ec230\" \n    class=\"py-2 py-md-4\"\n>\n    <div class=\"container\">\n    \n        <div class=\"row m-0 justify-content-center flex-row-reverse flex-md-nowrap\">\n        \n            <div class=\"col-md-6 \">\n                <img loading=\"lazy\" decoding=\"async\" width=\"2560\" height=\"1729\" src=\"https:\/\/penguincoldcaps.com\/wp-content\/uploads\/2023\/07\/2022-06-15-Final-1-of-11-scaled.jpg\" class=\"img-fluid\" alt=\"\" srcset=\"https:\/\/penguincoldcaps.com\/wp-content\/uploads\/2023\/07\/2022-06-15-Final-1-of-11-scaled.jpg 2560w, https:\/\/penguincoldcaps.com\/wp-content\/uploads\/2023\/07\/2022-06-15-Final-1-of-11-300x203.jpg 300w, https:\/\/penguincoldcaps.com\/wp-content\/uploads\/2023\/07\/2022-06-15-Final-1-of-11-1024x692.jpg 1024w, https:\/\/penguincoldcaps.com\/wp-content\/uploads\/2023\/07\/2022-06-15-Final-1-of-11-768x519.jpg 768w, https:\/\/penguincoldcaps.com\/wp-content\/uploads\/2023\/07\/2022-06-15-Final-1-of-11-1536x1038.jpg 1536w, https:\/\/penguincoldcaps.com\/wp-content\/uploads\/2023\/07\/2022-06-15-Final-1-of-11-2048x1383.jpg 2048w, https:\/\/penguincoldcaps.com\/wp-content\/uploads\/2023\/07\/2022-06-15-Final-1-of-11-160x108.jpg 160w, https:\/\/penguincoldcaps.com\/wp-content\/uploads\/2023\/07\/2022-06-15-Final-1-of-11-640x432.jpg 640w\" sizes=\"auto, (max-width: 2560px) 100vw, 2560px\" \/> \n            <\/div>            \n            \n            <div class=\"col-md-6 d-flex pt-3 pt-md-0 bg-white \">\n        \n                <article class=\"mw-560 headings-primary\">\n                \n                    <h2>Notre histoire<\/h2>\n<p>En 1996, Frank Fronda, ing\u00e9nieur et homme d&rsquo;affaires, a pris conscience des effets d\u00e9vastateurs de la perte de cheveux caus\u00e9e par les traitements de chimioth\u00e9rapie. Il s&rsquo;est donn\u00e9 pour mission de rechercher et de d\u00e9velopper une solution permettant aux patients atteints de cancer de pr\u00e9server leurs cheveux pendant leur chimioth\u00e9rapie.<\/p>\n<p>Frank a consult\u00e9 certains des meilleurs trichologistes au monde pour comprendre les causes de l&rsquo;alop\u00e9cie chimio-induite. Puis, gr\u00e2ce \u00e0 sa formation d&rsquo;ing\u00e9nieur, il a mis au point une th\u00e9rapie novatrice qui s&rsquo;attaquait \u00e0 la \u00ab\u00a0racine\u00a0\u00bb du probl\u00e8me.<\/p>\n<p>Ses travaux de recherche et de d\u00e9veloppement ont abouti \u00e0 la conception et au lancement de la th\u00e9rapie Penguin Cold Cap.<\/p>\n<p>Les premiers essais men\u00e9s dans des centres de recherche m\u00e9dicale britanniques ont conduit \u00e0 la premi\u00e8re utilisation de la th\u00e9rapie du bonnet r\u00e9frig\u00e9rant Pingouin dans les h\u00f4pitaux londoniens, puis dans tout le Royaume-Uni. Rapidement, des demandes de patients \u00e9trangers sont survenues et Penguin a \u00e9tabli son premier centre de distribution aux \u00c9tats-Unis en 2006.<\/p>\n<p>Les bonnets r\u00e9frig\u00e9rants Penguin sont d\u00e9sormais utilis\u00e9s dans plus de 1 400 h\u00f4pitaux dans 56 pays et ont aid\u00e9 plus de 25 000 patients atteints de cancer \u00e0 sauver leurs cheveux.<\/p>\n                \n                <\/article>\n\n            <\/div>        \n\n        <\/div>\n    \n    <\/div>\n\n<\/section>\n\n\n<section id=\"block_d67a0622223dff26654a2de3a90039f9\" \n    class=\"bg-img py-lg-5 text-center px-5 px-lg-3\n    \"\n    style=\"background-image: url('https:\/\/penguincoldcaps.com\/wp-content\/uploads\/2023\/02\/white-pattern.jpg');\"\n>\n    <div class=\"container\">\n        \n        <div class=\"row justify-content-center py-5\">\n\n                        \n                    <article class=\"col-lg-4 mb-5 mb-lg-0\">\n\n                        <img loading=\"lazy\" decoding=\"async\" width=\"59\" height=\"52\" src=\"https:\/\/penguincoldcaps.com\/wp-content\/uploads\/2023\/02\/pink-diamond.png\" class=\"img-fluid mb-3\" alt=\"\" \/> \n                        \n                                                    <h3 class=\"text-teal-darker fw-normal\">Bonnets r\u00e9frig\u00e9rants Penguin.<\/h3>\n                                                <p>Avec plus de 23 ans de recherche et d\u00e9veloppement<br class=\"d-none d-lg-block\">la th\u00e9rapie par bonnets r\u00e9frig\u00e9rants Penguin \u00e9volue<br class=\"d-none d-lg-block\">constamment en \u00e9coutant le public<br class=\"d-none d-lg-block\">et les professionnels de la sant\u00e9.<\/p>\n\n                    <\/article>\n\n                        \n                    <article class=\"col-lg-4 mb-5 mb-lg-0\">\n\n                        <img loading=\"lazy\" decoding=\"async\" width=\"59\" height=\"52\" src=\"https:\/\/penguincoldcaps.com\/wp-content\/uploads\/2023\/02\/pink-smiley.png\" class=\"img-fluid mb-3\" alt=\"\" \/> \n                        \n                                                    <h3 class=\"text-teal-darker fw-normal\">R\u00e9sultats sup\u00e9rieurs dans la r\u00e9duction de la perte de cheveux.<\/h3>\n                                                <p>Penguin Cold Caps est recommand\u00e9 par<br class=\"d-none d-lg-block\">le projet Rapunzel, de nombreux h\u00f4pitaux<br class=\"d-none d-lg-block\">et des m\u00e9decins dans l&rsquo;ensemble des \u00c9tats-Unis.<\/p>\n\n                    <\/article>\n\n                        \n                    <article class=\"col-lg-4 mb-5 mb-lg-0\">\n\n                        <img loading=\"lazy\" decoding=\"async\" width=\"59\" height=\"52\" src=\"https:\/\/penguincoldcaps.com\/wp-content\/uploads\/2023\/02\/pink-hand-heart.png\" class=\"img-fluid mb-3\" alt=\"\" \/> \n                        \n                                                    <h3 class=\"text-teal-darker fw-normal\">Nous soutenons. Appelez-nous.<\/h3>\n                                                <p>Nombre de nos repr\u00e9sentants ont<br class=\"d-none d-lg-block\">utilis\u00e9 avec succ\u00e8s les bonnets r\u00e9frig\u00e9rants Penguin<br class=\"d-none d-lg-block\">et peuvent donner des conseils sur la base de<br class=\"d-none d-lg-block\">leur exp\u00e9rience personnelle.<\/p>\n\n                    <\/article>\n\n                        \n        <\/div>\n        \n                  \n                        <a\n                            href=\"https:\/\/penguincoldcaps.com\/fr\/demande-de-rappel\/\"\n                            target=\"\"\n                            class=\"btn btn-primary \n                            shadow-lg rounded-pill\n                            text-center text-uppercase me-lg-1 flex-align-center d-block d-lg-inline-block mr-lg-2 px-3 mb-3 mb-lg-0 \n                                                        \"\n                        >\n                            Request a Call-back                        <\/a>\n                    \n                  \n                        <a\n                            href=\"https:\/\/order.penguincoldcaps.com\/shop\"\n                            target=\"\"\n                            class=\"btn btn-primary \n                            shadow-lg rounded-pill\n                            text-center text-uppercase me-lg-1 flex-align-center d-block d-lg-inline-block mr-lg-2 px-3 mb-3 mb-lg-0 \n                                                        \"\n                        >\n                            Order Now                        <\/a>\n                    \n            <\/div>\n    \n<\/section>\n\n\n\n\n\n\n<section id=\"block_cd5143b43be34b023c7864af394377ec\" \n    class=\"my-2 my-md-4 py-4 bg-light-pink text-primary\"\n>\n\n    <div class=\"container\">\n        <div class=\"row\">\n            <div class=\"col-12 text-center align-self-center fw-light headings-mb-0\">\n                <h4>Plusieurs de nos repr\u00e9sentants ont utilis\u00e9 avec succ\u00e8s les bonnets r\u00e9frig\u00e9rants Penguin<br \/>\net peuvent donner des conseils sur la base de leur exp\u00e9rience personnelle et de leur expertise.<\/h4>\n            <\/div>\n        <\/div>\n    <\/div>\n<\/section>","protected":false},"excerpt":{"rendered":"","protected":false},"author":1,"featured_media":0,"parent":0,"menu_order":0,"comment_status":"closed","ping_status":"closed","template":"","meta":{"_acf_changed":true,"inline_featured_image":false,"footnotes":""},"class_list":["post-2495","page","type-page","status-publish","hentry"],"acf":[],"yoast_head":"<!-- This site is optimized with the Yoast SEO plugin v27.4 - https:\/\/yoast.com\/product\/yoast-seo-wordpress\/ -->\n<title>Notre histoire - Penguin Cold Caps<\/title>\n<meta name=\"robots\" content=\"index, follow, max-snippet:-1, max-image-preview:large, max-video-preview:-1\" \/>\n<link rel=\"canonical\" href=\"https:\/\/penguincoldcaps.com\/fr\/notre-histoire\/\" \/>\n<meta property=\"og:locale\" content=\"fr_FR\" \/>\n<meta property=\"og:type\" content=\"article\" \/>\n<meta property=\"og:title\" content=\"Notre histoire - Penguin Cold Caps\" \/>\n<meta property=\"og:url\" content=\"https:\/\/penguincoldcaps.com\/fr\/notre-histoire\/\" \/>\n<meta property=\"og:site_name\" content=\"Penguin Cold Caps\" \/>\n<meta property=\"article:publisher\" content=\"https:\/\/www.facebook.com\/penguincoldcaps\/\" \/>\n<meta property=\"article:modified_time\" content=\"2025-06-17T17:36:08+00:00\" \/>\n<meta name=\"twitter:card\" content=\"summary_large_image\" \/>\n<meta name=\"twitter:site\" content=\"@penguincoldcaps\" \/>\n<script type=\"application\/ld+json\" class=\"yoast-schema-graph\">{\"@context\":\"https:\\\/\\\/schema.org\",\"@graph\":[{\"@type\":\"WebPage\",\"@id\":\"https:\\\/\\\/penguincoldcaps.com\\\/fr\\\/notre-histoire\\\/\",\"url\":\"https:\\\/\\\/penguincoldcaps.com\\\/fr\\\/notre-histoire\\\/\",\"name\":\"Notre histoire - Penguin Cold Caps\",\"isPartOf\":{\"@id\":\"https:\\\/\\\/penguincoldcaps.com\\\/fr\\\/#website\"},\"datePublished\":\"2023-02-17T15:40:38+00:00\",\"dateModified\":\"2025-06-17T17:36:08+00:00\",\"breadcrumb\":{\"@id\":\"https:\\\/\\\/penguincoldcaps.com\\\/fr\\\/notre-histoire\\\/#breadcrumb\"},\"inLanguage\":\"fr-FR\",\"potentialAction\":[{\"@type\":\"ReadAction\",\"target\":[\"https:\\\/\\\/penguincoldcaps.com\\\/fr\\\/notre-histoire\\\/\"]}]},{\"@type\":\"BreadcrumbList\",\"@id\":\"https:\\\/\\\/penguincoldcaps.com\\\/fr\\\/notre-histoire\\\/#breadcrumb\",\"itemListElement\":[{\"@type\":\"ListItem\",\"position\":1,\"name\":\"Home\",\"item\":\"https:\\\/\\\/penguincoldcaps.com\\\/fr\\\/\"},{\"@type\":\"ListItem\",\"position\":2,\"name\":\"Notre histoire\"}]},{\"@type\":\"WebSite\",\"@id\":\"https:\\\/\\\/penguincoldcaps.com\\\/fr\\\/#website\",\"url\":\"https:\\\/\\\/penguincoldcaps.com\\\/fr\\\/\",\"name\":\"Penguin Cold Caps\",\"description\":\"\",\"publisher\":{\"@id\":\"https:\\\/\\\/penguincoldcaps.com\\\/fr\\\/#organization\"},\"potentialAction\":[{\"@type\":\"SearchAction\",\"target\":{\"@type\":\"EntryPoint\",\"urlTemplate\":\"https:\\\/\\\/penguincoldcaps.com\\\/fr\\\/?s={search_term_string}\"},\"query-input\":{\"@type\":\"PropertyValueSpecification\",\"valueRequired\":true,\"valueName\":\"search_term_string\"}}],\"inLanguage\":\"fr-FR\"},{\"@type\":\"Organization\",\"@id\":\"https:\\\/\\\/penguincoldcaps.com\\\/fr\\\/#organization\",\"name\":\"Penguin Cold Caps\",\"url\":\"https:\\\/\\\/penguincoldcaps.com\\\/fr\\\/\",\"logo\":{\"@type\":\"ImageObject\",\"inLanguage\":\"fr-FR\",\"@id\":\"https:\\\/\\\/penguincoldcaps.com\\\/fr\\\/#\\\/schema\\\/logo\\\/image\\\/\",\"url\":\"https:\\\/\\\/penguincoldcaps.com\\\/wp-content\\\/uploads\\\/2023\\\/08\\\/Penguin-logo-2022-v2-transparent-background-.png\",\"contentUrl\":\"https:\\\/\\\/penguincoldcaps.com\\\/wp-content\\\/uploads\\\/2023\\\/08\\\/Penguin-logo-2022-v2-transparent-background-.png\",\"width\":898,\"height\":174,\"caption\":\"Penguin Cold Caps\"},\"image\":{\"@id\":\"https:\\\/\\\/penguincoldcaps.com\\\/fr\\\/#\\\/schema\\\/logo\\\/image\\\/\"},\"sameAs\":[\"https:\\\/\\\/www.facebook.com\\\/penguincoldcaps\\\/\",\"https:\\\/\\\/x.com\\\/penguincoldcaps\",\"https:\\\/\\\/www.instagram.com\\\/penguincoldcapsglobal\\\/\"]}]}<\/script>\n<!-- \/ Yoast SEO plugin. -->","yoast_head_json":{"title":"Notre histoire - Penguin Cold Caps","robots":{"index":"index","follow":"follow","max-snippet":"max-snippet:-1","max-image-preview":"max-image-preview:large","max-video-preview":"max-video-preview:-1"},"canonical":"https:\/\/penguincoldcaps.com\/fr\/notre-histoire\/","og_locale":"fr_FR","og_type":"article","og_title":"Notre histoire - Penguin Cold Caps","og_url":"https:\/\/penguincoldcaps.com\/fr\/notre-histoire\/","og_site_name":"Penguin Cold Caps","article_publisher":"https:\/\/www.facebook.com\/penguincoldcaps\/","article_modified_time":"2025-06-17T17:36:08+00:00","twitter_card":"summary_large_image","twitter_site":"@penguincoldcaps","schema":{"@context":"https:\/\/schema.org","@graph":[{"@type":"WebPage","@id":"https:\/\/penguincoldcaps.com\/fr\/notre-histoire\/","url":"https:\/\/penguincoldcaps.com\/fr\/notre-histoire\/","name":"Notre histoire - Penguin Cold Caps","isPartOf":{"@id":"https:\/\/penguincoldcaps.com\/fr\/#website"},"datePublished":"2023-02-17T15:40:38+00:00","dateModified":"2025-06-17T17:36:08+00:00","breadcrumb":{"@id":"https:\/\/penguincoldcaps.com\/fr\/notre-histoire\/#breadcrumb"},"inLanguage":"fr-FR","potentialAction":[{"@type":"ReadAction","target":["https:\/\/penguincoldcaps.com\/fr\/notre-histoire\/"]}]},{"@type":"BreadcrumbList","@id":"https:\/\/penguincoldcaps.com\/fr\/notre-histoire\/#breadcrumb","itemListElement":[{"@type":"ListItem","position":1,"name":"Home","item":"https:\/\/penguincoldcaps.com\/fr\/"},{"@type":"ListItem","position":2,"name":"Notre histoire"}]},{"@type":"WebSite","@id":"https:\/\/penguincoldcaps.com\/fr\/#website","url":"https:\/\/penguincoldcaps.com\/fr\/","name":"Penguin Cold Caps","description":"","publisher":{"@id":"https:\/\/penguincoldcaps.com\/fr\/#organization"},"potentialAction":[{"@type":"SearchAction","target":{"@type":"EntryPoint","urlTemplate":"https:\/\/penguincoldcaps.com\/fr\/?s={search_term_string}"},"query-input":{"@type":"PropertyValueSpecification","valueRequired":true,"valueName":"search_term_string"}}],"inLanguage":"fr-FR"},{"@type":"Organization","@id":"https:\/\/penguincoldcaps.com\/fr\/#organization","name":"Penguin Cold Caps","url":"https:\/\/penguincoldcaps.com\/fr\/","logo":{"@type":"ImageObject","inLanguage":"fr-FR","@id":"https:\/\/penguincoldcaps.com\/fr\/#\/schema\/logo\/image\/","url":"https:\/\/penguincoldcaps.com\/wp-content\/uploads\/2023\/08\/Penguin-logo-2022-v2-transparent-background-.png","contentUrl":"https:\/\/penguincoldcaps.com\/wp-content\/uploads\/2023\/08\/Penguin-logo-2022-v2-transparent-background-.png","width":898,"height":174,"caption":"Penguin Cold Caps"},"image":{"@id":"https:\/\/penguincoldcaps.com\/fr\/#\/schema\/logo\/image\/"},"sameAs":["https:\/\/www.facebook.com\/penguincoldcaps\/","https:\/\/x.com\/penguincoldcaps","https:\/\/www.instagram.com\/penguincoldcapsglobal\/"]}]}},"_links":{"self":[{"href":"https:\/\/penguincoldcaps.com\/fr\/wp-json\/wp\/v2\/pages\/2495","targetHints":{"allow":["GET"]}}],"collection":[{"href":"https:\/\/penguincoldcaps.com\/fr\/wp-json\/wp\/v2\/pages"}],"about":[{"href":"https:\/\/penguincoldcaps.com\/fr\/wp-json\/wp\/v2\/types\/page"}],"author":[{"embeddable":true,"href":"https:\/\/penguincoldcaps.com\/fr\/wp-json\/wp\/v2\/users\/1"}],"replies":[{"embeddable":true,"href":"https:\/\/penguincoldcaps.com\/fr\/wp-json\/wp\/v2\/comments?post=2495"}],"version-history":[{"count":0,"href":"https:\/\/penguincoldcaps.com\/fr\/wp-json\/wp\/v2\/pages\/2495\/revisions"}],"wp:attachment":[{"href":"https:\/\/penguincoldcaps.com\/fr\/wp-json\/wp\/v2\/media?parent=2495"}],"curies":[{"name":"wp","href":"https:\/\/api.w.org\/{rel}","templated":true}]}}